{"id":49202,"date":"2023-06-06T11:54:51","date_gmt":"2023-06-06T11:54:51","guid":{"rendered":"https:\/\/www.ivh44.si\/Ponudbe\/chess\/?post_type=product&#038;p=49202"},"modified":"2026-03-06T11:36:39","modified_gmt":"2026-03-06T11:36:39","slug":"moji-veliki-predhodniki-3","status":"publish","type":"product","link":"https:\/\/chessgamesemporium.com\/fr\/shop\/sahovske-knjige\/biografije\/moji-veliki-predhodniki-3\/","title":{"rendered":"MOJI VELIKI PREDHODNIKI 3"},"content":{"rendered":"<p>Avtor: Gari Kasparov<br \/>\nLeto izdaje: 2007<br \/>\nJezik: Slovenski<br \/>\n\u0160t. strani: 352<br \/>\nFormat: 24 x 17 cm<br \/>\nPlatnice: trde<\/p>\n<p>Od Petrosjana do Spasskega.<\/p>\n<p>Gari Kimovi\u010d Kasparov \u2013 13. svetovni prvak, eden izmed najve\u010djih \u0161ahistov v zgodovini kraljevske igre. Avtor knjig: \u00bbSiciljanska obrama. Scheweningen\u00ab (1984), \u00bbDva dvoboja\u00ab (1987), \u00bbDvoboj brez konca\u00ab (1989).<\/p>\n<p>Knjige \u00bbMoji veliki predhodniki\u00ab nimajo primerjave v \u0161ahovski literaturi: 13. svetovni \u0161ahovski prvak nam pripoveduje o usodah in delu njegovih dvanajstih predhodnikov in njihovih nasprotnikov.<\/p>\n<p>Knjiga govori o svetovnih \u0161ahovskih prvakih z zaporedno \u0161tevilko devet in deset: Tigranu Petrosjanu in Borisu Spasskemu. Oba sta za \u0161ahovsko zgodovino zelo pomembna, saj je bila prav v \u010dasu njune vladavine sovjetska \u0161ahovska \u0161ola na vrhuncu, \u0161ah na Zahodu pa malodane izbrisan.<\/p>","protected":false},"excerpt":{"rendered":"<p>Avtor: Gari Kasparov Leto izdaje: 2007 Jezik: Slovenski \u0160t. strani: 352 Format: 24 x 17 cm Platnice: trde Od Petrosjana do Spasskega. Gari Kimovi\u010d Kasparov \u2013 13. svetovni prvak, eden izmed najve\u010djih \u0161ahistov v zgodovini kraljevske igre. Avtor knjig: \u00bbSiciljanska obrama. Scheweningen\u00ab (1984), \u00bbDva dvoboja\u00ab (1987), \u00bbDvoboj brez konca\u00ab (1989). Knjige \u00bbMoji veliki predhodniki\u00ab nimajo [&hellip;]<\/p>","protected":false},"featured_media":49227,"comment_status":"closed","ping_status":"closed","template":"","meta":{"_seopress_robots_primary_cat":"none","_seopress_titles_title":"","_seopress_titles_desc":"","_seopress_robots_index":""},"product_brand":[],"product_cat":[610,512],"product_tag":[],"class_list":{"0":"post-49202","1":"product","2":"type-product","3":"status-publish","4":"has-post-thumbnail","6":"product_cat-biografije","7":"product_cat-sahovske-knjige","8":"pa_avtor-gari-kasparov-dimitrij-plisecki","9":"pa_leto-izdaje-986","10":"pa_nivo-knjige-srednji","11":"pa_stran-oboje-nevtralno","12":"pa_tip-knjige-biografije-zgodovina","13":"pa_zalozba-sahohlacnik","15":"entry","16":"has-media","18":"first","19":"instock","20":"taxable","21":"shipping-taxable","22":"purchasable","23":"product-type-simple","24":"has-product-nav","25":"col","26":"span_1_of_4","27":"owp-content-center","28":"item-entry","29":"owp-thumbs-layout-horizontal","30":"owp-btn-normal","31":"owp-tabs-layout-section","32":"has-no-thumbnails"},"wcpa_form_fields":null,"_links":{"self":[{"href":"https:\/\/chessgamesemporium.com\/fr\/wp-json\/wp\/v2\/product\/49202","targetHints":{"allow":["GET"]}}],"collection":[{"href":"https:\/\/chessgamesemporium.com\/fr\/wp-json\/wp\/v2\/product"}],"about":[{"href":"https:\/\/chessgamesemporium.com\/fr\/wp-json\/wp\/v2\/types\/product"}],"replies":[{"embeddable":true,"href":"https:\/\/chessgamesemporium.com\/fr\/wp-json\/wp\/v2\/comments?post=49202"}],"version-history":[{"count":0,"href":"https:\/\/chessgamesemporium.com\/fr\/wp-json\/wp\/v2\/product\/49202\/revisions"}],"wp:featuredmedia":[{"embeddable":true,"href":"https:\/\/chessgamesemporium.com\/fr\/wp-json\/wp\/v2\/media\/49227"}],"wp:attachment":[{"href":"https:\/\/chessgamesemporium.com\/fr\/wp-json\/wp\/v2\/media?parent=49202"}],"wp:term":[{"taxonomy":"product_brand","embeddable":true,"href":"https:\/\/chessgamesemporium.com\/fr\/wp-json\/wp\/v2\/product_brand?post=49202"},{"taxonomy":"product_cat","embeddable":true,"href":"https:\/\/chessgamesemporium.com\/fr\/wp-json\/wp\/v2\/product_cat?post=49202"},{"taxonomy":"product_tag","embeddable":true,"href":"https:\/\/chessgamesemporium.com\/fr\/wp-json\/wp\/v2\/product_tag?post=49202"}],"curies":[{"name":"wp","href":"https:\/\/api.w.org\/{rel}","templated":true}]}}