{"id":49251,"date":"2023-06-08T09:35:34","date_gmt":"2023-06-08T09:35:34","guid":{"rendered":"https:\/\/www.ivh44.si\/Ponudbe\/chess\/?post_type=product&#038;p=49251"},"modified":"2024-03-26T09:18:28","modified_gmt":"2024-03-26T09:18:28","slug":"ocena-pozicije","status":"publish","type":"product","link":"https:\/\/chessgamesemporium.com\/fr\/shop\/vsi-izdelki\/ocena-pozicije\/","title":{"rendered":"OCENA POZICIJE"},"content":{"rendered":"<p>Avtor: A. Lisenko<br \/>\nLeto izdaje: 2005<br \/>\nJezik: Srbski<br \/>\n\u0160t. strani: 87<br \/>\nFormat: 21&#215;14,8 cm<br \/>\nCouverture : souple<\/p>\n<p>Knjiga govori o enem najva\u017enej\u0161ih problemov v \u0161ahovski partiji \u2013 oceni pozicije in o elemetih ocene pozicije iz katerih je sestavljena.<\/p>\n<p>Knjiga je namenjena vsem \u0161ahistom.<\/p>","protected":false},"excerpt":{"rendered":"<p>Avtor: A. Lisenko Leto izdaje: 2005 Jezik: Srbski \u0160t. strani: 87 Format: 21&#215;14,8 cm Platnice: mehke Knjiga govori o enem najva\u017enej\u0161ih problemov v \u0161ahovski partiji \u2013 oceni pozicije in o elemetih ocene pozicije iz katerih je sestavljena. Knjiga je namenjena vsem \u0161ahistom.<\/p>","protected":false},"featured_media":49276,"comment_status":"closed","ping_status":"closed","template":"","meta":{"_seopress_robots_primary_cat":"none","_seopress_titles_title":"","_seopress_titles_desc":"","_seopress_robots_index":""},"product_brand":[],"product_cat":[194],"product_tag":[],"class_list":{"0":"post-49251","1":"product","2":"type-product","3":"status-publish","4":"has-post-thumbnail","6":"product_cat-vsi-izdelki","8":"entry","9":"has-media","11":"first","12":"outofstock","13":"taxable","14":"shipping-taxable","15":"purchasable","16":"product-type-simple","17":"has-product-nav","18":"col","19":"span_1_of_4","20":"owp-content-center","21":"item-entry","22":"owp-thumbs-layout-horizontal","23":"owp-btn-normal","24":"owp-tabs-layout-section","25":"has-no-thumbnails"},"wcpa_form_fields":null,"_links":{"self":[{"href":"https:\/\/chessgamesemporium.com\/fr\/wp-json\/wp\/v2\/product\/49251","targetHints":{"allow":["GET"]}}],"collection":[{"href":"https:\/\/chessgamesemporium.com\/fr\/wp-json\/wp\/v2\/product"}],"about":[{"href":"https:\/\/chessgamesemporium.com\/fr\/wp-json\/wp\/v2\/types\/product"}],"replies":[{"embeddable":true,"href":"https:\/\/chessgamesemporium.com\/fr\/wp-json\/wp\/v2\/comments?post=49251"}],"version-history":[{"count":0,"href":"https:\/\/chessgamesemporium.com\/fr\/wp-json\/wp\/v2\/product\/49251\/revisions"}],"wp:featuredmedia":[{"embeddable":true,"href":"https:\/\/chessgamesemporium.com\/fr\/wp-json\/wp\/v2\/media\/49276"}],"wp:attachment":[{"href":"https:\/\/chessgamesemporium.com\/fr\/wp-json\/wp\/v2\/media?parent=49251"}],"wp:term":[{"taxonomy":"product_brand","embeddable":true,"href":"https:\/\/chessgamesemporium.com\/fr\/wp-json\/wp\/v2\/product_brand?post=49251"},{"taxonomy":"product_cat","embeddable":true,"href":"https:\/\/chessgamesemporium.com\/fr\/wp-json\/wp\/v2\/product_cat?post=49251"},{"taxonomy":"product_tag","embeddable":true,"href":"https:\/\/chessgamesemporium.com\/fr\/wp-json\/wp\/v2\/product_tag?post=49251"}],"curies":[{"name":"wp","href":"https:\/\/api.w.org\/{rel}","templated":true}]}}