{"id":49254,"date":"2023-06-08T09:55:09","date_gmt":"2023-06-08T09:55:09","guid":{"rendered":"https:\/\/www.ivh44.si\/Ponudbe\/chess\/?post_type=product&#038;p=49254"},"modified":"2024-05-28T09:00:07","modified_gmt":"2024-05-28T09:00:07","slug":"poziciona-zrtva","status":"publish","type":"product","link":"https:\/\/chessgamesemporium.com\/fr\/shop\/vsi-izdelki\/poziciona-zrtva\/","title":{"rendered":"POZICIONA \u017dRTVA"},"content":{"rendered":"<p>Avtor: P. Kondratijev<br \/>\nLeto izdaje: 2005<br \/>\nJezik: Srbski<br \/>\n\u0160t. strani: 106<br \/>\nFormat: 21 x 14,8 cm<br \/>\nCouverture : souple<\/p>\n<p>Avtor poisku\u0161a razlo\u017eiti eno najzanimivej\u0161ih \u0161ahovskih tem, to je pozicijska \u017ertev, ki \u0161e do danes ni dovolj razlo\u017eena. Snov je podana na podlagi mnogo primerov iz moderne prakse, kakor tudi \u0161ahovske zgodovine.<\/p>\n<p>Knjiga je namenjena vsem \u0161ahistom.<\/p>","protected":false},"excerpt":{"rendered":"<p>Avtor: P. Kondratijev Leto izdaje: 2005 Jezik: Srbski \u0160t. strani: 106 Format: 21 x 14,8 cm Platnice: mehke Avtor poisku\u0161a razlo\u017eiti eno najzanimivej\u0161ih \u0161ahovskih tem, to je pozicijska \u017ertev, ki \u0161e do danes ni dovolj razlo\u017eena. Snov je podana na podlagi mnogo primerov iz moderne prakse, kakor tudi \u0161ahovske zgodovine. Knjiga je namenjena vsem \u0161ahistom.<\/p>","protected":false},"featured_media":49284,"comment_status":"closed","ping_status":"closed","template":"","meta":{"_seopress_robots_primary_cat":"none","_seopress_titles_title":"","_seopress_titles_desc":"","_seopress_robots_index":""},"product_brand":[],"product_cat":[194],"product_tag":[],"class_list":{"0":"post-49254","1":"product","2":"type-product","3":"status-publish","4":"has-post-thumbnail","6":"product_cat-vsi-izdelki","8":"entry","9":"has-media","11":"first","12":"outofstock","13":"taxable","14":"shipping-taxable","15":"purchasable","16":"product-type-simple","17":"has-product-nav","18":"col","19":"span_1_of_4","20":"owp-content-center","21":"item-entry","22":"owp-thumbs-layout-horizontal","23":"owp-btn-normal","24":"owp-tabs-layout-section","25":"has-no-thumbnails"},"wcpa_form_fields":null,"_links":{"self":[{"href":"https:\/\/chessgamesemporium.com\/fr\/wp-json\/wp\/v2\/product\/49254","targetHints":{"allow":["GET"]}}],"collection":[{"href":"https:\/\/chessgamesemporium.com\/fr\/wp-json\/wp\/v2\/product"}],"about":[{"href":"https:\/\/chessgamesemporium.com\/fr\/wp-json\/wp\/v2\/types\/product"}],"replies":[{"embeddable":true,"href":"https:\/\/chessgamesemporium.com\/fr\/wp-json\/wp\/v2\/comments?post=49254"}],"version-history":[{"count":0,"href":"https:\/\/chessgamesemporium.com\/fr\/wp-json\/wp\/v2\/product\/49254\/revisions"}],"wp:featuredmedia":[{"embeddable":true,"href":"https:\/\/chessgamesemporium.com\/fr\/wp-json\/wp\/v2\/media\/49284"}],"wp:attachment":[{"href":"https:\/\/chessgamesemporium.com\/fr\/wp-json\/wp\/v2\/media?parent=49254"}],"wp:term":[{"taxonomy":"product_brand","embeddable":true,"href":"https:\/\/chessgamesemporium.com\/fr\/wp-json\/wp\/v2\/product_brand?post=49254"},{"taxonomy":"product_cat","embeddable":true,"href":"https:\/\/chessgamesemporium.com\/fr\/wp-json\/wp\/v2\/product_cat?post=49254"},{"taxonomy":"product_tag","embeddable":true,"href":"https:\/\/chessgamesemporium.com\/fr\/wp-json\/wp\/v2\/product_tag?post=49254"}],"curies":[{"name":"wp","href":"https:\/\/api.w.org\/{rel}","templated":true}]}}