{"id":49295,"date":"2023-06-08T11:07:08","date_gmt":"2023-06-08T11:07:08","guid":{"rendered":"https:\/\/www.ivh44.si\/Ponudbe\/chess\/?post_type=product&#038;p=49295"},"modified":"2024-03-26T09:15:11","modified_gmt":"2024-03-26T09:15:11","slug":"napad-na-daminom-krilu","status":"publish","type":"product","link":"https:\/\/chessgamesemporium.com\/fr\/shop\/vsi-izdelki\/napad-na-daminom-krilu\/","title":{"rendered":"NAPAD NA DAMINOM KRILU"},"content":{"rendered":"<p>Avtor: B. \u0160a\u0161in<br \/>\nLeto izdaje: 2005<br \/>\nJezik: Srbski<br \/>\n\u0160t. strani: 87<br \/>\nFormat: 21 x 14,8 cm<br \/>\nCouverture : souple<\/p>\n<p>Avtor v knjigi na popularen na\u010din pi\u0161e o zanimivem strate\u0161kem problemu \u2013 igri na daminem krilu. Na mnogih primerih iz klasike in novej\u0161ih partij so prikazane karakteristike igre na daminem krilu.<\/p>\n<p>Knjiga je namenjena \u0161irokemu krogu bralcev.<\/p>","protected":false},"excerpt":{"rendered":"<p>Avtor: B. \u0160a\u0161in Leto izdaje: 2005 Jezik: Srbski \u0160t. strani: 87 Format: 21 x 14,8 cm Platnice: mehke Avtor v knjigi na popularen na\u010din pi\u0161e o zanimivem strate\u0161kem problemu \u2013 igri na daminem krilu. Na mnogih primerih iz klasike in novej\u0161ih partij so prikazane karakteristike igre na daminem krilu. Knjiga je namenjena \u0161irokemu krogu bralcev.<\/p>","protected":false},"featured_media":49318,"comment_status":"closed","ping_status":"closed","template":"","meta":{"_seopress_robots_primary_cat":"none","_seopress_titles_title":"","_seopress_titles_desc":"","_seopress_robots_index":""},"product_brand":[],"product_cat":[194],"product_tag":[],"class_list":{"0":"post-49295","1":"product","2":"type-product","3":"status-publish","4":"has-post-thumbnail","6":"product_cat-vsi-izdelki","8":"entry","9":"has-media","11":"first","12":"outofstock","13":"taxable","14":"shipping-taxable","15":"purchasable","16":"product-type-simple","17":"has-product-nav","18":"col","19":"span_1_of_4","20":"owp-content-center","21":"item-entry","22":"owp-thumbs-layout-horizontal","23":"owp-btn-normal","24":"owp-tabs-layout-section","25":"has-no-thumbnails"},"wcpa_form_fields":null,"_links":{"self":[{"href":"https:\/\/chessgamesemporium.com\/fr\/wp-json\/wp\/v2\/product\/49295","targetHints":{"allow":["GET"]}}],"collection":[{"href":"https:\/\/chessgamesemporium.com\/fr\/wp-json\/wp\/v2\/product"}],"about":[{"href":"https:\/\/chessgamesemporium.com\/fr\/wp-json\/wp\/v2\/types\/product"}],"replies":[{"embeddable":true,"href":"https:\/\/chessgamesemporium.com\/fr\/wp-json\/wp\/v2\/comments?post=49295"}],"version-history":[{"count":0,"href":"https:\/\/chessgamesemporium.com\/fr\/wp-json\/wp\/v2\/product\/49295\/revisions"}],"wp:featuredmedia":[{"embeddable":true,"href":"https:\/\/chessgamesemporium.com\/fr\/wp-json\/wp\/v2\/media\/49318"}],"wp:attachment":[{"href":"https:\/\/chessgamesemporium.com\/fr\/wp-json\/wp\/v2\/media?parent=49295"}],"wp:term":[{"taxonomy":"product_brand","embeddable":true,"href":"https:\/\/chessgamesemporium.com\/fr\/wp-json\/wp\/v2\/product_brand?post=49295"},{"taxonomy":"product_cat","embeddable":true,"href":"https:\/\/chessgamesemporium.com\/fr\/wp-json\/wp\/v2\/product_cat?post=49295"},{"taxonomy":"product_tag","embeddable":true,"href":"https:\/\/chessgamesemporium.com\/fr\/wp-json\/wp\/v2\/product_tag?post=49295"}],"curies":[{"name":"wp","href":"https:\/\/api.w.org\/{rel}","templated":true}]}}