{"id":49297,"date":"2023-06-08T11:10:43","date_gmt":"2023-06-08T11:10:43","guid":{"rendered":"https:\/\/www.ivh44.si\/Ponudbe\/chess\/?post_type=product&#038;p=49297"},"modified":"2024-05-28T08:59:24","modified_gmt":"2024-05-28T08:59:24","slug":"sah-kao-nauka-stvaral-i-majstorstvo","status":"publish","type":"product","link":"https:\/\/chessgamesemporium.com\/fr\/shop\/vsi-izdelki\/sah-kao-nauka-stvaral-i-majstorstvo\/","title":{"rendered":"\u0160ah kao nauka, stvaral. i majstorstvo"},"content":{"rendered":"<p>Avtor: B. Zlotnik<br \/>\nLeto izdaje: 2005<br \/>\nJezik: Srbski<br \/>\n\u0160t. strani: 93<br \/>\nFormat: 21 x 14,8 cm<br \/>\nCouverture : souple<\/p>\n<p>Knjiga je nastala na osnovi lekcij, ki jih je avtor B.A. Zlotnik dolga leta predaval na katedri za \u0161ah v Moskvi.<\/p>\n<p>Namenjena je mo\u010dnej\u0161im \u0161ahistom in \u0161e posebej \u0161ahovskim trenerjem.<\/p>","protected":false},"excerpt":{"rendered":"<p>Avtor: B. Zlotnik Leto izdaje: 2005 Jezik: Srbski \u0160t. strani: 93 Format: 21 x 14,8 cm Platnice: mehke Knjiga je nastala na osnovi lekcij, ki jih je avtor B.A. Zlotnik dolga leta predaval na katedri za \u0161ah v Moskvi. Namenjena je mo\u010dnej\u0161im \u0161ahistom in \u0161e posebej \u0161ahovskim trenerjem.<\/p>","protected":false},"featured_media":49322,"comment_status":"closed","ping_status":"closed","template":"","meta":{"_seopress_robots_primary_cat":"none","_seopress_titles_title":"","_seopress_titles_desc":"","_seopress_robots_index":""},"product_brand":[],"product_cat":[194],"product_tag":[],"class_list":{"0":"post-49297","1":"product","2":"type-product","3":"status-publish","4":"has-post-thumbnail","6":"product_cat-vsi-izdelki","8":"entry","9":"has-media","11":"first","12":"outofstock","13":"taxable","14":"shipping-taxable","15":"purchasable","16":"product-type-simple","17":"has-product-nav","18":"col","19":"span_1_of_4","20":"owp-content-center","21":"item-entry","22":"owp-thumbs-layout-horizontal","23":"owp-btn-normal","24":"owp-tabs-layout-section","25":"has-no-thumbnails"},"wcpa_form_fields":null,"_links":{"self":[{"href":"https:\/\/chessgamesemporium.com\/fr\/wp-json\/wp\/v2\/product\/49297","targetHints":{"allow":["GET"]}}],"collection":[{"href":"https:\/\/chessgamesemporium.com\/fr\/wp-json\/wp\/v2\/product"}],"about":[{"href":"https:\/\/chessgamesemporium.com\/fr\/wp-json\/wp\/v2\/types\/product"}],"replies":[{"embeddable":true,"href":"https:\/\/chessgamesemporium.com\/fr\/wp-json\/wp\/v2\/comments?post=49297"}],"version-history":[{"count":0,"href":"https:\/\/chessgamesemporium.com\/fr\/wp-json\/wp\/v2\/product\/49297\/revisions"}],"wp:featuredmedia":[{"embeddable":true,"href":"https:\/\/chessgamesemporium.com\/fr\/wp-json\/wp\/v2\/media\/49322"}],"wp:attachment":[{"href":"https:\/\/chessgamesemporium.com\/fr\/wp-json\/wp\/v2\/media?parent=49297"}],"wp:term":[{"taxonomy":"product_brand","embeddable":true,"href":"https:\/\/chessgamesemporium.com\/fr\/wp-json\/wp\/v2\/product_brand?post=49297"},{"taxonomy":"product_cat","embeddable":true,"href":"https:\/\/chessgamesemporium.com\/fr\/wp-json\/wp\/v2\/product_cat?post=49297"},{"taxonomy":"product_tag","embeddable":true,"href":"https:\/\/chessgamesemporium.com\/fr\/wp-json\/wp\/v2\/product_tag?post=49297"}],"curies":[{"name":"wp","href":"https:\/\/api.w.org\/{rel}","templated":true}]}}