{"id":49334,"date":"2023-06-08T11:22:42","date_gmt":"2023-06-08T11:22:42","guid":{"rendered":"https:\/\/www.ivh44.si\/Ponudbe\/chess\/?post_type=product&#038;p=49334"},"modified":"2024-03-26T09:09:22","modified_gmt":"2024-03-26T09:09:22","slug":"tipske-pozicije-sredisnjice","status":"publish","type":"product","link":"https:\/\/chessgamesemporium.com\/fr\/shop\/vsi-izdelki\/tipske-pozicije-sredisnjice\/","title":{"rendered":"TIPSKE POZICIJE SREDI\u0160NJICE"},"content":{"rendered":"<p>Avtor: B. Zlotnik<br \/>\nLeto izdaje: 2005<br \/>\nJezik: Srbski<br \/>\n\u0160t. strani: 148<br \/>\nFormat: 21 x 14,8 cm<br \/>\nCouverture : souple<\/p>\n<p>Knjiga je rezultat dolgoletnega dela vodje \u0161ahovske katedre Dr\u017eavnega centralnega in\u0161tituta za \u0161port v Moskvi B.A. Zlotnika. Namenjena je enemu najpomembnej\u0161ih vpra\u0161anj izpopolnjevanja \u0161ahista \u2013 prou\u010devanju tipskih pozicij v sredi\u0161nici. To vpra\u0161anje je prvi\u010d iz\u010drpno razdelano ravno v tej knjigi.<\/p>\n<p>Knjiga je namenjena za kvalificirane in visokokvalificirane \u0161ahiste.<\/p>","protected":false},"excerpt":{"rendered":"<p>Avtor: B. Zlotnik Leto izdaje: 2005 Jezik: Srbski \u0160t. strani: 148 Format: 21 x 14,8 cm Platnice: mehke Knjiga je rezultat dolgoletnega dela vodje \u0161ahovske katedre Dr\u017eavnega centralnega in\u0161tituta za \u0161port v Moskvi B.A. Zlotnika. Namenjena je enemu najpomembnej\u0161ih vpra\u0161anj izpopolnjevanja \u0161ahista \u2013 prou\u010devanju tipskih pozicij v sredi\u0161nici. To vpra\u0161anje je prvi\u010d iz\u010drpno razdelano ravno [&hellip;]<\/p>","protected":false},"featured_media":49350,"comment_status":"closed","ping_status":"closed","template":"","meta":{"_seopress_robots_primary_cat":"none","_seopress_titles_title":"","_seopress_titles_desc":"","_seopress_robots_index":""},"product_brand":[],"product_cat":[194],"product_tag":[],"class_list":{"0":"post-49334","1":"product","2":"type-product","3":"status-publish","4":"has-post-thumbnail","6":"product_cat-vsi-izdelki","8":"entry","9":"has-media","11":"first","12":"instock","13":"taxable","14":"shipping-taxable","15":"purchasable","16":"product-type-simple","17":"has-product-nav","18":"col","19":"span_1_of_4","20":"owp-content-center","21":"item-entry","22":"owp-thumbs-layout-horizontal","23":"owp-btn-normal","24":"owp-tabs-layout-section","25":"has-no-thumbnails"},"wcpa_form_fields":null,"_links":{"self":[{"href":"https:\/\/chessgamesemporium.com\/fr\/wp-json\/wp\/v2\/product\/49334","targetHints":{"allow":["GET"]}}],"collection":[{"href":"https:\/\/chessgamesemporium.com\/fr\/wp-json\/wp\/v2\/product"}],"about":[{"href":"https:\/\/chessgamesemporium.com\/fr\/wp-json\/wp\/v2\/types\/product"}],"replies":[{"embeddable":true,"href":"https:\/\/chessgamesemporium.com\/fr\/wp-json\/wp\/v2\/comments?post=49334"}],"version-history":[{"count":0,"href":"https:\/\/chessgamesemporium.com\/fr\/wp-json\/wp\/v2\/product\/49334\/revisions"}],"wp:featuredmedia":[{"embeddable":true,"href":"https:\/\/chessgamesemporium.com\/fr\/wp-json\/wp\/v2\/media\/49350"}],"wp:attachment":[{"href":"https:\/\/chessgamesemporium.com\/fr\/wp-json\/wp\/v2\/media?parent=49334"}],"wp:term":[{"taxonomy":"product_brand","embeddable":true,"href":"https:\/\/chessgamesemporium.com\/fr\/wp-json\/wp\/v2\/product_brand?post=49334"},{"taxonomy":"product_cat","embeddable":true,"href":"https:\/\/chessgamesemporium.com\/fr\/wp-json\/wp\/v2\/product_cat?post=49334"},{"taxonomy":"product_tag","embeddable":true,"href":"https:\/\/chessgamesemporium.com\/fr\/wp-json\/wp\/v2\/product_tag?post=49334"}],"curies":[{"name":"wp","href":"https:\/\/api.w.org\/{rel}","templated":true}]}}