{"id":49359,"date":"2023-06-08T11:41:42","date_gmt":"2023-06-08T11:41:42","guid":{"rendered":"https:\/\/www.ivh44.si\/Ponudbe\/chess\/?post_type=product&#038;p=49359"},"modified":"2024-03-26T09:06:05","modified_gmt":"2024-03-26T09:06:05","slug":"prelaz-u-zavrsnicu","status":"publish","type":"product","link":"https:\/\/chessgamesemporium.com\/fr\/shop\/vsi-izdelki\/prelaz-u-zavrsnicu\/","title":{"rendered":"PRELAZ U ZAVR\u0160NICU"},"content":{"rendered":"<p>Avtor: J. RAzuvajev, G. Nesis<br \/>\nLeto izdaje: 2005<br \/>\nJezik: Srbski<br \/>\n\u0160t. strani: 86<br \/>\nFormat: 21 x 14,8 cm<br \/>\nCouverture : souple<\/p>\n<p>Knjiga mednarodnega mojstra J. Razuvajeva in mojstra G. Nesisa je namenjena prehodu iz srednje igre v kon\u010dnico. Ta tema predstavlja velik prakti\u010den interes, ker se celo \u0161ahisti kategorniki izogibajo tako mo\u010dnemu oro\u017eju kot je menjava in se neupravi\u010deno izogibajo kon\u010dnici.<\/p>\n<p>Knjiga je namenjena \u0161ahistom ni\u017ejih kategorij, lahko jo uporabljajo tudi ostali.<\/p>","protected":false},"excerpt":{"rendered":"<p>Avtor: J. RAzuvajev, G. Nesis Leto izdaje: 2005 Jezik: Srbski \u0160t. strani: 86 Format: 21 x 14,8 cm Platnice: mehke Knjiga mednarodnega mojstra J. Razuvajeva in mojstra G. Nesisa je namenjena prehodu iz srednje igre v kon\u010dnico. Ta tema predstavlja velik prakti\u010den interes, ker se celo \u0161ahisti kategorniki izogibajo tako mo\u010dnemu oro\u017eju kot je menjava [&hellip;]<\/p>","protected":false},"featured_media":49379,"comment_status":"closed","ping_status":"closed","template":"","meta":{"_seopress_robots_primary_cat":"none","_seopress_titles_title":"","_seopress_titles_desc":"","_seopress_robots_index":""},"product_brand":[],"product_cat":[194],"product_tag":[],"class_list":{"0":"post-49359","1":"product","2":"type-product","3":"status-publish","4":"has-post-thumbnail","6":"product_cat-vsi-izdelki","8":"entry","9":"has-media","11":"first","12":"instock","13":"taxable","14":"shipping-taxable","15":"purchasable","16":"product-type-simple","17":"has-product-nav","18":"col","19":"span_1_of_4","20":"owp-content-center","21":"item-entry","22":"owp-thumbs-layout-horizontal","23":"owp-btn-normal","24":"owp-tabs-layout-section","25":"has-no-thumbnails"},"wcpa_form_fields":null,"_links":{"self":[{"href":"https:\/\/chessgamesemporium.com\/fr\/wp-json\/wp\/v2\/product\/49359","targetHints":{"allow":["GET"]}}],"collection":[{"href":"https:\/\/chessgamesemporium.com\/fr\/wp-json\/wp\/v2\/product"}],"about":[{"href":"https:\/\/chessgamesemporium.com\/fr\/wp-json\/wp\/v2\/types\/product"}],"replies":[{"embeddable":true,"href":"https:\/\/chessgamesemporium.com\/fr\/wp-json\/wp\/v2\/comments?post=49359"}],"version-history":[{"count":0,"href":"https:\/\/chessgamesemporium.com\/fr\/wp-json\/wp\/v2\/product\/49359\/revisions"}],"wp:featuredmedia":[{"embeddable":true,"href":"https:\/\/chessgamesemporium.com\/fr\/wp-json\/wp\/v2\/media\/49379"}],"wp:attachment":[{"href":"https:\/\/chessgamesemporium.com\/fr\/wp-json\/wp\/v2\/media?parent=49359"}],"wp:term":[{"taxonomy":"product_brand","embeddable":true,"href":"https:\/\/chessgamesemporium.com\/fr\/wp-json\/wp\/v2\/product_brand?post=49359"},{"taxonomy":"product_cat","embeddable":true,"href":"https:\/\/chessgamesemporium.com\/fr\/wp-json\/wp\/v2\/product_cat?post=49359"},{"taxonomy":"product_tag","embeddable":true,"href":"https:\/\/chessgamesemporium.com\/fr\/wp-json\/wp\/v2\/product_tag?post=49359"}],"curies":[{"name":"wp","href":"https:\/\/api.w.org\/{rel}","templated":true}]}}