{"id":49360,"date":"2023-06-08T11:43:10","date_gmt":"2023-06-08T11:43:10","guid":{"rendered":"https:\/\/www.ivh44.si\/Ponudbe\/chess\/?post_type=product&#038;p=49360"},"modified":"2024-05-28T08:58:25","modified_gmt":"2024-05-28T08:58:25","slug":"princip-ogranicenja","status":"publish","type":"product","link":"https:\/\/chessgamesemporium.com\/fr\/shop\/vsi-izdelki\/princip-ogranicenja\/","title":{"rendered":"PRINCIP OGRANI\u010cENJA"},"content":{"rendered":"<p>Avtor: A. Macukevi\u010d<br \/>\nLeto izdaje: 2005<br \/>\nJezik: Srbski<br \/>\n\u0160t. strani: 107<br \/>\nFormat: 21 x 14,8 cm<br \/>\nCouverture : souple<\/p>\n<p>Knjiga \u0161ahovskega mojstra in novinarja A. Macukevi\u010da je namenjena pravilom, ki so nastala kot posledica \u0161ahovske prakse. Avtor raziskuje in odkriva na\u010dine ter metode omejevanja gibljivosti razli\u010dnih figur \u2013 od lahkih do te\u017ekih in na koncu samega kralja. Princip omejevanja je prikazan s celimi partijami ali samo z odseki partij najbolj\u0161ih \u0161ahistov na svetu. Dodane so \u0161e naloge za re\u0161evanje.<\/p>","protected":false},"excerpt":{"rendered":"<p>Avtor: A. Macukevi\u010d Leto izdaje: 2005 Jezik: Srbski \u0160t. strani: 107 Format: 21 x 14,8 cm Platnice: mehke Knjiga \u0161ahovskega mojstra in novinarja A. Macukevi\u010da je namenjena pravilom, ki so nastala kot posledica \u0161ahovske prakse. Avtor raziskuje in odkriva na\u010dine ter metode omejevanja gibljivosti razli\u010dnih figur \u2013 od lahkih do te\u017ekih in na koncu samega [&hellip;]<\/p>","protected":false},"featured_media":49381,"comment_status":"closed","ping_status":"closed","template":"","meta":{"_seopress_robots_primary_cat":"none","_seopress_titles_title":"","_seopress_titles_desc":"","_seopress_robots_index":""},"product_brand":[],"product_cat":[194],"product_tag":[],"class_list":{"0":"post-49360","1":"product","2":"type-product","3":"status-publish","4":"has-post-thumbnail","6":"product_cat-vsi-izdelki","8":"entry","9":"has-media","11":"first","12":"outofstock","13":"taxable","14":"shipping-taxable","15":"purchasable","16":"product-type-simple","17":"has-product-nav","18":"col","19":"span_1_of_4","20":"owp-content-center","21":"item-entry","22":"owp-thumbs-layout-horizontal","23":"owp-btn-normal","24":"owp-tabs-layout-section","25":"has-no-thumbnails"},"wcpa_form_fields":null,"_links":{"self":[{"href":"https:\/\/chessgamesemporium.com\/fr\/wp-json\/wp\/v2\/product\/49360","targetHints":{"allow":["GET"]}}],"collection":[{"href":"https:\/\/chessgamesemporium.com\/fr\/wp-json\/wp\/v2\/product"}],"about":[{"href":"https:\/\/chessgamesemporium.com\/fr\/wp-json\/wp\/v2\/types\/product"}],"replies":[{"embeddable":true,"href":"https:\/\/chessgamesemporium.com\/fr\/wp-json\/wp\/v2\/comments?post=49360"}],"version-history":[{"count":0,"href":"https:\/\/chessgamesemporium.com\/fr\/wp-json\/wp\/v2\/product\/49360\/revisions"}],"wp:featuredmedia":[{"embeddable":true,"href":"https:\/\/chessgamesemporium.com\/fr\/wp-json\/wp\/v2\/media\/49381"}],"wp:attachment":[{"href":"https:\/\/chessgamesemporium.com\/fr\/wp-json\/wp\/v2\/media?parent=49360"}],"wp:term":[{"taxonomy":"product_brand","embeddable":true,"href":"https:\/\/chessgamesemporium.com\/fr\/wp-json\/wp\/v2\/product_brand?post=49360"},{"taxonomy":"product_cat","embeddable":true,"href":"https:\/\/chessgamesemporium.com\/fr\/wp-json\/wp\/v2\/product_cat?post=49360"},{"taxonomy":"product_tag","embeddable":true,"href":"https:\/\/chessgamesemporium.com\/fr\/wp-json\/wp\/v2\/product_tag?post=49360"}],"curies":[{"name":"wp","href":"https:\/\/api.w.org\/{rel}","templated":true}]}}