{"id":49361,"date":"2023-06-08T11:45:28","date_gmt":"2023-06-08T11:45:28","guid":{"rendered":"https:\/\/www.ivh44.si\/Ponudbe\/chess\/?post_type=product&#038;p=49361"},"modified":"2024-03-26T09:03:42","modified_gmt":"2024-03-26T09:03:42","slug":"cudesni-svet-kombinacija","status":"publish","type":"product","link":"https:\/\/chessgamesemporium.com\/fr\/shop\/vsi-izdelki\/cudesni-svet-kombinacija\/","title":{"rendered":"\u010cUDESNI SVET KOMBINACIJA"},"content":{"rendered":"<p>Avtor: A. Koblenc<br \/>\nLeto izdaje: 2005<br \/>\nJezik: Srbski<br \/>\n\u0160t. strani: 101<br \/>\nFormat: 21 x 14,8 cm<br \/>\nCouverture : souple<\/p>\n<p>Avtor knjige je trener biv\u0161e SSSR, u\u010ditelj biv\u0161ega svetovnega prvaka Mihaila Talja v knjigi govori o \u0161ahovski kombinaciji, kako nastane in iz katerih elementov je sestavljena. Cilj knjige ni samo spoznati \u0161ahista za\u010detnika z osnovami kombinatorne igre, ampak ga predvsem u\u010di ceniti lepoto v \u0161ahu.<\/p>","protected":false},"excerpt":{"rendered":"<p>Avtor: A. Koblenc Leto izdaje: 2005 Jezik: Srbski \u0160t. strani: 101 Format: 21 x 14,8 cm Platnice: mehke Avtor knjige je trener biv\u0161e SSSR, u\u010ditelj biv\u0161ega svetovnega prvaka Mihaila Talja v knjigi govori o \u0161ahovski kombinaciji, kako nastane in iz katerih elementov je sestavljena. Cilj knjige ni samo spoznati \u0161ahista za\u010detnika z osnovami kombinatorne igre, [&hellip;]<\/p>","protected":false},"featured_media":49383,"comment_status":"closed","ping_status":"closed","template":"","meta":{"_seopress_robots_primary_cat":"none","_seopress_titles_title":"","_seopress_titles_desc":"","_seopress_robots_index":""},"product_brand":[],"product_cat":[194],"product_tag":[],"class_list":{"0":"post-49361","1":"product","2":"type-product","3":"status-publish","4":"has-post-thumbnail","6":"product_cat-vsi-izdelki","8":"entry","9":"has-media","11":"first","12":"instock","13":"taxable","14":"shipping-taxable","15":"purchasable","16":"product-type-simple","17":"has-product-nav","18":"col","19":"span_1_of_4","20":"owp-content-center","21":"item-entry","22":"owp-thumbs-layout-horizontal","23":"owp-btn-normal","24":"owp-tabs-layout-section","25":"has-no-thumbnails"},"wcpa_form_fields":null,"_links":{"self":[{"href":"https:\/\/chessgamesemporium.com\/fr\/wp-json\/wp\/v2\/product\/49361","targetHints":{"allow":["GET"]}}],"collection":[{"href":"https:\/\/chessgamesemporium.com\/fr\/wp-json\/wp\/v2\/product"}],"about":[{"href":"https:\/\/chessgamesemporium.com\/fr\/wp-json\/wp\/v2\/types\/product"}],"replies":[{"embeddable":true,"href":"https:\/\/chessgamesemporium.com\/fr\/wp-json\/wp\/v2\/comments?post=49361"}],"version-history":[{"count":0,"href":"https:\/\/chessgamesemporium.com\/fr\/wp-json\/wp\/v2\/product\/49361\/revisions"}],"wp:featuredmedia":[{"embeddable":true,"href":"https:\/\/chessgamesemporium.com\/fr\/wp-json\/wp\/v2\/media\/49383"}],"wp:attachment":[{"href":"https:\/\/chessgamesemporium.com\/fr\/wp-json\/wp\/v2\/media?parent=49361"}],"wp:term":[{"taxonomy":"product_brand","embeddable":true,"href":"https:\/\/chessgamesemporium.com\/fr\/wp-json\/wp\/v2\/product_brand?post=49361"},{"taxonomy":"product_cat","embeddable":true,"href":"https:\/\/chessgamesemporium.com\/fr\/wp-json\/wp\/v2\/product_cat?post=49361"},{"taxonomy":"product_tag","embeddable":true,"href":"https:\/\/chessgamesemporium.com\/fr\/wp-json\/wp\/v2\/product_tag?post=49361"}],"curies":[{"name":"wp","href":"https:\/\/api.w.org\/{rel}","templated":true}]}}