{"id":49428,"date":"2023-06-21T10:20:42","date_gmt":"2023-06-21T10:20:42","guid":{"rendered":"https:\/\/www.ivh44.si\/Ponudbe\/chess\/?post_type=product&#038;p=49428"},"modified":"2026-03-20T10:41:28","modified_gmt":"2026-03-20T10:41:28","slug":"think-like-a-super-gm","status":"publish","type":"product","link":"https:\/\/chessgamesemporium.com\/fr\/shop\/livres-echecs\/strategie-et-tactique\/think-like-a-super-gm\/","title":{"rendered":"Think Like a Super-GM"},"content":{"rendered":"<p>Avtor: Michael Adams, Philip Hurtado<br \/>\nLeto izdaje: 2022<br \/>\nLangue : Anglais<br \/>\n\u0160t. strani: 464<br \/>\nDimensiones: 24 x 17 cm<br \/>\nCouverture : souple<\/p>\n<p>Think Like a Super-GM je edinstveno sodelovanje, ki zdru\u017euje \u0161ahovske vpoglede elitnega velemojstra z znanstveno raziskavo razmi\u0161ljanja za \u0161ahovsko desko.<\/p>\n<p>40 \u0161ahovskih ugank je bilo prikazanih skupini igralcev, od ob\u010dasnih klubskih igralcev do Super-GM in soavtorja Michaela Adamsa. Raziskovalec Philip Hurtado ni zabele\u017eil le izbranih potez, ampak tudi podrobne miselne procese vsakega igralca, da bi osvetlil skrivnost, kaj natan\u010dno opredeljuje vrhunsko \u0161ahovsko mo\u010d.<\/p>\n<p>Ta knjiga ponuja edinstveno prilo\u017enost za bralce, da ne le re\u0161ijo uganke, ampak tudi primerjajo svoje mi\u0161ljenje z razmi\u0161ljanjem klubskih igralcev, mo\u010dnih amaterjev, IM, GM in samega Michaela Adamsa. Z dodatnim razdelkom Bonus Puzzle in fascinantnim eksperimentom Eyetracker, ki prikazuje, kam so razli\u010dni igralci usmerili svojo pozornost na desko, je to knjiga za izbolj\u0161anje \u0161aha kot nobena druga.<\/p>\n<p>GM Michael Adams je finalist svetovnega prvenstva in dolgoletni britanski \u0161tevilka ena, z najvi\u0161jo uvrstitvijo na 4. mestu na svetu.<\/p>\n<p>Philip Hurtado je in\u017eenir, fizik, statistik in strasten amaterski igralec \u0161aha.<\/p>","protected":false},"excerpt":{"rendered":"<p><a href=\"https:\/\/chessgamesemporium.com\/wp-content\/uploads\/2023\/06\/ThinkLikeaSuper-GM-excerpt.pdf\" target=\"_blank\" rel=\"noopener\">Extrait PDF<\/a><\/p>","protected":false},"featured_media":49442,"comment_status":"closed","ping_status":"closed","template":"","meta":{"_seopress_robots_primary_cat":"none","_seopress_titles_title":"","_seopress_titles_desc":"","_seopress_robots_index":""},"product_brand":[],"product_cat":[512,608],"product_tag":[],"class_list":{"0":"post-49428","1":"product","2":"type-product","3":"status-publish","4":"has-post-thumbnail","6":"product_cat-sahovske-knjige","7":"product_cat-strategija-in-taktika","8":"pa_avtor-michael-adams","9":"pa_avtor-philip-hurtado","10":"pa_leto-izdaje-747","11":"pa_nivo-knjige-napredni","12":"pa_stran-oboje-nevtralno","13":"pa_tip-knjige-srednja-igra-strategija","14":"pa_zalozba-quality-chess","16":"entry","17":"has-media","19":"first","20":"instock","21":"taxable","22":"shipping-taxable","23":"purchasable","24":"product-type-simple","25":"has-product-nav","26":"col","27":"span_1_of_4","28":"owp-content-center","29":"item-entry","30":"owp-thumbs-layout-horizontal","31":"owp-btn-normal","32":"owp-tabs-layout-section"},"wcpa_form_fields":null,"_links":{"self":[{"href":"https:\/\/chessgamesemporium.com\/fr\/wp-json\/wp\/v2\/product\/49428","targetHints":{"allow":["GET"]}}],"collection":[{"href":"https:\/\/chessgamesemporium.com\/fr\/wp-json\/wp\/v2\/product"}],"about":[{"href":"https:\/\/chessgamesemporium.com\/fr\/wp-json\/wp\/v2\/types\/product"}],"replies":[{"embeddable":true,"href":"https:\/\/chessgamesemporium.com\/fr\/wp-json\/wp\/v2\/comments?post=49428"}],"version-history":[{"count":0,"href":"https:\/\/chessgamesemporium.com\/fr\/wp-json\/wp\/v2\/product\/49428\/revisions"}],"wp:featuredmedia":[{"embeddable":true,"href":"https:\/\/chessgamesemporium.com\/fr\/wp-json\/wp\/v2\/media\/49442"}],"wp:attachment":[{"href":"https:\/\/chessgamesemporium.com\/fr\/wp-json\/wp\/v2\/media?parent=49428"}],"wp:term":[{"taxonomy":"product_brand","embeddable":true,"href":"https:\/\/chessgamesemporium.com\/fr\/wp-json\/wp\/v2\/product_brand?post=49428"},{"taxonomy":"product_cat","embeddable":true,"href":"https:\/\/chessgamesemporium.com\/fr\/wp-json\/wp\/v2\/product_cat?post=49428"},{"taxonomy":"product_tag","embeddable":true,"href":"https:\/\/chessgamesemporium.com\/fr\/wp-json\/wp\/v2\/product_tag?post=49428"}],"curies":[{"name":"wp","href":"https:\/\/api.w.org\/{rel}","templated":true}]}}