{"id":49444,"date":"2023-06-21T10:22:37","date_gmt":"2023-06-21T10:22:37","guid":{"rendered":"https:\/\/www.ivh44.si\/Ponudbe\/chess\/?post_type=product&#038;p=49444"},"modified":"2026-03-20T10:26:24","modified_gmt":"2026-03-20T10:26:24","slug":"playing-the-sveshnikov","status":"publish","type":"product","link":"https:\/\/chessgamesemporium.com\/fr\/shop\/livres-echecs\/ouvertures-echecs\/playing-the-sveshnikov\/","title":{"rendered":"Playing the Sveshnikov"},"content":{"rendered":"<p>Avtor: Milos Pavlovic<br \/>\nLeto izdaje: 2023<br \/>\nLangue : Anglais<br \/>\n\u0160t. strani: 360<br \/>\nDimensiones: 24 x 17 cm<br \/>\nCouverture : souple<\/p>\n<p>Sveshnikov se pojavi po za\u010detnih potezah 1.e4 c5 2.Sf3 Sc6 3.d4 cxd4 4.Sxd4 Sf6 5.Sc3 e5 in je idealno oro\u017eje, ki temelji na zdravih na\u010delih hitrega razvoja in zavzetja centra. Desetletja prakti\u010dnih testiranj in analiz so dokazala teoreti\u010dno trdnost sistema, zaradi njegovega dinami\u010dnega protinapadnega potenciala pa je priljubljena izbira med klubskimi igralci in vrhunskimi velemojstri.<\/p>\n<p>Srbski velemojster Milo\u0161 Pavlovi\u0107 je vse\u017eivljenjski igralec Sveshnikova, pa tudi izku\u0161en \u0161ahovski trener, zaradi \u010desar je idealen vodnik za to otvoritev. Sveshnikov ponuja popoln repertoar za \u010drnega, vklju\u010dno z dodatnimi priporo\u010dili proti dolo\u010denim klju\u010dnim variantam. Z vrhunsko analizo, obilico novosti in premi\u0161ljenimi razlagami ta knjiga ponuja vse, kar potrebujete za u\u010denje in uspe\u0161no igranje Sveshikova.<\/p>\n<p>Milo\u0161 Pavlovi\u010d je nekdanji jugoslovanski prvak, ki ima naslov velemojstra od leta 1993. Izku\u0161en turnirski tekmovalec, teoretik in trener FIDE, je strokovnjak za to otvoritev.<\/p>","protected":false},"excerpt":{"rendered":"<p><a href=\"https:\/\/chessgamesemporium.com\/wp-content\/uploads\/2023\/06\/PlayingtheSveshnikovExcerpt.pdf\" target=\"_blank\" rel=\"noopener\">Extrait PDF<\/a><\/p>","protected":false},"featured_media":49445,"comment_status":"closed","ping_status":"closed","template":"","meta":{"_seopress_robots_primary_cat":"none","_seopress_titles_title":"","_seopress_titles_desc":"","_seopress_robots_index":""},"product_brand":[],"product_cat":[605,512],"product_tag":[],"class_list":{"0":"post-49444","1":"product","2":"type-product","3":"status-publish","4":"has-post-thumbnail","6":"product_cat-otvoritve","7":"product_cat-sahovske-knjige","8":"pa_avtor-milos-pavlovic","9":"pa_glavna-linija-1-e4-c5-2-nf3-nc6-3-d4-cxd4-4-nxd4-nf6-5-nc3-e5","10":"pa_leto-izdaje-1037","11":"pa_nivo-knjige-napredni","12":"pa_otvoritev-tema-sveshnikov","13":"pa_stran-crni","14":"pa_tip-knjige-otvoritve","15":"pa_zalozba-quality-chess","17":"entry","18":"has-media","20":"first","21":"instock","22":"taxable","23":"shipping-taxable","24":"purchasable","25":"product-type-simple","26":"has-product-nav","27":"col","28":"span_1_of_4","29":"owp-content-center","30":"item-entry","31":"owp-thumbs-layout-horizontal","32":"owp-btn-normal","33":"owp-tabs-layout-section"},"wcpa_form_fields":null,"_links":{"self":[{"href":"https:\/\/chessgamesemporium.com\/fr\/wp-json\/wp\/v2\/product\/49444","targetHints":{"allow":["GET"]}}],"collection":[{"href":"https:\/\/chessgamesemporium.com\/fr\/wp-json\/wp\/v2\/product"}],"about":[{"href":"https:\/\/chessgamesemporium.com\/fr\/wp-json\/wp\/v2\/types\/product"}],"replies":[{"embeddable":true,"href":"https:\/\/chessgamesemporium.com\/fr\/wp-json\/wp\/v2\/comments?post=49444"}],"version-history":[{"count":0,"href":"https:\/\/chessgamesemporium.com\/fr\/wp-json\/wp\/v2\/product\/49444\/revisions"}],"wp:featuredmedia":[{"embeddable":true,"href":"https:\/\/chessgamesemporium.com\/fr\/wp-json\/wp\/v2\/media\/49445"}],"wp:attachment":[{"href":"https:\/\/chessgamesemporium.com\/fr\/wp-json\/wp\/v2\/media?parent=49444"}],"wp:term":[{"taxonomy":"product_brand","embeddable":true,"href":"https:\/\/chessgamesemporium.com\/fr\/wp-json\/wp\/v2\/product_brand?post=49444"},{"taxonomy":"product_cat","embeddable":true,"href":"https:\/\/chessgamesemporium.com\/fr\/wp-json\/wp\/v2\/product_cat?post=49444"},{"taxonomy":"product_tag","embeddable":true,"href":"https:\/\/chessgamesemporium.com\/fr\/wp-json\/wp\/v2\/product_tag?post=49444"}],"curies":[{"name":"wp","href":"https:\/\/api.w.org\/{rel}","templated":true}]}}