{"id":49626,"date":"2023-07-18T08:50:22","date_gmt":"2023-07-18T08:50:22","guid":{"rendered":"https:\/\/www.ivh44.si\/Ponudbe\/chess\/?post_type=product&#038;p=49626"},"modified":"2026-04-20T11:19:49","modified_gmt":"2026-04-20T11:19:49","slug":"luksuzni-sah-antik-art","status":"publish","type":"product","link":"https:\/\/chessgamesemporium.com\/fr\/shop\/sahovski-kompleti\/ekskluzivne-garniture\/luksuzni-sah-antik-art\/","title":{"rendered":"Jeu d'\u00e9checs de luxe style antique"},"content":{"rendered":"<p>Jeu d'\u00e9checs de luxe style antique<\/p>\n<p>Jeu d'\u00e9checs de luxe, fabriqu\u00e9 artisanalement en bois et mosa\u00efques artistiques.<br \/>\nCet \u00e9chiquier est laiss\u00e9 brut, laissant transpara\u00eetre les couleurs naturelles du bois.<br \/>\nIl est verni pour rehausser son \u00e9clat et prot\u00e9ger le bois.<\/p>\n<p>Dimensions des cases : 30 x 30 mm<br \/>\nDimensions de l'\u00e9chiquier : 38 x 38 x 8 cm<\/p>\n<p>Pi\u00e8ces d'\u00e9checs en laiton<\/p>\n<p>Le jeu d\u2019\u00e9checs de luxe Antik Art incarne le summum du savoir-faire artisanal et de l\u2019\u00e9l\u00e9gance intemporelle. L\u2019\u00e9chiquier en bois fait main avec mosa\u00efque artistique, associ\u00e9 \u00e0 des pi\u00e8ces en laiton finement travaill\u00e9es, cr\u00e9e un effet visuel remarquable qui d\u00e9passe le simple jeu d\u2019\u00e9checs. Chaque d\u00e9tail refl\u00e8te pr\u00e9cision, prestige et caract\u00e8re unique, faisant de ce set bien plus qu\u2019un jeu \u2013 une v\u00e9ritable expression de style.<\/p>\n<p>Ce jeu d\u2019\u00e9checs en bois exclusif est id\u00e9al pour les collectionneurs, les amateurs d\u2019art et tous ceux qui recherchent un cadeau d\u2019exception. Parfait pour les int\u00e9rieurs \u00e9l\u00e9gants, les cadeaux d\u2019entreprise ou les occasions sp\u00e9ciales, il allie tradition, artisanat et esth\u00e9tique moderne dans une cr\u00e9ation unique.<\/p>\n<p>Ne convient pas aux enfants de moins de 3 ans.<\/p>","protected":false},"excerpt":{"rendered":"<p>Luksuzni \u0161ah Antik Art Luksuzni ro\u010dno narejen \u0161ah iz lesa in umetni\u0161kega mozaika. \u0160ahovnica ni barvana, vse barve so naravne barve lesa. \u0160ahovnica je le lakirana za za\u0161\u010dito in dodatni lesk. Dimenzije polja: 30 mm Dimenzije \u0161ahovnice: 38 x 38 x 8 cm \u0160ahovske figure iz medenine Luksuzni \u0161ah Antik Art predstavlja vrhunec umetni\u0161ke izdelave [&hellip;]<\/p>","protected":false},"featured_media":49675,"comment_status":"closed","ping_status":"closed","template":"","meta":{"_seopress_robots_primary_cat":"none","_seopress_titles_title":"Luksuzni \u0161ah Antik Art \u2013 ekskluziven \u0161ahovski komplet","_seopress_titles_desc":"Ekskluziven lesen \u0161ahovski komplet kot unikatna dekoracija ali presti\u017eno darilo za rojstni dan, praznik ali poslovne partnerje. Eleganten in vrhunski videz.","_seopress_robots_index":""},"product_brand":[],"product_cat":[611,510],"product_tag":[],"class_list":{"0":"post-49626","1":"product","2":"type-product","3":"status-publish","4":"has-post-thumbnail","6":"product_cat-ekskluzivne-garniture","7":"product_cat-sahovski-kompleti","9":"entry","10":"has-media","12":"first","13":"instock","14":"taxable","15":"shipping-taxable","16":"purchasable","17":"product-type-simple","18":"has-product-nav","19":"col","20":"span_1_of_4","21":"owp-content-center","22":"item-entry","23":"owp-thumbs-layout-horizontal","24":"owp-btn-normal","25":"owp-tabs-layout-section"},"wcpa_form_fields":null,"_links":{"self":[{"href":"https:\/\/chessgamesemporium.com\/fr\/wp-json\/wp\/v2\/product\/49626","targetHints":{"allow":["GET"]}}],"collection":[{"href":"https:\/\/chessgamesemporium.com\/fr\/wp-json\/wp\/v2\/product"}],"about":[{"href":"https:\/\/chessgamesemporium.com\/fr\/wp-json\/wp\/v2\/types\/product"}],"replies":[{"embeddable":true,"href":"https:\/\/chessgamesemporium.com\/fr\/wp-json\/wp\/v2\/comments?post=49626"}],"version-history":[{"count":0,"href":"https:\/\/chessgamesemporium.com\/fr\/wp-json\/wp\/v2\/product\/49626\/revisions"}],"wp:featuredmedia":[{"embeddable":true,"href":"https:\/\/chessgamesemporium.com\/fr\/wp-json\/wp\/v2\/media\/49675"}],"wp:attachment":[{"href":"https:\/\/chessgamesemporium.com\/fr\/wp-json\/wp\/v2\/media?parent=49626"}],"wp:term":[{"taxonomy":"product_brand","embeddable":true,"href":"https:\/\/chessgamesemporium.com\/fr\/wp-json\/wp\/v2\/product_brand?post=49626"},{"taxonomy":"product_cat","embeddable":true,"href":"https:\/\/chessgamesemporium.com\/fr\/wp-json\/wp\/v2\/product_cat?post=49626"},{"taxonomy":"product_tag","embeddable":true,"href":"https:\/\/chessgamesemporium.com\/fr\/wp-json\/wp\/v2\/product_tag?post=49626"}],"curies":[{"name":"wp","href":"https:\/\/api.w.org\/{rel}","templated":true}]}}