{"id":49681,"date":"2023-07-18T11:45:30","date_gmt":"2023-07-18T11:45:30","guid":{"rendered":"https:\/\/www.ivh44.si\/Ponudbe\/chess\/?post_type=product&#038;p=49681"},"modified":"2025-02-25T08:56:06","modified_gmt":"2025-02-25T08:56:06","slug":"sahovska-garnitura-oreh-staunton-box","status":"publish","type":"product","link":"https:\/\/chessgamesemporium.com\/fr\/shop\/sahovski-kompleti\/ekskluzivne-garniture\/sahovska-garnitura-oreh-staunton-box\/","title":{"rendered":"Coffret Staunton en noyer pour jeu d'\u00e9checs"},"content":{"rendered":"<p>Pi\u00e8ces d'\u00e9checs :<br \/>\nMod\u00e8le Staunton, lest\u00e9es, feutr\u00e9es et vernies.<\/p>\n<p>Dimensions : (hauteur | largeur de la base) :<br \/>\nRoi : 7,8 cm | 2,9 cm<br \/>\nReine : 6,5 cm | 2,9 cm<br \/>\nTour : 4,4 cm | 2,5 cm<br \/>\nFou : 6,0 cm | 2,5 cm<br \/>\nCavalier : 5,5 cm | 2,5 cm<br \/>\nPion : 4,5 cm | 2,2 cm<\/p>\n<p>Ces pi\u00e8ces d'\u00e9checs Staunton sont finement travaill\u00e9es en bois dur, lest\u00e9es, vernies et finies \u00e0 la main avec pr\u00e9cision et tradition.<\/p>\n<p>\u00c9chiquier :<br \/>\nTaille des cases : 4,0 x 4,0 cm<br \/>\nDimensions de l'\u00e9chiquier : 35 x 35 x 5 cm<\/p>\n<p>Mat\u00e9riau de la bo\u00eete : bois (noyer)<\/p>\n<p>Le fermoir en laiton s'ouvre et r\u00e9v\u00e8le un espace de rangement avec des compartiments individuels pour chaque pi\u00e8ce d'\u00e9checs.<\/p>\n<p>Ce jeu d'\u00e9checs est un excellent ajout \u00e0 toute maison et procurera assur\u00e9ment autant de plaisir \u00e0 admirer lorsqu'il n'est pas utilis\u00e9 que pendant une partie.<\/p>\n<p>Un cadeau id\u00e9al pour les passionn\u00e9s d'\u00e9checs !<\/p>\n<p>Attention ! Ne convient pas aux enfants de moins de 3 ans en raison des petites pi\u00e8ces ! Risque d'\u00e9touffement.<\/p>","protected":false},"excerpt":{"rendered":"<p>Figure: Staunton dizajn, podlo\u017eene, obte\u017eene, lakirane Dimenzije: (vi\u0161ina | premer podlage): Kralj: 7,8 cm | 2,9 cm Dama: 6,5 cm | 2,9 cm Top: 4,4 cm | 2,5 cm Lovec: 6,0 cm | 2,5 cm Skaka\u010d: 5,5 cm | 2,5 cm Kmet: 4,5 cm | 2,2 cm \u0160ahovske figure Staunton so \u010dudovito izdelane iz masivnega [&hellip;]<\/p>","protected":false},"featured_media":49685,"comment_status":"closed","ping_status":"closed","template":"","meta":{"_seopress_robots_primary_cat":"none","_seopress_titles_title":"","_seopress_titles_desc":"","_seopress_robots_index":""},"product_brand":[],"product_cat":[611,510],"product_tag":[],"class_list":{"0":"post-49681","1":"product","2":"type-product","3":"status-publish","4":"has-post-thumbnail","6":"product_cat-ekskluzivne-garniture","7":"product_cat-sahovski-kompleti","9":"entry","10":"has-media","12":"first","13":"instock","14":"taxable","15":"shipping-taxable","16":"purchasable","17":"product-type-simple","18":"has-product-nav","19":"col","20":"span_1_of_4","21":"owp-content-center","22":"item-entry","23":"owp-thumbs-layout-horizontal","24":"owp-btn-normal","25":"owp-tabs-layout-section"},"wcpa_form_fields":null,"_links":{"self":[{"href":"https:\/\/chessgamesemporium.com\/fr\/wp-json\/wp\/v2\/product\/49681","targetHints":{"allow":["GET"]}}],"collection":[{"href":"https:\/\/chessgamesemporium.com\/fr\/wp-json\/wp\/v2\/product"}],"about":[{"href":"https:\/\/chessgamesemporium.com\/fr\/wp-json\/wp\/v2\/types\/product"}],"replies":[{"embeddable":true,"href":"https:\/\/chessgamesemporium.com\/fr\/wp-json\/wp\/v2\/comments?post=49681"}],"version-history":[{"count":0,"href":"https:\/\/chessgamesemporium.com\/fr\/wp-json\/wp\/v2\/product\/49681\/revisions"}],"wp:featuredmedia":[{"embeddable":true,"href":"https:\/\/chessgamesemporium.com\/fr\/wp-json\/wp\/v2\/media\/49685"}],"wp:attachment":[{"href":"https:\/\/chessgamesemporium.com\/fr\/wp-json\/wp\/v2\/media?parent=49681"}],"wp:term":[{"taxonomy":"product_brand","embeddable":true,"href":"https:\/\/chessgamesemporium.com\/fr\/wp-json\/wp\/v2\/product_brand?post=49681"},{"taxonomy":"product_cat","embeddable":true,"href":"https:\/\/chessgamesemporium.com\/fr\/wp-json\/wp\/v2\/product_cat?post=49681"},{"taxonomy":"product_tag","embeddable":true,"href":"https:\/\/chessgamesemporium.com\/fr\/wp-json\/wp\/v2\/product_tag?post=49681"}],"curies":[{"name":"wp","href":"https:\/\/api.w.org\/{rel}","templated":true}]}}