{"id":49697,"date":"2023-07-18T11:54:51","date_gmt":"2023-07-18T11:54:51","guid":{"rendered":"https:\/\/www.ivh44.si\/Ponudbe\/chess\/?post_type=product&#038;p=49697"},"modified":"2026-01-26T12:11:50","modified_gmt":"2026-01-26T12:11:50","slug":"luksuzni-sah-cikago","status":"publish","type":"product","link":"https:\/\/chessgamesemporium.com\/fr\/shop\/sahovski-kompleti\/ekskluzivne-garniture\/luksuzni-sah-cikago\/","title":{"rendered":"Jeu d'\u00e9checs de luxe Chicago"},"content":{"rendered":"<p>Jeu d'\u00e9checs en noyer 40 x 40 cm (Moyen)<br>\n\nPi\u00e8ces d'\u00e9checs Staunton, roi de 7,7 cm<\/p>\n<p>Ce jeu d'\u00e9checs en bois unique comprend une vari\u00e9t\u00e9 de produits soigneusement s\u00e9lectionn\u00e9s. L'\u00e9chiquier en noyer, parfaitement assorti, a \u00e9t\u00e9 r\u00e9alis\u00e9 par des artisans talentueux selon la technique de la marqueterie. Les pi\u00e8ces sont lest\u00e9es et le roi mesure 7,7 cm de haut.<\/p>\n<p>Des placages de bois soigneusement s\u00e9lectionn\u00e9s, des motifs traditionnels et un savoir-faire exceptionnel en mati\u00e8re de marqueterie donnent vie \u00e0 notre collection de jeux d'\u00e9checs en bois.<\/p>","protected":false},"excerpt":{"rendered":"<p>\u0160ahovska garnitura narejena iz orehovega lesa 40&#215;40 cm (srednja) s \u0161ahovskimi figurami Staunton, kralj vi\u0161ine 7,7 cm. Ta edinstven lesen \u0161ahovski komplet vklju\u010duje razli\u010dne premi\u0161ljeno izbrane izdelke. Komplet vklju\u010duje popolnoma usklajeno \u0161ahovnico iz oreha z uporabo intarzije. \u0160ahovske figure so obte\u017eene in imajo kralja vi\u0161ine 7,7 cm. Skrbno izbrani leseni furnirji, tradicionalni modeli in posebna [&hellip;]<\/p>","protected":false},"featured_media":49709,"comment_status":"closed","ping_status":"closed","template":"","meta":{"_seopress_robots_primary_cat":"none","_seopress_titles_title":"","_seopress_titles_desc":"","_seopress_robots_index":""},"product_brand":[],"product_cat":[611,510],"product_tag":[],"class_list":{"0":"post-49697","1":"product","2":"type-product","3":"status-publish","4":"has-post-thumbnail","6":"product_cat-ekskluzivne-garniture","7":"product_cat-sahovski-kompleti","9":"entry","10":"has-media","12":"first","13":"instock","14":"taxable","15":"shipping-taxable","16":"purchasable","17":"product-type-simple","18":"has-product-nav","19":"col","20":"span_1_of_4","21":"owp-content-center","22":"item-entry","23":"owp-thumbs-layout-horizontal","24":"owp-btn-normal","25":"owp-tabs-layout-section"},"wcpa_form_fields":null,"_links":{"self":[{"href":"https:\/\/chessgamesemporium.com\/fr\/wp-json\/wp\/v2\/product\/49697","targetHints":{"allow":["GET"]}}],"collection":[{"href":"https:\/\/chessgamesemporium.com\/fr\/wp-json\/wp\/v2\/product"}],"about":[{"href":"https:\/\/chessgamesemporium.com\/fr\/wp-json\/wp\/v2\/types\/product"}],"replies":[{"embeddable":true,"href":"https:\/\/chessgamesemporium.com\/fr\/wp-json\/wp\/v2\/comments?post=49697"}],"version-history":[{"count":0,"href":"https:\/\/chessgamesemporium.com\/fr\/wp-json\/wp\/v2\/product\/49697\/revisions"}],"wp:featuredmedia":[{"embeddable":true,"href":"https:\/\/chessgamesemporium.com\/fr\/wp-json\/wp\/v2\/media\/49709"}],"wp:attachment":[{"href":"https:\/\/chessgamesemporium.com\/fr\/wp-json\/wp\/v2\/media?parent=49697"}],"wp:term":[{"taxonomy":"product_brand","embeddable":true,"href":"https:\/\/chessgamesemporium.com\/fr\/wp-json\/wp\/v2\/product_brand?post=49697"},{"taxonomy":"product_cat","embeddable":true,"href":"https:\/\/chessgamesemporium.com\/fr\/wp-json\/wp\/v2\/product_cat?post=49697"},{"taxonomy":"product_tag","embeddable":true,"href":"https:\/\/chessgamesemporium.com\/fr\/wp-json\/wp\/v2\/product_tag?post=49697"}],"curies":[{"name":"wp","href":"https:\/\/api.w.org\/{rel}","templated":true}]}}