{"id":49719,"date":"2023-07-20T08:44:35","date_gmt":"2023-07-20T08:44:35","guid":{"rendered":"https:\/\/www.ivh44.si\/Ponudbe\/chess\/?post_type=product&#038;p=49719"},"modified":"2026-01-26T12:13:05","modified_gmt":"2026-01-26T12:13:05","slug":"luxury-chess-set-bilbao","status":"publish","type":"product","link":"https:\/\/chessgamesemporium.com\/fr\/shop\/sahovski-kompleti\/ekskluzivne-garniture\/luxury-chess-set-bilbao\/","title":{"rendered":"Jeu d'\u00e9checs de luxe BILBAO"},"content":{"rendered":"<p>Ce jeu d'\u00e9checs en bois unique comprend une vari\u00e9t\u00e9 de produits soigneusement s\u00e9lectionn\u00e9s. L'\u00e9chiquier en racine de noyer, parfaitement assorti, a \u00e9t\u00e9 r\u00e9alis\u00e9 par des artisans talentueux selon la technique de la marqueterie. Les pi\u00e8ces d'\u00e9checs sont lest\u00e9es et le roi mesure 7,7 cm de haut.<\/p>\n<p>Des placages de bois soigneusement s\u00e9lectionn\u00e9s, des motifs traditionnels et un savoir-faire exceptionnel en mati\u00e8re de marqueterie donnent vie \u00e0 notre collection de jeux d'\u00e9checs en bois.<\/p>","protected":false},"excerpt":{"rendered":"<p>Ta edinstven lesen \u0161ahovski komplet vklju\u010duje razli\u010dne premi\u0161ljeno izbrane izdelke. Komplet vklju\u010duje popolnoma usklajeno \u0161ahovnico narejena iz Orehove korenine, katero so izdelali spretni obrtniki z uporabo umetnosti intarzije. \u0160ahovske figure so obte\u017eene in imajo kralja vi\u0161ine 7,7 cm. Skrbno izbrani leseni furnirji, tradicionalni modeli in posebna izdelava z uporabo umetnosti intarzije dajejo \u017eivljenje na\u0161i zbirki [&hellip;]<\/p>","protected":false},"featured_media":49724,"comment_status":"closed","ping_status":"closed","template":"","meta":{"_seopress_robots_primary_cat":"none","_seopress_titles_title":"","_seopress_titles_desc":"","_seopress_robots_index":""},"product_brand":[],"product_cat":[611,510],"product_tag":[],"class_list":{"0":"post-49719","1":"product","2":"type-product","3":"status-publish","4":"has-post-thumbnail","6":"product_cat-ekskluzivne-garniture","7":"product_cat-sahovski-kompleti","9":"entry","10":"has-media","12":"first","13":"instock","14":"taxable","15":"shipping-taxable","16":"purchasable","17":"product-type-simple","18":"has-product-nav","19":"col","20":"span_1_of_4","21":"owp-content-center","22":"item-entry","23":"owp-thumbs-layout-horizontal","24":"owp-btn-normal","25":"owp-tabs-layout-section"},"wcpa_form_fields":null,"_links":{"self":[{"href":"https:\/\/chessgamesemporium.com\/fr\/wp-json\/wp\/v2\/product\/49719","targetHints":{"allow":["GET"]}}],"collection":[{"href":"https:\/\/chessgamesemporium.com\/fr\/wp-json\/wp\/v2\/product"}],"about":[{"href":"https:\/\/chessgamesemporium.com\/fr\/wp-json\/wp\/v2\/types\/product"}],"replies":[{"embeddable":true,"href":"https:\/\/chessgamesemporium.com\/fr\/wp-json\/wp\/v2\/comments?post=49719"}],"version-history":[{"count":0,"href":"https:\/\/chessgamesemporium.com\/fr\/wp-json\/wp\/v2\/product\/49719\/revisions"}],"wp:featuredmedia":[{"embeddable":true,"href":"https:\/\/chessgamesemporium.com\/fr\/wp-json\/wp\/v2\/media\/49724"}],"wp:attachment":[{"href":"https:\/\/chessgamesemporium.com\/fr\/wp-json\/wp\/v2\/media?parent=49719"}],"wp:term":[{"taxonomy":"product_brand","embeddable":true,"href":"https:\/\/chessgamesemporium.com\/fr\/wp-json\/wp\/v2\/product_brand?post=49719"},{"taxonomy":"product_cat","embeddable":true,"href":"https:\/\/chessgamesemporium.com\/fr\/wp-json\/wp\/v2\/product_cat?post=49719"},{"taxonomy":"product_tag","embeddable":true,"href":"https:\/\/chessgamesemporium.com\/fr\/wp-json\/wp\/v2\/product_tag?post=49719"}],"curies":[{"name":"wp","href":"https:\/\/api.w.org\/{rel}","templated":true}]}}