{"id":51020,"date":"2023-09-05T09:36:41","date_gmt":"2023-09-05T09:36:41","guid":{"rendered":"https:\/\/chessgamesemporium.com\/?post_type=product&#038;p=51020"},"modified":"2025-12-02T05:00:50","modified_gmt":"2025-12-02T05:00:50","slug":"sahovski-komplet-tulec-s-torbo-in-uro","status":"publish","type":"product","link":"https:\/\/chessgamesemporium.com\/fr\/shop\/sahovski-kompleti\/sestavljeni-kompleti\/sahovski-komplet-tulec-s-torbo-in-uro\/","title":{"rendered":"Jeu d'\u00e9checs CYLINDER avec SAC et horloge d'\u00e9checs"},"content":{"rendered":"<p>Pi\u00e8ces d'\u00e9checs :<br \/>\nPi\u00e8ces d'\u00e9checs standard Staunton<\/p>\n<p>Mat\u00e9riau : plastique<br \/>\nNon lest\u00e9es<\/p>\n<p>Dimensions : (hauteur | largeur de la base)<br \/>\nRoi : 9,5 cm | 3,6 cm<br \/>\nReine : 8,1 cm | 3,6 cm<br \/>\nTour : 5,4 cm | 3,3 cm<br \/>\nFou : 6,8 cm | 3,3 cm<br \/>\nCavalier : 6,4 cm | 3,3 cm<br \/>\nPion : 4,4 cm | 2,7 cm<\/p>\n<p>\u00c9chiquier :<br \/>\nMat\u00e9riau : PVC, toile<br \/>\nDimensions des cases : 4,5 x 4,5 cm<br \/>\nDimensions de l'\u00e9chiquier : 46 x 41 cm<br \/>\nLavable<\/p>\n<p>Horloge d'\u00e9checs<br \/>\nDGT 1001 Noir<\/p>\n<p>Attention ! Ne convient pas aux enfants de moins de 3 ans en raison des petites pi\u00e8ces ! Risque d'\u00e9touffement.<\/p>","protected":false},"excerpt":{"rendered":"<p>Figure: Staunton Standard \u0161ahovske figure Material: plastika Neobte\u017eene Dimenzije: (vi\u0161ina | premer podlage) Kralj: 9,5 cm | 3,6 cm Dama: 8,1 cm | 3,6 cm Top: 5,4 cm | 3,3 cm Lovec: 6,8 cm | 3,3 cm Skaka\u010d: 6,4 cm | 3,3 cm Kmet: 4,4 cm | 2,7 cm \u0160ahovnica: Material: PVC, platno Dimenzije polja: [&hellip;]<\/p>","protected":false},"featured_media":51023,"comment_status":"closed","ping_status":"closed","template":"","meta":{"_seopress_robots_primary_cat":"none","_seopress_titles_title":"","_seopress_titles_desc":"","_seopress_robots_index":""},"product_brand":[],"product_cat":[581,510],"product_tag":[],"class_list":{"0":"post-51020","1":"product","2":"type-product","3":"status-publish","4":"has-post-thumbnail","6":"product_cat-sestavljeni-kompleti","7":"product_cat-sahovski-kompleti","9":"entry","10":"has-media","12":"first","13":"instock","14":"taxable","15":"shipping-taxable","16":"purchasable","17":"product-type-simple","18":"has-product-nav","19":"col","20":"span_1_of_4","21":"owp-content-center","22":"item-entry","23":"owp-thumbs-layout-horizontal","24":"owp-btn-normal","25":"owp-tabs-layout-section"},"wcpa_form_fields":null,"_links":{"self":[{"href":"https:\/\/chessgamesemporium.com\/fr\/wp-json\/wp\/v2\/product\/51020","targetHints":{"allow":["GET"]}}],"collection":[{"href":"https:\/\/chessgamesemporium.com\/fr\/wp-json\/wp\/v2\/product"}],"about":[{"href":"https:\/\/chessgamesemporium.com\/fr\/wp-json\/wp\/v2\/types\/product"}],"replies":[{"embeddable":true,"href":"https:\/\/chessgamesemporium.com\/fr\/wp-json\/wp\/v2\/comments?post=51020"}],"version-history":[{"count":0,"href":"https:\/\/chessgamesemporium.com\/fr\/wp-json\/wp\/v2\/product\/51020\/revisions"}],"wp:featuredmedia":[{"embeddable":true,"href":"https:\/\/chessgamesemporium.com\/fr\/wp-json\/wp\/v2\/media\/51023"}],"wp:attachment":[{"href":"https:\/\/chessgamesemporium.com\/fr\/wp-json\/wp\/v2\/media?parent=51020"}],"wp:term":[{"taxonomy":"product_brand","embeddable":true,"href":"https:\/\/chessgamesemporium.com\/fr\/wp-json\/wp\/v2\/product_brand?post=51020"},{"taxonomy":"product_cat","embeddable":true,"href":"https:\/\/chessgamesemporium.com\/fr\/wp-json\/wp\/v2\/product_cat?post=51020"},{"taxonomy":"product_tag","embeddable":true,"href":"https:\/\/chessgamesemporium.com\/fr\/wp-json\/wp\/v2\/product_tag?post=51020"}],"curies":[{"name":"wp","href":"https:\/\/api.w.org\/{rel}","templated":true}]}}