{"id":51033,"date":"2023-09-05T10:50:30","date_gmt":"2023-09-05T10:50:30","guid":{"rendered":"https:\/\/chessgamesemporium.com\/?post_type=product&#038;p=51033"},"modified":"2024-02-13T12:42:30","modified_gmt":"2024-02-13T12:42:30","slug":"sahovski-komplet-split-black","status":"publish","type":"product","link":"https:\/\/chessgamesemporium.com\/fr\/shop\/sahovski-kompleti\/sestavljeni-kompleti\/sahovski-komplet-split-black\/","title":{"rendered":"Jeu d'\u00e9checs SPLIT BLACK"},"content":{"rendered":"<p>PI\u00c8CES D'\u00c9CHECS<br \/>\nPi\u00e8ces d'\u00e9checs en bois de qualit\u00e9. Feutr\u00e9es, lest\u00e9es, doublement vernies ! Taille tournoi.<\/p>\n<p>Mat\u00e9riau :<br \/>\nSheesham \/ buis<\/p>\n<p>Ces pi\u00e8ces d'\u00e9checs ont une riche histoire qui remonte \u00e0 l'Olympiade d'\u00e9checs de 1950 \u00e0 Dubrovnik. L'une des caract\u00e9ristiques principales de ces pi\u00e8ces d'\u00e9checs est l'absence d'iconographie religieuse. Bobby Fischer a d\u00e9clar\u00e9 \u00e0 plusieurs reprises que ces pi\u00e8ces d'\u00e9checs de Dubrovnik \u00e9taient ses pr\u00e9f\u00e9r\u00e9es.<\/p>\n<p>Dimensions : (hauteur | largeur de la base)<br \/>\nRoi : 9,0 cm | 3,1 cm<br \/>\nReine : 8,0 cm | 3,1 cm<br \/>\nTour : 5,2 cm | 2,9 cm<br \/>\nFou : 7,4 cm | 2,9 cm<br \/>\nCavalier : 6,6 cm | 2,9 cm<br \/>\nPion : 5,4 cm | 2,6 cm<\/p>\n<p>\u00c9CHIQUIER<br \/>\nMat\u00e9riau : PVC, toile<br \/>\nTaille des cases : 5,0 x 5,0 cm<br \/>\nDimensions de l'\u00e9chiquier : 44 x 44 cm<br \/>\nLavable<\/p>\n<p>Attention ! Ne convient pas aux enfants de moins de 3 ans en raison des petites pi\u00e8ces ! Risque d'\u00e9touffement.<\/p>","protected":false},"excerpt":{"rendered":"<p>\u0160AHOVSKE FIGURE Kvalitetne podlo\u017eene lesene figure. Obte\u017eene, dvakrat lakirane! Turnirska velikost Material: Palisander \/ Pu\u0161pan (sheesham and boxwood) Te figure imajo bogato zgodovino, ki sega v leto 1950, ko je bila v Dubrovniku \u0161ahovska olimpijada. Glavna zna\u010dilnost teh figur je, da so bile oblikovane brez verskih simbolov. Bobby Fischer je ve\u010dkrat poudaril, da so Dubrovnik [&hellip;]<\/p>","protected":false},"featured_media":51039,"comment_status":"closed","ping_status":"closed","template":"","meta":{"_seopress_robots_primary_cat":"none","_seopress_titles_title":"","_seopress_titles_desc":"","_seopress_robots_index":""},"product_brand":[],"product_cat":[510,581],"product_tag":[],"class_list":{"0":"post-51033","1":"product","2":"type-product","3":"status-publish","4":"has-post-thumbnail","6":"product_cat-sahovski-kompleti","7":"product_cat-sestavljeni-kompleti","9":"entry","10":"has-media","12":"first","13":"instock","14":"taxable","15":"shipping-taxable","16":"purchasable","17":"product-type-simple","18":"has-product-nav","19":"col","20":"span_1_of_4","21":"owp-content-center","22":"item-entry","23":"owp-thumbs-layout-horizontal","24":"owp-btn-normal","25":"owp-tabs-layout-section"},"wcpa_form_fields":null,"_links":{"self":[{"href":"https:\/\/chessgamesemporium.com\/fr\/wp-json\/wp\/v2\/product\/51033","targetHints":{"allow":["GET"]}}],"collection":[{"href":"https:\/\/chessgamesemporium.com\/fr\/wp-json\/wp\/v2\/product"}],"about":[{"href":"https:\/\/chessgamesemporium.com\/fr\/wp-json\/wp\/v2\/types\/product"}],"replies":[{"embeddable":true,"href":"https:\/\/chessgamesemporium.com\/fr\/wp-json\/wp\/v2\/comments?post=51033"}],"version-history":[{"count":0,"href":"https:\/\/chessgamesemporium.com\/fr\/wp-json\/wp\/v2\/product\/51033\/revisions"}],"wp:featuredmedia":[{"embeddable":true,"href":"https:\/\/chessgamesemporium.com\/fr\/wp-json\/wp\/v2\/media\/51039"}],"wp:attachment":[{"href":"https:\/\/chessgamesemporium.com\/fr\/wp-json\/wp\/v2\/media?parent=51033"}],"wp:term":[{"taxonomy":"product_brand","embeddable":true,"href":"https:\/\/chessgamesemporium.com\/fr\/wp-json\/wp\/v2\/product_brand?post=51033"},{"taxonomy":"product_cat","embeddable":true,"href":"https:\/\/chessgamesemporium.com\/fr\/wp-json\/wp\/v2\/product_cat?post=51033"},{"taxonomy":"product_tag","embeddable":true,"href":"https:\/\/chessgamesemporium.com\/fr\/wp-json\/wp\/v2\/product_tag?post=51033"}],"curies":[{"name":"wp","href":"https:\/\/api.w.org\/{rel}","templated":true}]}}