{"id":51273,"date":"2023-10-04T12:19:16","date_gmt":"2023-10-04T12:19:16","guid":{"rendered":"https:\/\/chessgamesemporium.com\/?post_type=product&#038;p=51273"},"modified":"2026-04-08T06:42:59","modified_gmt":"2026-04-08T06:42:59","slug":"sahovnica-za-zvijanje-57-mm-rubber","status":"publish","type":"product","link":"https:\/\/chessgamesemporium.com\/fr\/shop\/sahovnice\/plasticne-sahovnice\/sahovnica-za-zvijanje-57-mm-rubber\/","title":{"rendered":"\u00c9chiquier enroulable 57 mm RUBBER"},"content":{"rendered":"<p>\u00c9chiquier souple am\u00e9lior\u00e9, fabriqu\u00e9 en mat\u00e9riau de tapis de souris. Odeur moins prononc\u00e9e que les autres tapis de souris.<\/p>\n<p>Mat\u00e9riau \u00e9pais et doux. Se d\u00e9plie facilement sur une table. Cet excellent \u00e9chiquier convient \u00e9galement au jeu en ext\u00e9rieur, car il r\u00e9siste au vent.<\/p>\n<p>Notation alphanum\u00e9rique sur tous les c\u00f4t\u00e9s de l'\u00e9chiquier. L'\u00e9chiquier est de taille standard pour les tournois.<\/p>\n<p>Reste plat et stable, lavable, mat\u00e9riau doux de tapis de souris.<br \/>\nCouleur: Vert, bleu, noir ou marron<br \/>\nDimensions : 50 x 50 cm (20 x 20 pouces), avec des cases de 57 mm (2-1\/4 pouces).<\/p>","protected":false},"excerpt":{"rendered":"<p>Izbolj\u0161ana mehka \u0161ahovnica, izdelana iz vrhunskega materiala podloge za mi\u0161ke (in nima tako mo\u010dnega vonja, kot ga ima ve\u010dina drugih podlog za mi\u0161ke!) Debel in mehak material. Na mizi se vedno poravna!! Ta odli\u010dna odli\u010dna \u0161ahovnica je primerna tudi za igro na prostem, ker se v primeru vetra preprosto ne premakne. Alfanumeri\u010dna notacija iz vseh [&hellip;]<\/p>","protected":false},"featured_media":52145,"comment_status":"closed","ping_status":"closed","template":"","meta":{"_seopress_robots_primary_cat":"none","_seopress_titles_title":"","_seopress_titles_desc":"","_seopress_robots_index":""},"product_brand":[],"product_cat":[514,523],"product_tag":[590],"class_list":{"0":"post-51273","1":"product","2":"type-product","3":"status-publish","4":"has-post-thumbnail","6":"product_cat-sahovnice","7":"product_cat-plasticne-sahovnice","8":"product_tag-55mm","10":"entry","11":"has-media","13":"first","14":"instock","15":"taxable","16":"shipping-taxable","17":"purchasable","18":"product-type-variable","19":"has-product-nav","20":"col","21":"span_1_of_4","22":"owp-content-center","23":"item-entry","24":"owp-thumbs-layout-horizontal","25":"owp-btn-normal","26":"owp-tabs-layout-section","27":"has-no-thumbnails"},"wcpa_form_fields":null,"_links":{"self":[{"href":"https:\/\/chessgamesemporium.com\/fr\/wp-json\/wp\/v2\/product\/51273","targetHints":{"allow":["GET"]}}],"collection":[{"href":"https:\/\/chessgamesemporium.com\/fr\/wp-json\/wp\/v2\/product"}],"about":[{"href":"https:\/\/chessgamesemporium.com\/fr\/wp-json\/wp\/v2\/types\/product"}],"replies":[{"embeddable":true,"href":"https:\/\/chessgamesemporium.com\/fr\/wp-json\/wp\/v2\/comments?post=51273"}],"version-history":[{"count":0,"href":"https:\/\/chessgamesemporium.com\/fr\/wp-json\/wp\/v2\/product\/51273\/revisions"}],"wp:featuredmedia":[{"embeddable":true,"href":"https:\/\/chessgamesemporium.com\/fr\/wp-json\/wp\/v2\/media\/52145"}],"wp:attachment":[{"href":"https:\/\/chessgamesemporium.com\/fr\/wp-json\/wp\/v2\/media?parent=51273"}],"wp:term":[{"taxonomy":"product_brand","embeddable":true,"href":"https:\/\/chessgamesemporium.com\/fr\/wp-json\/wp\/v2\/product_brand?post=51273"},{"taxonomy":"product_cat","embeddable":true,"href":"https:\/\/chessgamesemporium.com\/fr\/wp-json\/wp\/v2\/product_cat?post=51273"},{"taxonomy":"product_tag","embeddable":true,"href":"https:\/\/chessgamesemporium.com\/fr\/wp-json\/wp\/v2\/product_tag?post=51273"}],"curies":[{"name":"wp","href":"https:\/\/api.w.org\/{rel}","templated":true}]}}