{"id":51303,"date":"2023-10-05T06:16:28","date_gmt":"2023-10-05T06:16:28","guid":{"rendered":"https:\/\/chessgamesemporium.com\/?post_type=product&#038;p=51303"},"modified":"2024-09-20T08:11:54","modified_gmt":"2024-09-20T08:11:54","slug":"millenium-chessgenius-pro-sah-racunalnik","status":"publish","type":"product","link":"https:\/\/chessgamesemporium.com\/fr\/shop\/sahovski-kompleti\/elektronski-sahi\/millenium-chessgenius-pro-sah-racunalnik\/","title":{"rendered":"Ordinateur d'\u00e9checs Millenium ChessGenius PRO"},"content":{"rendered":"<p>Jeu d'\u00e9checs autonome - ordinateur d'\u00e9checs<\/p>\n<p>D\u00e9tails :<br \/>\nDimensions : 30,7 x 27,9 x 8,9 cm<br \/>\nHauteur du roi : 4,8 cm<br \/>\nDimensions de l'\u00e9chiquier : 20 x 20 cm<br \/>\nDimensions des cases : 2,5 x 2,5 cm<br \/>\nMat\u00e9riau : plastique<br \/>\nNiveau Elo : 2200-2300<br \/>\nPiles : 3 x AA LR6 1,5 V<\/p>\n<p>Ne convient pas aux enfants de moins de 3 ans.<\/p>\n<p>Le partenaire de jeu id\u00e9al pour tous les passionn\u00e9s d'\u00e9checs.<\/p>\n<p>Avec son \u00e9cran couleur, ses nombreuses fonctions d'apprentissage et d'aide, et un niveau de jeu jusqu'\u00e0 2200 Elo.<\/p>\n<p>Le nouveau ChessGenius Pro, dot\u00e9 d'un \u00e9cran couleur, offre un divertissement garanti \u00e0 tous les joueurs, tout en \u00e9tant simple et intuitif. Le bouton JOUER permet de lancer facilement de nouvelles parties : avec les Blancs, avec les Noirs, en mode 2 joueurs ou \u00e0 partir d'une position sp\u00e9cifique. Le puissant processeur garantit une r\u00e9activit\u00e9 instantan\u00e9e \u00e0 tous les niveaux de jeu. Son design a \u00e9t\u00e9 enti\u00e8rement modernis\u00e9 par rapport au mod\u00e8le pr\u00e9c\u00e9dent : ultra-fin, moderne et dot\u00e9 de pi\u00e8ces \u00e9l\u00e9gantes offrant une excellente prise en main.<\/p>\n<p>Fonctionnalit\u00e9s d'\u00e9checs<br \/>\nVous pouvez d\u00e9finir un nombre quasi illimit\u00e9 de niveaux de difficult\u00e9. Des niveaux Tournoi sont disponibles pour les joueurs particuli\u00e8rement forts, capables de mettre \u00e0 l'\u00e9preuve m\u00eame les tr\u00e8s bons joueurs de club avec un classement Elo allant jusqu'\u00e0 2 200. Les niveaux de jeu faciles ont \u00e9t\u00e9 optimis\u00e9s pour permettre m\u00eame aux d\u00e9butants de gagner. Jusqu'\u00e0 12 parties peuvent \u00eatre enregistr\u00e9es et recharg\u00e9es sur l'appareil. Des coups alternatifs de l'ordinateur, diff\u00e9rents styles de jeu et 3 options pour les ouvertures compl\u00e8tent l'exp\u00e9rience d'\u00e9checs.<br \/>\nPour une libert\u00e9 maximale, un niveau avec temps, nombre de coups et incr\u00e9ment librement ajustables est disponible.<\/p>\n<p>Fonctions IA pour un v\u00e9ritable plaisir d'\u00e9checs<br \/>\nL'ordinateur peut abandonner les parties ou proposer des nulles. L'entra\u00eeneur d'\u00e9checs, activable \u00e0 volont\u00e9, signale les mauvais coups, propose de les corriger et sugg\u00e8re des am\u00e9liorations. Le bouton d'aide affiche les coups possibles, pour toutes les pi\u00e8ces ou uniquement pour la pi\u00e8ce s\u00e9lectionn\u00e9e. Il est m\u00eame possible d'afficher le nom des ouvertures jou\u00e9es.<\/p>\n<p>Confort<br \/>\nLe ChessGenius Pro est \u00e9quip\u00e9 de la derni\u00e8re version de la technologie de capteur de pression haute sensibilit\u00e9 MILLENNIUM. Son \u00e9chiquier extra-lisse de 20 x 20 cm garantit un confort de jeu optimal.<br \/>\nSon \u00e9cran couleur \u00e0 contraste \u00e9lev\u00e9, dot\u00e9 d'une interface utilisateur moderne inspir\u00e9e des smartphones, permet un acc\u00e8s rapide \u00e0 toutes les fonctions. Avec 14 langues disponibles pour les menus et l'aide, chacun peut choisir la langue qui lui convient.<br \/>\nChaque \u00e9l\u00e9ment de menu est accompagn\u00e9 d'une aide contextuelle dans la langue s\u00e9lectionn\u00e9e. Un r\u00e9glage vous \u00e9chappe ? Appuyez simplement sur le bouton \u00ab ?\u00bb et vous trouverez la r\u00e9ponse, sans avoir besoin du manuel.<br \/>\n\u00c9conomie d'\u00e9nergie : L'appareil fonctionne avec des piles, des batteries rechargeables NiMH ou l'alimentation M811 (en option). L'appareil d\u00e9tecte les p\u00e9riodes d'inutilisation et passe automatiquement en mode \u00e9conomie d'\u00e9nergie.<\/p>\n<p>En d\u00e9placement<br \/>\nLes pi\u00e8ces magn\u00e9tiques permettent de jouer m\u00eame en d\u00e9placement. Elles se rangent facilement et en toute s\u00e9curit\u00e9 dans la pochette en coton fournie.<br \/>\nL'interrupteur principal situ\u00e9 \u00e0 l'arri\u00e8re de l'appareil permet de le d\u00e9brancher compl\u00e8tement. Vous pouvez ainsi emporter votre ChessGenius Pro partout avec vous et jouer o\u00f9 que vous soyez pendant votre temps libre.<\/p>\n<p>Le logiciel : ChessGenius<br \/>\nCet ordinateur d'\u00e9checs int\u00e8gre l'un des moteurs d'\u00e9checs les plus c\u00e9l\u00e8bres de tous les temps : ChessGenius de Richard Lang. Cet Anglais, avec ses 10 titres de champion du monde d'\u00e9checs sur ordinateur, est sans conteste l'un des programmeurs d'\u00e9checs les plus talentueux de tous les temps. ChessGenius Pro inclut la derni\u00e8re version de son programme l\u00e9gendaire.<\/p>\n<p>Caract\u00e9ristiques techniques<\/p>\n<p>Propri\u00e9t\u00e9s sp\u00e9cifiques aux \u00e9checs<br \/>\nConvient aux d\u00e9butants comme aux joueurs confirm\u00e9s, en tournoi ou en club<br \/>\nNiveau de jeu : environ 1000 2200 ELO<br \/>\nPi\u00e8ces d'\u00e9checs magn\u00e9tiques (feutr\u00e9es) incluses<\/p>\n<p>Mat\u00e9riel<br \/>\nCarte de capteur de pression, technologie Millennium HighSensity<br \/>\n\u00c9cran r\u00e9tro\u00e9clair\u00e9<\/p>\n<p>Logiciel<br \/>\nProgramme ChessGenius, 2016 - Auteur : Richard Lang<br \/>\n14 langues (DEU \/ ENG \/ FRE \/ NLD \/ SPA \/ ITA \/ POL \/ DAN \/ SWE \/ FIN \/ NOR \/ CES \/ HUN \/ SLO)<br \/>\nMenus textuels, multilingues<\/p>\n<p>Alimentation<br \/>\nPiles : 4 x AA\/LR06 n\u00e9cessaires (non fournies)<br \/>\nConnexion pour adaptateur secteur M811 (non fourni)<\/p>\n<p>R\u00e9f\u00e9rence fabricant : M815<br \/>\n\u00c2ge recommand\u00e9 :<br \/>\n8 \u00e0 99 ans<\/p>","protected":false},"excerpt":{"rendered":"<p>Elektronski samostojni \u0161ah &#8211; \u0161ahovski ra\u010dunalnik Podatki o \u0161ahu: Dimenzije: 30,7 x 27,9 x 8,9 cm Vi\u0161ina kralja: 4,8 cm Dimenzije \u0161ahovnice: 20 cm Dimenzije polja: :2,5 cm Materijal: Plastika Mo\u010d (rating): 2200-2300 ELO Baterija : 3x AA LR6 1.5V Opozorilo : Ni primerno za otroke do tretjega leta starosti! Popoln partner za vse \u0161ahovske [&hellip;]<\/p>","protected":false},"featured_media":55710,"comment_status":"closed","ping_status":"closed","template":"","meta":{"_seopress_robots_primary_cat":"none","_seopress_titles_title":"","_seopress_titles_desc":"","_seopress_robots_index":""},"product_brand":[],"product_cat":[619,510],"product_tag":[],"class_list":{"0":"post-51303","1":"product","2":"type-product","3":"status-publish","4":"has-post-thumbnail","6":"product_cat-elektronski-sahi","7":"product_cat-sahovski-kompleti","9":"entry","10":"has-media","12":"first","13":"instock","14":"taxable","15":"shipping-taxable","16":"purchasable","17":"product-type-simple","18":"has-product-nav","19":"col","20":"span_1_of_4","21":"owp-content-center","22":"item-entry","23":"owp-thumbs-layout-horizontal","24":"owp-btn-normal","25":"owp-tabs-layout-section"},"wcpa_form_fields":null,"_links":{"self":[{"href":"https:\/\/chessgamesemporium.com\/fr\/wp-json\/wp\/v2\/product\/51303","targetHints":{"allow":["GET"]}}],"collection":[{"href":"https:\/\/chessgamesemporium.com\/fr\/wp-json\/wp\/v2\/product"}],"about":[{"href":"https:\/\/chessgamesemporium.com\/fr\/wp-json\/wp\/v2\/types\/product"}],"replies":[{"embeddable":true,"href":"https:\/\/chessgamesemporium.com\/fr\/wp-json\/wp\/v2\/comments?post=51303"}],"version-history":[{"count":0,"href":"https:\/\/chessgamesemporium.com\/fr\/wp-json\/wp\/v2\/product\/51303\/revisions"}],"wp:featuredmedia":[{"embeddable":true,"href":"https:\/\/chessgamesemporium.com\/fr\/wp-json\/wp\/v2\/media\/55710"}],"wp:attachment":[{"href":"https:\/\/chessgamesemporium.com\/fr\/wp-json\/wp\/v2\/media?parent=51303"}],"wp:term":[{"taxonomy":"product_brand","embeddable":true,"href":"https:\/\/chessgamesemporium.com\/fr\/wp-json\/wp\/v2\/product_brand?post=51303"},{"taxonomy":"product_cat","embeddable":true,"href":"https:\/\/chessgamesemporium.com\/fr\/wp-json\/wp\/v2\/product_cat?post=51303"},{"taxonomy":"product_tag","embeddable":true,"href":"https:\/\/chessgamesemporium.com\/fr\/wp-json\/wp\/v2\/product_tag?post=51303"}],"curies":[{"name":"wp","href":"https:\/\/api.w.org\/{rel}","templated":true}]}}