{"id":51310,"date":"2023-10-05T09:19:05","date_gmt":"2023-10-05T09:19:05","guid":{"rendered":"https:\/\/chessgamesemporium.com\/?post_type=product&#038;p=51310"},"modified":"2026-01-29T10:46:54","modified_gmt":"2026-01-29T10:46:54","slug":"lesene-sahovske-e-figure-dgt-timeless","status":"publish","type":"product","link":"https:\/\/chessgamesemporium.com\/fr\/shop\/sahovski-kompleti\/elektronski-sahi\/lesene-sahovske-e-figure-dgt-timeless\/","title":{"rendered":"Pi\u00e8ces d'\u00e9checs \u00e9lectroniques en bois DGT TIMELESS"},"content":{"rendered":"<p>Pi\u00e8ces d'\u00e9checs \u00e9lectroniques en bois DGT TIMELESS<\/p>\n<p>La plupart des joueurs d'\u00e9checs de haut niveau privil\u00e9gient ce mod\u00e8le classique et intemporel.<\/p>\n<p>Les pi\u00e8ces d'\u00e9checs DGT TIMELESS sont polies et fabriqu\u00e9es en bois indien. Deux reines suppl\u00e9mentaires sont incluses.<br \/>\nLes pi\u00e8ces sont dot\u00e9es de socles en feutre et sont de taille r\u00e9glementaire pour les tournois.<br \/>\nPoids : 680 g<\/p>\n<p>Compatibles avec :<br \/>\nTous les \u00e9chiquiers \u00e9lectroniques DGT, le DGT Smartboard et l'ordinateur d'\u00e9checs Revelation.<\/p>\n<p>Dimensions : (hauteur | largeur de la base)<br \/>\nRoi : 9,7 cm | 3,4 cm<br \/>\nReine : 8,5 cm | 3,5 cm<br \/>\nTour : 5,4 cm | 3,2 cm<br \/>\nFou : 7,1 cm | 3,2 cm<br \/>\nCavalier : 6,3 cm | 3,2 cm<br \/>\nPion : 4,5 cm | 2,7 cm<\/p>\n<p>Attention ! Ne convient pas aux enfants de moins de 3 ans en raison des petites pi\u00e8ces ! Risque d'\u00e9touffement.<\/p>","protected":false},"excerpt":{"rendered":"<p>Lesene \u0160ahovske e-figure DGT TIMELESS Ve\u010dini najbolj\u0161im igralcem je najbolj v\u0161e\u010d ta osnovni &#8211; TIMELESS dizajn. \u0160ahovske figure DGT TIMELESS so lakirane in narejene iz plemenitega indijskega lesa (Sheesham, Boxwood). Dvojne dame. Figure so podlo\u017eene z blagom in so turnirskih dimenzij. Te\u017ea: 680 g Kompatibilne z: Vsemi elektronskimi DGT \u0161ahovnicami, DGT Smartboard in \u0161ahovskim ra\u010dunalnikom [&hellip;]<\/p>","protected":false},"featured_media":51319,"comment_status":"closed","ping_status":"closed","template":"","meta":{"_seopress_robots_primary_cat":"none","_seopress_titles_title":"","_seopress_titles_desc":"","_seopress_robots_index":""},"product_brand":[],"product_cat":[619,510],"product_tag":[],"class_list":{"0":"post-51310","1":"product","2":"type-product","3":"status-publish","4":"has-post-thumbnail","6":"product_cat-elektronski-sahi","7":"product_cat-sahovski-kompleti","9":"entry","10":"has-media","12":"first","13":"instock","14":"taxable","15":"shipping-taxable","16":"purchasable","17":"product-type-simple","18":"has-product-nav","19":"col","20":"span_1_of_4","21":"owp-content-center","22":"item-entry","23":"owp-thumbs-layout-horizontal","24":"owp-btn-normal","25":"owp-tabs-layout-section"},"wcpa_form_fields":null,"_links":{"self":[{"href":"https:\/\/chessgamesemporium.com\/fr\/wp-json\/wp\/v2\/product\/51310","targetHints":{"allow":["GET"]}}],"collection":[{"href":"https:\/\/chessgamesemporium.com\/fr\/wp-json\/wp\/v2\/product"}],"about":[{"href":"https:\/\/chessgamesemporium.com\/fr\/wp-json\/wp\/v2\/types\/product"}],"replies":[{"embeddable":true,"href":"https:\/\/chessgamesemporium.com\/fr\/wp-json\/wp\/v2\/comments?post=51310"}],"version-history":[{"count":0,"href":"https:\/\/chessgamesemporium.com\/fr\/wp-json\/wp\/v2\/product\/51310\/revisions"}],"wp:featuredmedia":[{"embeddable":true,"href":"https:\/\/chessgamesemporium.com\/fr\/wp-json\/wp\/v2\/media\/51319"}],"wp:attachment":[{"href":"https:\/\/chessgamesemporium.com\/fr\/wp-json\/wp\/v2\/media?parent=51310"}],"wp:term":[{"taxonomy":"product_brand","embeddable":true,"href":"https:\/\/chessgamesemporium.com\/fr\/wp-json\/wp\/v2\/product_brand?post=51310"},{"taxonomy":"product_cat","embeddable":true,"href":"https:\/\/chessgamesemporium.com\/fr\/wp-json\/wp\/v2\/product_cat?post=51310"},{"taxonomy":"product_tag","embeddable":true,"href":"https:\/\/chessgamesemporium.com\/fr\/wp-json\/wp\/v2\/product_tag?post=51310"}],"curies":[{"name":"wp","href":"https:\/\/api.w.org\/{rel}","templated":true}]}}