{"id":51332,"date":"2023-10-05T09:38:16","date_gmt":"2023-10-05T09:38:16","guid":{"rendered":"https:\/\/chessgamesemporium.com\/?post_type=product&#038;p=51332"},"modified":"2024-11-09T18:08:50","modified_gmt":"2024-11-09T18:08:50","slug":"sahovski-racunalnik-dgt-centaur","status":"publish","type":"product","link":"https:\/\/chessgamesemporium.com\/fr\/shop\/sahovski-kompleti\/elektronski-sahi\/sahovski-racunalnik-dgt-centaur\/","title":{"rendered":"Ordinateur d'\u00e9checs DGT Centaur."},"content":{"rendered":"<p>Dimensions de l'ordinateur : 44,5 x 40 x 1 cm<br \/>\nDimensions de l'\u00e9chiquier : 38,4 x 38,4 cm<br \/>\nDimensions des cases : 4,8 cm x 4,8 cm<\/p>\n<p>Pi\u00e8ces en plastique lest\u00e9es<br \/>\nHauteur du roi : 8,9 cm<\/p>\n<p>Processeur : Stockfish<br \/>\nELO: 2900<\/p>\n<p>L'exp\u00e9rience de jeu d'\u00e9checs naturelle du Centaur s'adapte \u00e0 votre niveau gr\u00e2ce \u00e0 la d\u00e9tection automatique des coups jou\u00e9s. Les cases mettent en \u00e9vidence les coups pour un jeu intuitif et sans distraction. Allumez simplement le Centaur et commencez \u00e0 jouer. Son programme intelligent s'ajuste \u00e0 votre niveau de jeu, vous offrant ainsi un partenaire adapt\u00e9 pour vous mettre au d\u00e9fi, am\u00e9liorer votre jeu et rester performant, sans avoir besoin d'\u00e9cran d'ordinateur, de tablette ou de t\u00e9l\u00e9phone.<\/p>\n<p>De nombreux ordinateurs d'\u00e9checs sont con\u00e7us pour jouer au plus haut niveau. Par cons\u00e9quent, ils sont soit imbattables, soit, \u00e0 bas niveau, leur jeu est moins naturel et humain, et donc moins amusant.<\/p>\n<p>Centaur a \u00e9t\u00e9 con\u00e7u pour offrir une exp\u00e9rience de jeu optimale \u00e0 tous. Que vous soyez d\u00e9butant ou joueur confirm\u00e9, amateur ou professionnel, Centaur s'adapte \u00e0 votre niveau d\u00e8s votre premier coup. Son algorithme intelligent ajuste automatiquement le jeu \u00e0 votre niveau et vous propose des parties toujours stimulantes, \u00e0 la fois \u00e9ducatives et divertissantes ! Il dispose d'un syst\u00e8me d'indices et permet de configurer n'importe quelle position.<\/p>\n<p>L'\u00e9chiquier Centaur est compatible uniquement avec les pi\u00e8ces incluses.<\/p>\n<p>Ne convient pas aux enfants de moins de 3 ans.<\/p>","protected":false},"excerpt":{"rendered":"<p>Dimenzije ra\u010dunalnika: 44,5 x 40 x 1 cm Dimenzije \u0161ahovnice: 38,4 x 38,4 cm Dimenzije polja: 4,8 x 4,8 cm Plasti\u010dne, obte\u017eene figure Vi\u0161ina kralja: 8,9 cm Motor: Stockfish ELO: 2900 Ra\u010dunalnik \u00bbCentaur\u00ab ima sposobnost izbiranja potez, katere prilagodi va\u0161i mo\u010di. Ra\u010dunalnik pri\u017egete in \u017ee lahko za\u010dnete igrati. Najve\u010dja posebnost ra\u010dunalnika je sposobnost prilagajanja va\u0161emu [&hellip;]<\/p>","protected":false},"featured_media":51349,"comment_status":"closed","ping_status":"closed","template":"","meta":{"_seopress_robots_primary_cat":"none","_seopress_titles_title":"","_seopress_titles_desc":"","_seopress_robots_index":""},"product_brand":[],"product_cat":[619,510],"product_tag":[],"class_list":{"0":"post-51332","1":"product","2":"type-product","3":"status-publish","4":"has-post-thumbnail","6":"product_cat-elektronski-sahi","7":"product_cat-sahovski-kompleti","9":"entry","10":"has-media","12":"first","13":"instock","14":"taxable","15":"shipping-taxable","16":"purchasable","17":"product-type-simple","18":"has-product-nav","19":"col","20":"span_1_of_4","21":"owp-content-center","22":"item-entry","23":"owp-thumbs-layout-horizontal","24":"owp-btn-normal","25":"owp-tabs-layout-section"},"wcpa_form_fields":null,"_links":{"self":[{"href":"https:\/\/chessgamesemporium.com\/fr\/wp-json\/wp\/v2\/product\/51332","targetHints":{"allow":["GET"]}}],"collection":[{"href":"https:\/\/chessgamesemporium.com\/fr\/wp-json\/wp\/v2\/product"}],"about":[{"href":"https:\/\/chessgamesemporium.com\/fr\/wp-json\/wp\/v2\/types\/product"}],"replies":[{"embeddable":true,"href":"https:\/\/chessgamesemporium.com\/fr\/wp-json\/wp\/v2\/comments?post=51332"}],"version-history":[{"count":0,"href":"https:\/\/chessgamesemporium.com\/fr\/wp-json\/wp\/v2\/product\/51332\/revisions"}],"wp:featuredmedia":[{"embeddable":true,"href":"https:\/\/chessgamesemporium.com\/fr\/wp-json\/wp\/v2\/media\/51349"}],"wp:attachment":[{"href":"https:\/\/chessgamesemporium.com\/fr\/wp-json\/wp\/v2\/media?parent=51332"}],"wp:term":[{"taxonomy":"product_brand","embeddable":true,"href":"https:\/\/chessgamesemporium.com\/fr\/wp-json\/wp\/v2\/product_brand?post=51332"},{"taxonomy":"product_cat","embeddable":true,"href":"https:\/\/chessgamesemporium.com\/fr\/wp-json\/wp\/v2\/product_cat?post=51332"},{"taxonomy":"product_tag","embeddable":true,"href":"https:\/\/chessgamesemporium.com\/fr\/wp-json\/wp\/v2\/product_tag?post=51332"}],"curies":[{"name":"wp","href":"https:\/\/api.w.org\/{rel}","templated":true}]}}