{"id":51660,"date":"2023-10-09T09:24:09","date_gmt":"2023-10-09T09:24:09","guid":{"rendered":"https:\/\/chessgamesemporium.com\/?post_type=product&#038;p=51660"},"modified":"2024-09-20T09:21:37","modified_gmt":"2024-09-20T09:21:37","slug":"lesena-3d-sestavljanka-avto","status":"publish","type":"product","link":"https:\/\/chessgamesemporium.com\/fr\/shop\/sestavljanke-puzzle\/3d-lesene-sestavljanke\/lesena-3d-sestavljanka-avto\/","title":{"rendered":"Puzzle 3D en bois - Voiture"},"content":{"rendered":"<p>Puzzle 3D en bois - Voiture<br \/>\nDimensions assembl\u00e9es : 22,5 \u00d7 10,4 \u00d7 8,2 cm<br \/>\nNombre de pi\u00e8ces : 97<br \/>\nPlaques de contreplaqu\u00e9 : 4<\/p>\n<p>D\u00e9tachez d\u00e9licatement les pi\u00e8ces des plaques de contreplaqu\u00e9, poncez les bords et replacez-les dans les plaques.<br \/>\nLe kit contient une notice de montage.<br \/>\nL\u2019illustration sur la couverture peut \u00e9galement vous aider.<br \/>\nSi les joints sont trop serr\u00e9s, poncez-les \u00e0 nouveau. S\u2019ils sont trop l\u00e2ches, utilisez de la colle \u00e0 bois.<br \/>\nVous pouvez peindre les pi\u00e8ces avant ou apr\u00e8s l\u2019assemblage.<\/p>\n<p>Ne convient pas aux enfants de moins de 3 ans.<\/p>","protected":false},"excerpt":{"rendered":"<p>Lesena 3D sestavljanka Avto Dimenzija sestavljene: 22,5 x 10,4 x 8,2 cm \u0160t. kosov: 97 \u0160t. lesenih plo\u0161\u010d: 4 Ko\u0161\u010dke sestavljanke previdno vzemite iz lesenih plo\u0161\u010d, zgladite robove z brusnim papirjem, in jih polo\u017eite nazaj v plo\u0161\u010de. Sestavljanko lahko sestavite s pomo\u010djo na\u010drta, pri sestavljanju pa si lahko pomagate tudi s sliko kon\u010dnega izdelka na [&hellip;]<\/p>","protected":false},"featured_media":56050,"comment_status":"closed","ping_status":"closed","template":"","meta":{"_seopress_robots_primary_cat":"none","_seopress_titles_title":"","_seopress_titles_desc":"","_seopress_robots_index":""},"product_brand":[],"product_cat":[618,617],"product_tag":[],"class_list":{"0":"post-51660","1":"product","2":"type-product","3":"status-publish","4":"has-post-thumbnail","6":"product_cat-3d-lesene-sestavljanke","7":"product_cat-sestavljanke-puzzle","9":"entry","10":"has-media","12":"first","13":"instock","14":"taxable","15":"shipping-taxable","16":"purchasable","17":"product-type-simple","18":"has-product-nav","19":"col","20":"span_1_of_4","21":"owp-content-center","22":"item-entry","23":"owp-thumbs-layout-horizontal","24":"owp-btn-normal","25":"owp-tabs-layout-section","26":"has-no-thumbnails"},"wcpa_form_fields":null,"_links":{"self":[{"href":"https:\/\/chessgamesemporium.com\/fr\/wp-json\/wp\/v2\/product\/51660","targetHints":{"allow":["GET"]}}],"collection":[{"href":"https:\/\/chessgamesemporium.com\/fr\/wp-json\/wp\/v2\/product"}],"about":[{"href":"https:\/\/chessgamesemporium.com\/fr\/wp-json\/wp\/v2\/types\/product"}],"replies":[{"embeddable":true,"href":"https:\/\/chessgamesemporium.com\/fr\/wp-json\/wp\/v2\/comments?post=51660"}],"version-history":[{"count":0,"href":"https:\/\/chessgamesemporium.com\/fr\/wp-json\/wp\/v2\/product\/51660\/revisions"}],"wp:featuredmedia":[{"embeddable":true,"href":"https:\/\/chessgamesemporium.com\/fr\/wp-json\/wp\/v2\/media\/56050"}],"wp:attachment":[{"href":"https:\/\/chessgamesemporium.com\/fr\/wp-json\/wp\/v2\/media?parent=51660"}],"wp:term":[{"taxonomy":"product_brand","embeddable":true,"href":"https:\/\/chessgamesemporium.com\/fr\/wp-json\/wp\/v2\/product_brand?post=51660"},{"taxonomy":"product_cat","embeddable":true,"href":"https:\/\/chessgamesemporium.com\/fr\/wp-json\/wp\/v2\/product_cat?post=51660"},{"taxonomy":"product_tag","embeddable":true,"href":"https:\/\/chessgamesemporium.com\/fr\/wp-json\/wp\/v2\/product_tag?post=51660"}],"curies":[{"name":"wp","href":"https:\/\/api.w.org\/{rel}","templated":true}]}}