{"id":51730,"date":"2023-10-09T09:30:37","date_gmt":"2023-10-09T09:30:37","guid":{"rendered":"https:\/\/chessgamesemporium.com\/?post_type=product&#038;p=51730"},"modified":"2024-05-16T10:31:50","modified_gmt":"2024-05-16T10:31:50","slug":"lesena-3d-sestavljanka-slon","status":"publish","type":"product","link":"https:\/\/chessgamesemporium.com\/fr\/shop\/sestavljanke-puzzle\/3d-lesene-sestavljanke\/lesena-3d-sestavljanka-slon\/","title":{"rendered":"Lesena 3D Sestavljanka SLON"},"content":{"rendered":"<p>Lesena 3D sestavljanka Slon<\/p>\n<p>Ko\u0161\u010dke sestavljanke previdno vzemite iz lesenih plo\u0161\u010d, zgladite robove z brusnim papirjem, in<br \/>\njih polo\u017eite nazaj v plo\u0161\u010de. Sestavljanko lahko sestavite s pomo\u010djo na\u010drta, pri sestavljanju pa si<br \/>\nlahko pomagate tudi s sliko kon\u010dnega izdelka na embala\u017ei. \u010ce ko\u0161\u010dki pretesno sedajo skupaj, si<br \/>\npomagajte z brusnim papirjem. Ko\u0161\u010dke lahko tudi zlepite z lepilom za les, lahko pa jih tudi<br \/>\npobarvate.<\/p>\n<p>Ne convient pas aux enfants de moins de 3 ans.<\/p>","protected":false},"excerpt":{"rendered":"<p>Lesena 3D sestavljanka Slon Ko\u0161\u010dke sestavljanke previdno vzemite iz lesenih plo\u0161\u010d, zgladite robove z brusnim papirjem, in jih polo\u017eite nazaj v plo\u0161\u010de. Sestavljanko lahko sestavite s pomo\u010djo na\u010drta, pri sestavljanju pa si lahko pomagate tudi s sliko kon\u010dnega izdelka na embala\u017ei. \u010ce ko\u0161\u010dki pretesno sedajo skupaj, si pomagajte z brusnim papirjem. Ko\u0161\u010dke lahko tudi zlepite [&hellip;]<\/p>","protected":false},"featured_media":56056,"comment_status":"closed","ping_status":"closed","template":"","meta":{"_seopress_robots_primary_cat":"none","_seopress_titles_title":"","_seopress_titles_desc":"","_seopress_robots_index":""},"product_brand":[],"product_cat":[618,617],"product_tag":[],"class_list":{"0":"post-51730","1":"product","2":"type-product","3":"status-publish","4":"has-post-thumbnail","6":"product_cat-3d-lesene-sestavljanke","7":"product_cat-sestavljanke-puzzle","9":"entry","10":"has-media","12":"first","13":"instock","14":"taxable","15":"shipping-taxable","16":"purchasable","17":"product-type-simple","18":"has-product-nav","19":"col","20":"span_1_of_4","21":"owp-content-center","22":"item-entry","23":"owp-thumbs-layout-horizontal","24":"owp-btn-normal","25":"owp-tabs-layout-section","26":"has-no-thumbnails"},"wcpa_form_fields":null,"_links":{"self":[{"href":"https:\/\/chessgamesemporium.com\/fr\/wp-json\/wp\/v2\/product\/51730","targetHints":{"allow":["GET"]}}],"collection":[{"href":"https:\/\/chessgamesemporium.com\/fr\/wp-json\/wp\/v2\/product"}],"about":[{"href":"https:\/\/chessgamesemporium.com\/fr\/wp-json\/wp\/v2\/types\/product"}],"replies":[{"embeddable":true,"href":"https:\/\/chessgamesemporium.com\/fr\/wp-json\/wp\/v2\/comments?post=51730"}],"version-history":[{"count":0,"href":"https:\/\/chessgamesemporium.com\/fr\/wp-json\/wp\/v2\/product\/51730\/revisions"}],"wp:featuredmedia":[{"embeddable":true,"href":"https:\/\/chessgamesemporium.com\/fr\/wp-json\/wp\/v2\/media\/56056"}],"wp:attachment":[{"href":"https:\/\/chessgamesemporium.com\/fr\/wp-json\/wp\/v2\/media?parent=51730"}],"wp:term":[{"taxonomy":"product_brand","embeddable":true,"href":"https:\/\/chessgamesemporium.com\/fr\/wp-json\/wp\/v2\/product_brand?post=51730"},{"taxonomy":"product_cat","embeddable":true,"href":"https:\/\/chessgamesemporium.com\/fr\/wp-json\/wp\/v2\/product_cat?post=51730"},{"taxonomy":"product_tag","embeddable":true,"href":"https:\/\/chessgamesemporium.com\/fr\/wp-json\/wp\/v2\/product_tag?post=51730"}],"curies":[{"name":"wp","href":"https:\/\/api.w.org\/{rel}","templated":true}]}}