{"id":51840,"date":"2023-10-09T12:13:41","date_gmt":"2023-10-09T12:13:41","guid":{"rendered":"https:\/\/chessgamesemporium.com\/?post_type=product&#038;p=51840"},"modified":"2023-10-09T12:13:42","modified_gmt":"2023-10-09T12:13:42","slug":"lesene-go-sklede","status":"publish","type":"product","link":"https:\/\/chessgamesemporium.com\/fr\/shop\/go-igra\/table-kamni-dodatki\/lesene-go-sklede\/","title":{"rendered":"Boules de Go en bois"},"content":{"rendered":"<p>Le Go est un jeu de strat\u00e9gie captivant pour deux joueurs.<br \/>\nLe but du jeu est d'occuper une zone aussi grande que possible et d'encercler les pions adverses. Gr\u00e2ce \u00e0 ses r\u00e8gles simples, le Go offre d'innombrables variantes.<br \/>\nLe jeu se joue sur un plateau avec des pierres noires et blanches. Chaque joueur choisit une couleur, puis place \u00e0 tour de r\u00f4le ses pierres aux intersections des lignes du plateau. Le gagnant est celui qui occupe la plus grande zone et capture le plus de pions adverses.<\/p>\n<p>2 boules rondes en bois<\/p>\n<p>Ne convient pas aux enfants de moins de 3 ans.<\/p>","protected":false},"excerpt":{"rendered":"<p>Go je zanimiva strate\u0161ka igra za dva igralca. Cilj igre je zasesti \u010dimve\u010dje obmo\u010dje igralne plo\u0161\u010de in pobrati nasprotnikove kamen\u010dke. Ker ima Go tako malo pravil, obstaja ne\u0161teto variant, kako igrati. Igralca si dolo\u010dita barve, nato pa se izmenjujeta v postavljanju in premikanju po \u201ckri\u017ei\u0161\u010dih\u201d na igralni plo\u0161\u010di. Zmagovalec je igralec, ki je zasedel najve\u010dji [&hellip;]<\/p>","protected":false},"featured_media":51871,"comment_status":"closed","ping_status":"closed","template":"","meta":{"_seopress_robots_primary_cat":"","_seopress_titles_title":"","_seopress_titles_desc":"","_seopress_robots_index":""},"product_brand":[],"product_cat":[612,613],"product_tag":[],"class_list":{"0":"post-51840","1":"product","2":"type-product","3":"status-publish","4":"has-post-thumbnail","6":"product_cat-go-igra","7":"product_cat-table-kamni-dodatki","9":"entry","10":"has-media","12":"first","13":"instock","14":"taxable","15":"shipping-taxable","16":"purchasable","17":"product-type-simple","18":"has-product-nav","19":"col","20":"span_1_of_4","21":"owp-content-center","22":"item-entry","23":"owp-thumbs-layout-horizontal","24":"owp-btn-normal","25":"owp-tabs-layout-section"},"wcpa_form_fields":null,"_links":{"self":[{"href":"https:\/\/chessgamesemporium.com\/fr\/wp-json\/wp\/v2\/product\/51840","targetHints":{"allow":["GET"]}}],"collection":[{"href":"https:\/\/chessgamesemporium.com\/fr\/wp-json\/wp\/v2\/product"}],"about":[{"href":"https:\/\/chessgamesemporium.com\/fr\/wp-json\/wp\/v2\/types\/product"}],"replies":[{"embeddable":true,"href":"https:\/\/chessgamesemporium.com\/fr\/wp-json\/wp\/v2\/comments?post=51840"}],"version-history":[{"count":0,"href":"https:\/\/chessgamesemporium.com\/fr\/wp-json\/wp\/v2\/product\/51840\/revisions"}],"wp:featuredmedia":[{"embeddable":true,"href":"https:\/\/chessgamesemporium.com\/fr\/wp-json\/wp\/v2\/media\/51871"}],"wp:attachment":[{"href":"https:\/\/chessgamesemporium.com\/fr\/wp-json\/wp\/v2\/media?parent=51840"}],"wp:term":[{"taxonomy":"product_brand","embeddable":true,"href":"https:\/\/chessgamesemporium.com\/fr\/wp-json\/wp\/v2\/product_brand?post=51840"},{"taxonomy":"product_cat","embeddable":true,"href":"https:\/\/chessgamesemporium.com\/fr\/wp-json\/wp\/v2\/product_cat?post=51840"},{"taxonomy":"product_tag","embeddable":true,"href":"https:\/\/chessgamesemporium.com\/fr\/wp-json\/wp\/v2\/product_tag?post=51840"}],"curies":[{"name":"wp","href":"https:\/\/api.w.org\/{rel}","templated":true}]}}