{"id":51889,"date":"2023-10-09T12:40:24","date_gmt":"2023-10-09T12:40:24","guid":{"rendered":"https:\/\/chessgamesemporium.com\/?post_type=product&#038;p=51889"},"modified":"2024-09-20T08:15:56","modified_gmt":"2024-09-20T08:15:56","slug":"go-knjiga-graded-go-problems-vol-1","status":"publish","type":"product","link":"https:\/\/chessgamesemporium.com\/fr\/shop\/go-igra\/knjige-za-go\/go-knjiga-graded-go-problems-vol-1\/","title":{"rendered":"Livre de Go GRADED GO PROBLEMS, Vol. 1"},"content":{"rendered":"<p>Auteur : Kano Yoshinori<br \/>\nAnn\u00e9e de publication : 1985<br \/>\nLangue : Anglais<br \/>\nP\u00e1ginas: 215<br \/>\nDimensions : 14,8 x 21 cm<br \/>\nCouverture : Souple<\/p>\n<p>Volume 1 : Probl\u00e8mes pour d\u00e9butants (30-kyu \u00e0 25-kyu)<\/p>\n<p>Ce recueil de probl\u00e8mes en quatre volumes est destin\u00e9 aux joueurs apprenant les r\u00e8gles du go.<\/p>\n<p>Les quelque 1500 probl\u00e8mes qu'il contient couvrent toutes les phases du jeu, de l'ouverture \u00e0 la finale. Il est suppos\u00e9 que le lecteur \u00e9tudie d\u00e9j\u00e0 un bon manuel d'initiation au go, tel que \u00ab Go: A Complete Introduction to the Game \u00bb de Cho Chikun. Un bref r\u00e9sum\u00e9 des r\u00e8gles est toutefois inclus \u00e0 titre de r\u00e9f\u00e9rence.<\/p>","protected":false},"excerpt":{"rendered":"<p>Avtor Kano Yoshinori Leto izdaje 1985 Jezik Angle\u0161ki \u0160t. strani 215 Format 14,8 x 21 cm Platnice mehke Prvi del: Za\u010detni Problemi (30-kyu do 25-kyu) Graded Go Problems For Beginners so idealne knjige za igralce, ki so se pravkar nau\u010dili pravila go-ja, saj zdru\u017eujejo preprostost la\u017eje razumljivih za\u010detni\u0161kih knjig z izzivi bolj &#8220;naprednih&#8221; osnovnih knjig. [&hellip;]<\/p>","protected":false},"featured_media":51914,"comment_status":"closed","ping_status":"closed","template":"","meta":{"_seopress_robots_primary_cat":"none","_seopress_titles_title":"","_seopress_titles_desc":"","_seopress_robots_index":""},"product_brand":[],"product_cat":[612,614],"product_tag":[],"class_list":{"0":"post-51889","1":"product","2":"type-product","3":"status-publish","4":"has-post-thumbnail","6":"product_cat-go-igra","7":"product_cat-knjige-za-go","9":"entry","10":"has-media","12":"first","13":"instock","14":"taxable","15":"shipping-taxable","16":"purchasable","17":"product-type-simple","18":"has-product-nav","19":"col","20":"span_1_of_4","21":"owp-content-center","22":"item-entry","23":"owp-thumbs-layout-horizontal","24":"owp-btn-normal","25":"owp-tabs-layout-section","26":"has-no-thumbnails"},"wcpa_form_fields":null,"_links":{"self":[{"href":"https:\/\/chessgamesemporium.com\/fr\/wp-json\/wp\/v2\/product\/51889","targetHints":{"allow":["GET"]}}],"collection":[{"href":"https:\/\/chessgamesemporium.com\/fr\/wp-json\/wp\/v2\/product"}],"about":[{"href":"https:\/\/chessgamesemporium.com\/fr\/wp-json\/wp\/v2\/types\/product"}],"replies":[{"embeddable":true,"href":"https:\/\/chessgamesemporium.com\/fr\/wp-json\/wp\/v2\/comments?post=51889"}],"version-history":[{"count":0,"href":"https:\/\/chessgamesemporium.com\/fr\/wp-json\/wp\/v2\/product\/51889\/revisions"}],"wp:featuredmedia":[{"embeddable":true,"href":"https:\/\/chessgamesemporium.com\/fr\/wp-json\/wp\/v2\/media\/51914"}],"wp:attachment":[{"href":"https:\/\/chessgamesemporium.com\/fr\/wp-json\/wp\/v2\/media?parent=51889"}],"wp:term":[{"taxonomy":"product_brand","embeddable":true,"href":"https:\/\/chessgamesemporium.com\/fr\/wp-json\/wp\/v2\/product_brand?post=51889"},{"taxonomy":"product_cat","embeddable":true,"href":"https:\/\/chessgamesemporium.com\/fr\/wp-json\/wp\/v2\/product_cat?post=51889"},{"taxonomy":"product_tag","embeddable":true,"href":"https:\/\/chessgamesemporium.com\/fr\/wp-json\/wp\/v2\/product_tag?post=51889"}],"curies":[{"name":"wp","href":"https:\/\/api.w.org\/{rel}","templated":true}]}}