{"id":52091,"date":"2023-10-11T05:47:54","date_gmt":"2023-10-11T05:47:54","guid":{"rendered":"https:\/\/chessgamesemporium.com\/?post_type=product&#038;p=52091"},"modified":"2024-02-15T09:19:40","modified_gmt":"2024-02-15T09:19:40","slug":"sahovski-komplet-modern-brown","status":"publish","type":"product","link":"https:\/\/chessgamesemporium.com\/fr\/shop\/sahovski-kompleti\/sestavljeni-kompleti\/sahovski-komplet-modern-brown\/","title":{"rendered":"Jeu d'\u00e9checs MODERN BROWN"},"content":{"rendered":"<p>Pi\u00e8ces d'\u00e9checs :<br \/>\nPi\u00e8ces d'\u00e9checs au design moderne<br \/>\nFabriqu\u00e9es \u00e0 la main et laqu\u00e9es<br \/>\nFeutr\u00e9es<br \/>\nId\u00e9al pour les \u00e9chiquiers dont les cases mesurent entre 45 et 50 mm.<\/p>\n<p>Dimensions : (hauteur | largeur de la base)<br \/>\nRoi : 7,5 cm | 2,7 cm<br \/>\nReine : 7,5 cm | 2,7 cm<br \/>\nTour : 4,4 cm | 2,7 cm<br \/>\nFou : 5,9 cm | 2,7 cm<br \/>\nCavalier : 4,8 cm | 2,7 cm<br \/>\nPion : 4,1 cm | 2,6 cm<\/p>\n<p>\u00c9chiquier en bois :<br \/>\nUn \u00e9chiquier de luxe en fr\u00eane orn\u00e9 de mosa\u00efques.<\/p>\n<p>Cet \u00e9chiquier est laiss\u00e9 brut, laissant transpara\u00eetre les couleurs naturelles du bois.<br \/>\nIl est verni pour rehausser son \u00e9clat et prot\u00e9ger le bois.<\/p>\n<p>Dimensions des cases : 45 x 45 mm<br \/>\nDimensions de l'\u00e9chiquier : 48 \u00d7 48 \u00d7 5 cm<\/p>\n<p>Attention ! Ne convient pas aux enfants de moins de 3 ans en raison des petites pi\u00e8ces ! Risque d'\u00e9touffement.<\/p>","protected":false},"excerpt":{"rendered":"<p>Figure: Moderno oblikovane \u0161ahovske figure Ro\u010dno izdelane in ro\u010dno barvane Podlo\u017eene Primerne za \u0161ahovnice s poljem med 45 in 50 mm Dimenzije: (vi\u0161ina | premer podlage) Kralj: 7,5 cm | 2,7 cm Dama: 6,3 cm | 2,7 cm Top: 4,4 cm | 2,7 cm Lovec: 5,9 cm | 2,7 cm Skaka\u010d: 4,8 cm | 2,7 [&hellip;]<\/p>","protected":false},"featured_media":52128,"comment_status":"closed","ping_status":"closed","template":"","meta":{"_seopress_robots_primary_cat":"none","_seopress_titles_title":"","_seopress_titles_desc":"","_seopress_robots_index":""},"product_brand":[],"product_cat":[581,510],"product_tag":[],"class_list":{"0":"post-52091","1":"product","2":"type-product","3":"status-publish","4":"has-post-thumbnail","6":"product_cat-sestavljeni-kompleti","7":"product_cat-sahovski-kompleti","9":"entry","10":"has-media","12":"first","13":"instock","14":"taxable","15":"shipping-taxable","16":"purchasable","17":"product-type-simple","18":"has-product-nav","19":"col","20":"span_1_of_4","21":"owp-content-center","22":"item-entry","23":"owp-thumbs-layout-horizontal","24":"owp-btn-normal","25":"owp-tabs-layout-section"},"wcpa_form_fields":null,"_links":{"self":[{"href":"https:\/\/chessgamesemporium.com\/fr\/wp-json\/wp\/v2\/product\/52091","targetHints":{"allow":["GET"]}}],"collection":[{"href":"https:\/\/chessgamesemporium.com\/fr\/wp-json\/wp\/v2\/product"}],"about":[{"href":"https:\/\/chessgamesemporium.com\/fr\/wp-json\/wp\/v2\/types\/product"}],"replies":[{"embeddable":true,"href":"https:\/\/chessgamesemporium.com\/fr\/wp-json\/wp\/v2\/comments?post=52091"}],"version-history":[{"count":0,"href":"https:\/\/chessgamesemporium.com\/fr\/wp-json\/wp\/v2\/product\/52091\/revisions"}],"wp:featuredmedia":[{"embeddable":true,"href":"https:\/\/chessgamesemporium.com\/fr\/wp-json\/wp\/v2\/media\/52128"}],"wp:attachment":[{"href":"https:\/\/chessgamesemporium.com\/fr\/wp-json\/wp\/v2\/media?parent=52091"}],"wp:term":[{"taxonomy":"product_brand","embeddable":true,"href":"https:\/\/chessgamesemporium.com\/fr\/wp-json\/wp\/v2\/product_brand?post=52091"},{"taxonomy":"product_cat","embeddable":true,"href":"https:\/\/chessgamesemporium.com\/fr\/wp-json\/wp\/v2\/product_cat?post=52091"},{"taxonomy":"product_tag","embeddable":true,"href":"https:\/\/chessgamesemporium.com\/fr\/wp-json\/wp\/v2\/product_tag?post=52091"}],"curies":[{"name":"wp","href":"https:\/\/api.w.org\/{rel}","templated":true}]}}