{"id":52093,"date":"2023-10-11T06:02:42","date_gmt":"2023-10-11T06:02:42","guid":{"rendered":"https:\/\/chessgamesemporium.com\/?post_type=product&#038;p=52093"},"modified":"2024-02-15T09:20:32","modified_gmt":"2024-02-15T09:20:32","slug":"sahovski-komplet-dubrovnik-royal-s-brown","status":"publish","type":"product","link":"https:\/\/chessgamesemporium.com\/fr\/shop\/sahovski-kompleti\/sestavljeni-kompleti\/sahovski-komplet-dubrovnik-royal-s-brown\/","title":{"rendered":"Jeu d'\u00e9checs DUBROVNIK ROYAL S BROWN"},"content":{"rendered":"<p>Pi\u00e8ces d'\u00e9checs Dubrovnik Royal :<br \/>\nUn magnifique jeu de pi\u00e8ces d'\u00e9checs, avec un cavalier finement d\u00e9taill\u00e9.<br \/>\nLest\u00e9es et feutr\u00e9es<\/p>\n<p>Dimensions : (hauteur | largeur de la base)<br \/>\nRoi: 7,9 cm | 3,2 cm<br \/>\nReine : 6,5 cm | 3,2 cm<br \/>\nTour : 4,5 cm | 2,7 cm<br \/>\nFou: 5,8 cm | 2,7 cm<br \/>\nCavalier : 5,0 cm | 2,7 cm<br \/>\nPion : 3,9 cm | 2,4 cm<\/p>\n<p>\u00c9chiquier :<br \/>\nUn \u00e9chiquier de luxe en bois orn\u00e9 d'une mosa\u00efque artistique. Non peint, il laisse transpara\u00eetre les couleurs naturelles du bois. Un vernis protecteur rehausse son \u00e9clat.<\/p>\n<p>Dimensions des cases : 45 x 45 mm<br \/>\nDimensions de l'\u00e9chiquier : 48 \u00d7 48 \u00d7 5 cm<\/p>\n<p>Attention ! Ne convient pas aux enfants de moins de 3 ans en raison des petites pi\u00e8ces ! Risque d'\u00e9touffement.<\/p>","protected":false},"excerpt":{"rendered":"<p>Figure Dubrovnik Royal: Zelo lepo izoblikovane figure, detajliran skaka\u010d. Obte\u017eene in podlo\u017eene Dimenzije: (vi\u0161ina | premer podlage) Kralj: 7,9 cm | 3,2 cm Dama: 6,5 cm | 3,2 cm Top: 4,5 cm | 2,7 cm Lovec: 5,8 cm | 2,7 cm Skaka\u010d: 5,0 cm | 2,7 cm Kmet: 3,9 cm | 2,4 cm \u0160ahovnica Luksuzna [&hellip;]<\/p>","protected":false},"featured_media":52132,"comment_status":"closed","ping_status":"closed","template":"","meta":{"_seopress_robots_primary_cat":"none","_seopress_titles_title":"","_seopress_titles_desc":"","_seopress_robots_index":""},"product_brand":[],"product_cat":[510,581],"product_tag":[],"class_list":{"0":"post-52093","1":"product","2":"type-product","3":"status-publish","4":"has-post-thumbnail","6":"product_cat-sahovski-kompleti","7":"product_cat-sestavljeni-kompleti","9":"entry","10":"has-media","12":"first","13":"instock","14":"taxable","15":"shipping-taxable","16":"purchasable","17":"product-type-simple","18":"has-product-nav","19":"col","20":"span_1_of_4","21":"owp-content-center","22":"item-entry","23":"owp-thumbs-layout-horizontal","24":"owp-btn-normal","25":"owp-tabs-layout-section"},"wcpa_form_fields":null,"_links":{"self":[{"href":"https:\/\/chessgamesemporium.com\/fr\/wp-json\/wp\/v2\/product\/52093","targetHints":{"allow":["GET"]}}],"collection":[{"href":"https:\/\/chessgamesemporium.com\/fr\/wp-json\/wp\/v2\/product"}],"about":[{"href":"https:\/\/chessgamesemporium.com\/fr\/wp-json\/wp\/v2\/types\/product"}],"replies":[{"embeddable":true,"href":"https:\/\/chessgamesemporium.com\/fr\/wp-json\/wp\/v2\/comments?post=52093"}],"version-history":[{"count":0,"href":"https:\/\/chessgamesemporium.com\/fr\/wp-json\/wp\/v2\/product\/52093\/revisions"}],"wp:featuredmedia":[{"embeddable":true,"href":"https:\/\/chessgamesemporium.com\/fr\/wp-json\/wp\/v2\/media\/52132"}],"wp:attachment":[{"href":"https:\/\/chessgamesemporium.com\/fr\/wp-json\/wp\/v2\/media?parent=52093"}],"wp:term":[{"taxonomy":"product_brand","embeddable":true,"href":"https:\/\/chessgamesemporium.com\/fr\/wp-json\/wp\/v2\/product_brand?post=52093"},{"taxonomy":"product_cat","embeddable":true,"href":"https:\/\/chessgamesemporium.com\/fr\/wp-json\/wp\/v2\/product_cat?post=52093"},{"taxonomy":"product_tag","embeddable":true,"href":"https:\/\/chessgamesemporium.com\/fr\/wp-json\/wp\/v2\/product_tag?post=52093"}],"curies":[{"name":"wp","href":"https:\/\/api.w.org\/{rel}","templated":true}]}}