{"id":52305,"date":"2023-10-12T07:57:09","date_gmt":"2023-10-12T07:57:09","guid":{"rendered":"https:\/\/chessgamesemporium.com\/?post_type=product&#038;p=52305"},"modified":"2026-04-20T15:33:22","modified_gmt":"2026-04-20T15:33:22","slug":"digitalna-sahovska-ura-dgt-2500","status":"publish","type":"product","link":"https:\/\/chessgamesemporium.com\/fr\/shop\/sahovske-ure\/digitalne-ure\/digitalna-sahovska-ura-dgt-2500\/","title":{"rendered":"DGT 2500 horloge d\u2019\u00e9checs num\u00e9rique \u2013 FIDE tournoi"},"content":{"rendered":"<p>La DGT2500 est la nouvelle r\u00e9f\u00e9rence en mati\u00e8re de chronom\u00e9trage, approuv\u00e9e et recommand\u00e9e par la F\u00e9d\u00e9ration Internationale des \u00c9checs (FIDE).<br \/>\nUne horloge d'\u00e9checs exceptionnelle, con\u00e7ue pour r\u00e9pondre aux besoins de tous les joueurs. Forte de 30 ans d'exp\u00e9rience et de nombreuses ann\u00e9es de recherche, DGT a perfectionn\u00e9 son mod\u00e8le phare. Gr\u00e2ce \u00e0 ces am\u00e9liorations, la DGT2500 est la meilleure horloge d'\u00e9checs du march\u00e9.<\/p>\n<p>Utilis\u00e9e dans les clubs d\u2019\u00e9checs et les tournois du monde entier comme une horloge fiable et facile \u00e0 utiliser.<\/p>\n<p>Points forts :<br \/>\nAffichage ultra-clair<br \/>\nOptions de chronom\u00e9trage am\u00e9lior\u00e9es<br \/>\nLevier plus visible<br \/>\nUtilisation intuitive<br \/>\nConsommation d'\u00e9nergie r\u00e9duite<br \/>\nGarantie de qualit\u00e9 DGT<br \/>\nBarre de drapeaux innovante<br \/>\nTransition automatique des p\u00e9riodes (en option)<br \/>\nP\u00e9nalit\u00e9 pour temps rapide<br \/>\nRecommand\u00e9e par la FIDE<\/p>\n<p>Dimensions de la pendule : 198 x 110 x 60 mm<br \/>\nDimensions de l'\u00e9cran : 174 x 32 mm<br \/>\nPoids : 320 g<\/p>\n<p>Caract\u00e9ristiques techniques<br \/>\nPiles<br \/>\n2 piles AA (fournies)<br \/>\nPr\u00e9cision<br \/>\nmax. 0,5 s\/h<br \/>\nBo\u00eetier<br \/>\nplastique ABS<\/p>","protected":false},"excerpt":{"rendered":"<p>La DGT 2500 est une horloge d\u2019\u00e9checs num\u00e9rique homologu\u00e9e par la FIDE. Elle dispose d\u2019un grand \u00e9cran, de plusieurs syst\u00e8mes de temps et prend en charge l\u2019incr\u00e9ment et le d\u00e9lai. Id\u00e9ale pour les clubs et joueurs s\u00e9rieux.<\/p>","protected":false},"featured_media":52308,"comment_status":"closed","ping_status":"closed","template":"","meta":{"_seopress_robots_primary_cat":"none","_seopress_titles_title":"Digitalna \u0161ahovska ura DGT 2500 \u2013 FIDE, turnirska","_seopress_titles_desc":"","_seopress_robots_index":""},"product_brand":[],"product_cat":[520,513],"product_tag":[],"class_list":{"0":"post-52305","1":"product","2":"type-product","3":"status-publish","4":"has-post-thumbnail","6":"product_cat-digitalne-ure","7":"product_cat-sahovske-ure","9":"entry","10":"has-media","12":"first","13":"instock","14":"sale","15":"taxable","16":"shipping-taxable","17":"purchasable","18":"product-type-simple","19":"has-product-nav","20":"col","21":"span_1_of_4","22":"owp-content-center","23":"item-entry","24":"owp-thumbs-layout-horizontal","25":"owp-btn-normal","26":"owp-tabs-layout-section"},"wcpa_form_fields":null,"_links":{"self":[{"href":"https:\/\/chessgamesemporium.com\/fr\/wp-json\/wp\/v2\/product\/52305","targetHints":{"allow":["GET"]}}],"collection":[{"href":"https:\/\/chessgamesemporium.com\/fr\/wp-json\/wp\/v2\/product"}],"about":[{"href":"https:\/\/chessgamesemporium.com\/fr\/wp-json\/wp\/v2\/types\/product"}],"replies":[{"embeddable":true,"href":"https:\/\/chessgamesemporium.com\/fr\/wp-json\/wp\/v2\/comments?post=52305"}],"version-history":[{"count":0,"href":"https:\/\/chessgamesemporium.com\/fr\/wp-json\/wp\/v2\/product\/52305\/revisions"}],"wp:featuredmedia":[{"embeddable":true,"href":"https:\/\/chessgamesemporium.com\/fr\/wp-json\/wp\/v2\/media\/52308"}],"wp:attachment":[{"href":"https:\/\/chessgamesemporium.com\/fr\/wp-json\/wp\/v2\/media?parent=52305"}],"wp:term":[{"taxonomy":"product_brand","embeddable":true,"href":"https:\/\/chessgamesemporium.com\/fr\/wp-json\/wp\/v2\/product_brand?post=52305"},{"taxonomy":"product_cat","embeddable":true,"href":"https:\/\/chessgamesemporium.com\/fr\/wp-json\/wp\/v2\/product_cat?post=52305"},{"taxonomy":"product_tag","embeddable":true,"href":"https:\/\/chessgamesemporium.com\/fr\/wp-json\/wp\/v2\/product_tag?post=52305"}],"curies":[{"name":"wp","href":"https:\/\/api.w.org\/{rel}","templated":true}]}}