{"id":52405,"date":"2023-10-12T10:38:09","date_gmt":"2023-10-12T10:38:09","guid":{"rendered":"https:\/\/chessgamesemporium.com\/?post_type=product&#038;p=52405"},"modified":"2026-05-05T13:23:45","modified_gmt":"2026-05-05T13:23:45","slug":"lesene-sahovske-figure-staunton-box-5","status":"publish","type":"product","link":"https:\/\/chessgamesemporium.com\/fr\/shop\/sahovske-figure\/lesene-figure\/lesene-sahovske-figure-staunton-box-5\/","title":{"rendered":"Pi\u00e8ces d'\u00e9checs en bois STAUNTON BOX 5"},"content":{"rendered":"<p>Socle : Feutr\u00e9<br \/>\nMat\u00e9riau : charme<br \/>\nCouleur : Bois naturel, brun<\/p>\n<p>Dimensions : (hauteur | largeur de la base)<br \/>\nRoi : 9,2 cm | 3,2 cm<br \/>\nReine : 8,3 cm | 3,2 cm<br \/>\nTour : 5,3 cm | 2,8 cm<br \/>\nFou : 6,7 cm | 2,9 cm<br \/>\nCavalier: 5,9 cm | 2,8 cm<br \/>\nPion : 4,5 cm | 2,4 cm<\/p>\n<p>Le jeu d'\u00e9checs en bois Staunton Box 5 est un ensemble de qualit\u00e9, fid\u00e8le au style classique de Staunton. Fabriqu\u00e9es en charme robuste, ces pi\u00e8ces offrent une grande durabilit\u00e9 et un toucher agr\u00e9able. L'ensemble comprend 32 pi\u00e8ces d'\u00e9checs standard, id\u00e9ales pour les parties s\u00e9rieuses comme pour le simple plaisir des yeux.<\/p>\n<p>Chaque pi\u00e8ce est lest\u00e9e et poss\u00e8de un socle feutr\u00e9, assurant stabilit\u00e9, rapidit\u00e9 et silence de d\u00e9placement, tout en prot\u00e9geant la surface de jeu. Ce coffret comprend une \u00e9l\u00e9gante bo\u00eete en bois dot\u00e9e de 32 compartiments s\u00e9par\u00e9s pour ranger et transporter vos pi\u00e8ces d'\u00e9checs en toute s\u00e9curit\u00e9 \u2013 id\u00e9ale pour organiser votre collection Muba Chess Shop !<\/p>\n<p>Ce coffret convient aussi bien aux clubs d'\u00e9checs qu'aux joueurs occasionnels, car il allie fonctionnalit\u00e9, \u00e9l\u00e9gance et dimensions parfaites pour le jeu.<\/p>\n<p>Coffret en bois avec 32 tiroirs pour ranger chaque pi\u00e8ce individuellement.<br \/>\nDimensions : 34 x 27 x 5 cm<\/p>\n<p>Attention ! Ne convient pas aux enfants de moins de 3 ans en raison des petites pi\u00e8ces ! Risque d'\u00e9touffement.<\/p>","protected":false},"excerpt":{"rendered":"<p>Podlaga: Podlo\u017eene s filcem Material: gaber Barva: naravna barva lesa in rjava Dimenzije: (vi\u0161ina figure | premer podlage) Kralj: 9,2 cm | 3,2 cm Dama: 8,3 cm | 3,2 cm Top: 5,3 cm | 2,8 cm Lovec: 6,7 cm | 2,9 cm Skaka\u010d: 5,9 cm | 2,8 cm Kmet: 4,5 cm | 2,4 cm Lesene [&hellip;]<\/p>","protected":false},"featured_media":52413,"comment_status":"closed","ping_status":"closed","template":"","meta":{"_seopress_robots_primary_cat":"none","_seopress_titles_title":"","_seopress_titles_desc":"","_seopress_robots_index":""},"product_brand":[],"product_cat":[511,522],"product_tag":[],"class_list":{"0":"post-52405","1":"product","2":"type-product","3":"status-publish","4":"has-post-thumbnail","6":"product_cat-sahovske-figure","7":"product_cat-lesene-figure","8":"wcpa_has_options","10":"entry","11":"has-media","13":"first","14":"instock","15":"taxable","16":"shipping-taxable","17":"purchasable","18":"product-type-simple","19":"has-product-nav","20":"col","21":"span_1_of_4","22":"owp-content-center","23":"item-entry","24":"owp-thumbs-layout-horizontal","25":"owp-btn-normal","26":"owp-tabs-layout-section"},"wcpa_form_fields":{"rules":{"pric_overide_base_price":false,"pric_overide_base_price_if_gt_zero":false,"pric_overide_base_price_fully":false,"pric_cal_option_once":false,"pric_use_as_fee":false,"bind_quantity":false,"quantity_bind_formula":false},"fields":[{"type":"text","elementId":"wcpa-text-1666713333654","label":"Gravura ( opcijsko )","description":"Vpi\u0161ite \u017eeljeni tekst za graviranje (npr. Vse najbolj\u0161e, IME, datum ipd.)","desc_type":true,"enablePrice":true,"pricingType":"fixed","price":"7","name":"text-1666713333654","fee_label":"Za naro\u010dnike izven eu, bo davek od\u0161tet na blagajni.","subtype":"text","maxlength":"16","cl_rule":"show","col":6,"relations":false,"form_id":46231,"form_rules":{"pric_cal_option_once":false,"exclude_from_discount":false,"pric_use_as_fee":false,"fee_label":"Fee","render_after_acb":false,"disp_hide_options_price":false}}]},"_links":{"self":[{"href":"https:\/\/chessgamesemporium.com\/fr\/wp-json\/wp\/v2\/product\/52405","targetHints":{"allow":["GET"]}}],"collection":[{"href":"https:\/\/chessgamesemporium.com\/fr\/wp-json\/wp\/v2\/product"}],"about":[{"href":"https:\/\/chessgamesemporium.com\/fr\/wp-json\/wp\/v2\/types\/product"}],"replies":[{"embeddable":true,"href":"https:\/\/chessgamesemporium.com\/fr\/wp-json\/wp\/v2\/comments?post=52405"}],"version-history":[{"count":2,"href":"https:\/\/chessgamesemporium.com\/fr\/wp-json\/wp\/v2\/product\/52405\/revisions"}],"predecessor-version":[{"id":64496,"href":"https:\/\/chessgamesemporium.com\/fr\/wp-json\/wp\/v2\/product\/52405\/revisions\/64496"}],"wp:featuredmedia":[{"embeddable":true,"href":"https:\/\/chessgamesemporium.com\/fr\/wp-json\/wp\/v2\/media\/52413"}],"wp:attachment":[{"href":"https:\/\/chessgamesemporium.com\/fr\/wp-json\/wp\/v2\/media?parent=52405"}],"wp:term":[{"taxonomy":"product_brand","embeddable":true,"href":"https:\/\/chessgamesemporium.com\/fr\/wp-json\/wp\/v2\/product_brand?post=52405"},{"taxonomy":"product_cat","embeddable":true,"href":"https:\/\/chessgamesemporium.com\/fr\/wp-json\/wp\/v2\/product_cat?post=52405"},{"taxonomy":"product_tag","embeddable":true,"href":"https:\/\/chessgamesemporium.com\/fr\/wp-json\/wp\/v2\/product_tag?post=52405"}],"curies":[{"name":"wp","href":"https:\/\/api.w.org\/{rel}","templated":true}]}}