{"id":52830,"date":"2023-10-18T06:19:25","date_gmt":"2023-10-18T06:19:25","guid":{"rendered":"https:\/\/chessgamesemporium.com\/?post_type=product&#038;p=52830"},"modified":"2024-09-19T09:22:43","modified_gmt":"2024-09-19T09:22:43","slug":"3d-kartonska-sestavljanka-berlinska-katedrala","status":"publish","type":"product","link":"https:\/\/chessgamesemporium.com\/fr\/shop\/sestavljanke-puzzle\/3d-kartonaste-sestavljanke\/3d-kartonska-sestavljanka-berlinska-katedrala\/","title":{"rendered":"3D Kartonska Sestavljanka BERLINSKA KATEDRALA"},"content":{"rendered":"<p>Puzzle 3D en carton, mod\u00e8le<\/p>\n<p>Dimenzije 35 x 31 x 22 cm<br \/>\n\u0160tevilo kartonov s kosi: 9,5<br \/>\nDifficult\u00e9 : 3<br \/>\nRazmerje: 1:300<\/p>\n<p>Berlinska katerdrala se nahaja na Muzejskem otoku v okro\u017eju Mitte. Zgradba, kot jo lahko vidimo danes, je bila dokon\u010dana leta 1905 in je glavno delo arhitekture &#8220;Kaiserzeita&#8221;.<br \/>\nTa kupola je \u017eupnijska cerkev skupnosti Gemeinde der Oberpfarr- und Domkirche zu Berlin. Berlinska katedrala v pravem smislu nikoli ni bila zares katedrala, saj nikoli ni bila sede\u017e \u0161kofije.<\/p>\n<p>Attention ! Ne convient pas aux enfants de moins de 3 ans en raison des petites pi\u00e8ces ! Risque d'\u00e9touffement.<\/p>","protected":false},"excerpt":{"rendered":"<p>3D sestavljanka, model iz kartona Dimenzije 35 x 31 x 22 cm \u0160tevilo kartonov s kosi: 9,5 Ocena te\u017eavnosti: 3 Razmerje: 1:300 Berlinska katerdrala se nahaja na Muzejskem otoku v okro\u017eju Mitte. Zgradba, kot jo lahko vidimo danes, je bila dokon\u010dana leta 1905 in je glavno delo arhitekture &#8220;Kaiserzeita&#8221;. Ta kupola je \u017eupnijska cerkev skupnosti [&hellip;]<\/p>","protected":false},"featured_media":52833,"comment_status":"closed","ping_status":"closed","template":"","meta":{"_seopress_robots_primary_cat":"none","_seopress_titles_title":"","_seopress_titles_desc":"","_seopress_robots_index":""},"product_brand":[],"product_cat":[664,617],"product_tag":[],"class_list":{"0":"post-52830","1":"product","2":"type-product","3":"status-publish","4":"has-post-thumbnail","6":"product_cat-3d-kartonaste-sestavljanke","7":"product_cat-sestavljanke-puzzle","9":"entry","10":"has-media","12":"first","13":"instock","14":"taxable","15":"shipping-taxable","16":"purchasable","17":"product-type-simple","18":"has-product-nav","19":"col","20":"span_1_of_4","21":"owp-content-center","22":"item-entry","23":"owp-thumbs-layout-horizontal","24":"owp-btn-normal","25":"owp-tabs-layout-section","26":"has-no-thumbnails"},"wcpa_form_fields":null,"_links":{"self":[{"href":"https:\/\/chessgamesemporium.com\/fr\/wp-json\/wp\/v2\/product\/52830","targetHints":{"allow":["GET"]}}],"collection":[{"href":"https:\/\/chessgamesemporium.com\/fr\/wp-json\/wp\/v2\/product"}],"about":[{"href":"https:\/\/chessgamesemporium.com\/fr\/wp-json\/wp\/v2\/types\/product"}],"replies":[{"embeddable":true,"href":"https:\/\/chessgamesemporium.com\/fr\/wp-json\/wp\/v2\/comments?post=52830"}],"version-history":[{"count":0,"href":"https:\/\/chessgamesemporium.com\/fr\/wp-json\/wp\/v2\/product\/52830\/revisions"}],"wp:featuredmedia":[{"embeddable":true,"href":"https:\/\/chessgamesemporium.com\/fr\/wp-json\/wp\/v2\/media\/52833"}],"wp:attachment":[{"href":"https:\/\/chessgamesemporium.com\/fr\/wp-json\/wp\/v2\/media?parent=52830"}],"wp:term":[{"taxonomy":"product_brand","embeddable":true,"href":"https:\/\/chessgamesemporium.com\/fr\/wp-json\/wp\/v2\/product_brand?post=52830"},{"taxonomy":"product_cat","embeddable":true,"href":"https:\/\/chessgamesemporium.com\/fr\/wp-json\/wp\/v2\/product_cat?post=52830"},{"taxonomy":"product_tag","embeddable":true,"href":"https:\/\/chessgamesemporium.com\/fr\/wp-json\/wp\/v2\/product_tag?post=52830"}],"curies":[{"name":"wp","href":"https:\/\/api.w.org\/{rel}","templated":true}]}}