{"id":52840,"date":"2023-10-18T06:35:17","date_gmt":"2023-10-18T06:35:17","guid":{"rendered":"https:\/\/chessgamesemporium.com\/?post_type=product&#038;p=52840"},"modified":"2024-09-19T09:20:31","modified_gmt":"2024-09-19T09:20:31","slug":"3d-kartonska-sestavljanka-hohenzollern","status":"publish","type":"product","link":"https:\/\/chessgamesemporium.com\/fr\/shop\/sestavljanke-puzzle\/3d-kartonaste-sestavljanke\/3d-kartonska-sestavljanka-hohenzollern\/","title":{"rendered":"Puzzle 3D en carton HOHENZOLLERN"},"content":{"rendered":"<p>Puzzle 3D en carton, mod\u00e8le<\/p>\n<p>Dimensions: 62 x 36 x 30 cm<br \/>\nNombre de feuilles : 9<br \/>\nDifficult\u00e9 : 3<br \/>\n\u00c9chelle : 1\/1250<br \/>\nConvient aux r\u00e9seaux de mod\u00e9lisme ferroviaire<\/p>\n<p>Le ch\u00e2teau de Hohenzollern fut jadis la demeure ancestrale des princes de Hohenzollern. Il se dresse dans l'ancienne principaut\u00e9 de Hohenzollern-Hechingen, sur le Zollernberg, un sommet escarp\u00e9 du Jura souabe culminant \u00e0 855 m. La premi\u00e8re mention d'un ch\u00e2teau \u00e0 cet emplacement figure dans des documents historiques datant de la fin du IXe si\u00e8cle. Les fortifications ult\u00e9rieures, construites au XIe si\u00e8cle, furent prises et d\u00e9truites par les troupes coalis\u00e9es de la comtesse Henriette de Wurtemberg et des villes du Reich souabe le 15 mai 1423. Le ch\u00e2teau fut reconstruit avec l'aide du margrave Albert Achille de Brandebourg. Des b\u00e2timents d'origine, seule la chapelle Saint-Michel subsiste. Il est toujours debout aujourd'hui. Durant la guerre de Trente Ans, le ch\u00e2teau de Hohenzollern fut souvent au c\u0153ur des combats et changea fr\u00e9quemment de propri\u00e9taires. Conquis par les troupes du Wurtemberg en 1634, il fut occup\u00e9 par les Bavarois en 1635, puis ravag\u00e9 par les Su\u00e9dois, et enfin occup\u00e9 apr\u00e8s 1650 par les troupes du Kaiser. Jusqu'en 1798, l'Autriche avait le droit d'y stationner des troupes moyennant une redevance annuelle de 5 000 florins. Entre-temps, les b\u00e2timents et les fortifications \u00e9taient dans un \u00e9tat de d\u00e9labrement avanc\u00e9. En 1850, influenc\u00e9 par le sens de l'histoire qui caract\u00e9risait le XIXe si\u00e8cle, le roi Fr\u00e9d\u00e9ric-Guillaume IV de Prusse entreprit la reconstruction du ch\u00e2teau. Sa statue se dresse dans le jardin. Les travaux s'achev\u00e8rent en 1867 et le roi Guillaume Ier put recevoir les discours de f\u00e9licitations du Reichstag de l'Allemagne du Nord dans les salles nouvellement construites. Notre maquette repr\u00e9sente le ch\u00e2teau dans sa forme actuelle, qu'il a conserv\u00e9e depuis sa reconstruction au XIXe si\u00e8cle.<\/p>\n<p>Attention ! Ne convient pas aux enfants de moins de 3 ans en raison des petites pi\u00e8ces ! Risque d'\u00e9touffement.<\/p>","protected":false},"excerpt":{"rendered":"<p>3D sestavljanka, model iz kartona Dimenzije 62 x 36 x 30 cm \u0160tevilo kartonov s kosi: 9 Ocena te\u017eavnosti: 3 Razmerje: 1:1250 Primerno za \u017eeleznice: DA Grad Hohenzollern, en izmed najlep\u0161ih nem\u0161kih gradov, le\u017ei na obodu \u0160vabske Jure, par deset kilometrov oddaljen od Stuttgarta. Arhitektura gradu je izjemna kombinacija srednjeve\u0161ke askeze, gotske mistike in o\u010darljivego [&hellip;]<\/p>","protected":false},"featured_media":56031,"comment_status":"closed","ping_status":"closed","template":"","meta":{"_seopress_robots_primary_cat":"none","_seopress_titles_title":"","_seopress_titles_desc":"","_seopress_robots_index":""},"product_brand":[],"product_cat":[664,617,194],"product_tag":[],"class_list":{"0":"post-52840","1":"product","2":"type-product","3":"status-publish","4":"has-post-thumbnail","6":"product_cat-3d-kartonaste-sestavljanke","7":"product_cat-sestavljanke-puzzle","8":"product_cat-vsi-izdelki","10":"entry","11":"has-media","13":"first","14":"instock","15":"taxable","16":"shipping-taxable","17":"purchasable","18":"product-type-simple","19":"has-product-nav","20":"col","21":"span_1_of_4","22":"owp-content-center","23":"item-entry","24":"owp-thumbs-layout-horizontal","25":"owp-btn-normal","26":"owp-tabs-layout-section","27":"has-no-thumbnails"},"wcpa_form_fields":null,"_links":{"self":[{"href":"https:\/\/chessgamesemporium.com\/fr\/wp-json\/wp\/v2\/product\/52840","targetHints":{"allow":["GET"]}}],"collection":[{"href":"https:\/\/chessgamesemporium.com\/fr\/wp-json\/wp\/v2\/product"}],"about":[{"href":"https:\/\/chessgamesemporium.com\/fr\/wp-json\/wp\/v2\/types\/product"}],"replies":[{"embeddable":true,"href":"https:\/\/chessgamesemporium.com\/fr\/wp-json\/wp\/v2\/comments?post=52840"}],"version-history":[{"count":0,"href":"https:\/\/chessgamesemporium.com\/fr\/wp-json\/wp\/v2\/product\/52840\/revisions"}],"wp:featuredmedia":[{"embeddable":true,"href":"https:\/\/chessgamesemporium.com\/fr\/wp-json\/wp\/v2\/media\/56031"}],"wp:attachment":[{"href":"https:\/\/chessgamesemporium.com\/fr\/wp-json\/wp\/v2\/media?parent=52840"}],"wp:term":[{"taxonomy":"product_brand","embeddable":true,"href":"https:\/\/chessgamesemporium.com\/fr\/wp-json\/wp\/v2\/product_brand?post=52840"},{"taxonomy":"product_cat","embeddable":true,"href":"https:\/\/chessgamesemporium.com\/fr\/wp-json\/wp\/v2\/product_cat?post=52840"},{"taxonomy":"product_tag","embeddable":true,"href":"https:\/\/chessgamesemporium.com\/fr\/wp-json\/wp\/v2\/product_tag?post=52840"}],"curies":[{"name":"wp","href":"https:\/\/api.w.org\/{rel}","templated":true}]}}