{"id":52880,"date":"2023-10-18T07:19:27","date_gmt":"2023-10-18T07:19:27","guid":{"rendered":"https:\/\/chessgamesemporium.com\/?post_type=product&#038;p=52880"},"modified":"2024-09-19T09:08:21","modified_gmt":"2024-09-19T09:08:21","slug":"3d-kartonska-sestavljanka-knochenhauer","status":"publish","type":"product","link":"https:\/\/chessgamesemporium.com\/fr\/shop\/sestavljanke-puzzle\/3d-kartonaste-sestavljanke\/3d-kartonska-sestavljanka-knochenhauer\/","title":{"rendered":"Puzzle 3D en carton KNOCHENHAUER"},"content":{"rendered":"<p>Puzzle 3D en carton, mod\u00e8le<\/p>\n<p>Dimensions: 11 x 9 x 14 cm<br \/>\nNombre de feuilles : 2,5<br \/>\n\u00c9chelle : 1\/160<br \/>\nConvient aux r\u00e9seaux de mod\u00e9lisme ferroviaire<\/p>\n<p>L'h\u00f4tel particulier Knochenhauer-Amtshaus \u00e0 Hildesheim fut construit en 1529 et son pignon culminait \u00e0 26 m\u00e8tres. \u00c0 l'\u00e9poque de sa construction, il symbolisait non seulement la puissance et la richesse de la bourgeoisie, mais repr\u00e9sentait \u00e9galement un chef-d'\u0153uvre de l'art gothique tardif. Il est consid\u00e9r\u00e9 comme la plus belle maison en bois du monde. Apr\u00e8s 1945, un h\u00f4tel fut construit sur le m\u00eame emplacement. Gr\u00e2ce \u00e0 l'initiative citoyenne de Hildesheim et au soutien de la ville, la d\u00e9molition du b\u00e2timent a pu avoir lieu en 1986, suivie de la reconstruction du Knochenhauer-Amtshaus \u00e0 l'identique, \u00e0 son emplacement d'origine, en 1989. La reconstruction a n\u00e9cessit\u00e9 400 m\u00e8tres cubes de bois de ch\u00eane, assembl\u00e9s par des charpentiers selon des m\u00e9thodes traditionnelles \u00e0 l'aide d'environ 7 500 clous en bois et de plus de 4 300 assemblages. Les sculptures sur les poutres et les supports ont pu \u00eatre reproduites gr\u00e2ce \u00e0 la photogramm\u00e9trie r\u00e9alis\u00e9e \u00e0 partir de photographies anciennes. La cave vo\u00fbt\u00e9e a \u00e9t\u00e9 reconstruite en blocs de gr\u00e8s, d'apr\u00e8s une partie mise au jour lors des fouilles. Photo reproduite avec l'aimable autorisation de la brochure \u00ab Hildesheimer Rosenroute \u00bb.<\/p>\n<p>Attention ! Ne convient pas aux enfants de moins de 3 ans en raison des petites pi\u00e8ces ! Risque d'\u00e9touffement.<\/p>","protected":false},"excerpt":{"rendered":"<p>3D sestavljanka, model iz kartona Dimenzije 11 x 9 x 14 cm \u0160tevilo kartonov s kosi: 2,5 Razmerje: 1:160 Primerno za \u017eeleznice: DA Arhitekturno zelo znana stavba v Nem\u010diji OPOZORILO! Ni primerno za otroke pod tretjim letom starosti.<\/p>","protected":false},"featured_media":56034,"comment_status":"closed","ping_status":"closed","template":"","meta":{"_seopress_robots_primary_cat":"none","_seopress_titles_title":"","_seopress_titles_desc":"","_seopress_robots_index":""},"product_brand":[],"product_cat":[664,617],"product_tag":[],"class_list":{"0":"post-52880","1":"product","2":"type-product","3":"status-publish","4":"has-post-thumbnail","6":"product_cat-3d-kartonaste-sestavljanke","7":"product_cat-sestavljanke-puzzle","9":"entry","10":"has-media","12":"first","13":"instock","14":"taxable","15":"shipping-taxable","16":"purchasable","17":"product-type-simple","18":"has-product-nav","19":"col","20":"span_1_of_4","21":"owp-content-center","22":"item-entry","23":"owp-thumbs-layout-horizontal","24":"owp-btn-normal","25":"owp-tabs-layout-section","26":"has-no-thumbnails"},"wcpa_form_fields":null,"_links":{"self":[{"href":"https:\/\/chessgamesemporium.com\/fr\/wp-json\/wp\/v2\/product\/52880","targetHints":{"allow":["GET"]}}],"collection":[{"href":"https:\/\/chessgamesemporium.com\/fr\/wp-json\/wp\/v2\/product"}],"about":[{"href":"https:\/\/chessgamesemporium.com\/fr\/wp-json\/wp\/v2\/types\/product"}],"replies":[{"embeddable":true,"href":"https:\/\/chessgamesemporium.com\/fr\/wp-json\/wp\/v2\/comments?post=52880"}],"version-history":[{"count":0,"href":"https:\/\/chessgamesemporium.com\/fr\/wp-json\/wp\/v2\/product\/52880\/revisions"}],"wp:featuredmedia":[{"embeddable":true,"href":"https:\/\/chessgamesemporium.com\/fr\/wp-json\/wp\/v2\/media\/56034"}],"wp:attachment":[{"href":"https:\/\/chessgamesemporium.com\/fr\/wp-json\/wp\/v2\/media?parent=52880"}],"wp:term":[{"taxonomy":"product_brand","embeddable":true,"href":"https:\/\/chessgamesemporium.com\/fr\/wp-json\/wp\/v2\/product_brand?post=52880"},{"taxonomy":"product_cat","embeddable":true,"href":"https:\/\/chessgamesemporium.com\/fr\/wp-json\/wp\/v2\/product_cat?post=52880"},{"taxonomy":"product_tag","embeddable":true,"href":"https:\/\/chessgamesemporium.com\/fr\/wp-json\/wp\/v2\/product_tag?post=52880"}],"curies":[{"name":"wp","href":"https:\/\/api.w.org\/{rel}","templated":true}]}}