{"id":52915,"date":"2023-10-18T07:59:43","date_gmt":"2023-10-18T07:59:43","guid":{"rendered":"https:\/\/chessgamesemporium.com\/?post_type=product&#038;p=52915"},"modified":"2024-09-19T08:58:43","modified_gmt":"2024-09-19T08:58:43","slug":"3d-kartonska-sestavljanka-rimski-stolp","status":"publish","type":"product","link":"https:\/\/chessgamesemporium.com\/fr\/shop\/sestavljanke-puzzle\/3d-kartonaste-sestavljanke\/3d-kartonska-sestavljanka-rimski-stolp\/","title":{"rendered":"Puzzle 3D en carton - TOUR DE GUIDAGE ROMAINE"},"content":{"rendered":"<p>Puzzle 3D en carton, mod\u00e8le<\/p>\n<p>Dimensions : 8 x 8 x 13 cm<br \/>\nNombre de feuilles : 2<br \/>\nDifficult\u00e9 : 1<br \/>\n\u00c9chelle : 1\/87<br \/>\nConvient aux r\u00e9seaux de mod\u00e9lisme ferroviaire<\/p>\n<p>D\u00e8s le Ier si\u00e8cle ap. J.-C., les l\u00e9gions romaines disposaient de garnisons militaires dans les provinces p\u00e9riph\u00e9riques afin de prot\u00e9ger les fronti\u00e8res de l'Empire romain. Plus de la moiti\u00e9 des quelque 30 l\u00e9gions \u00e9taient stationn\u00e9es entre les estuaires du Rhin et du Danube, le long de la fronti\u00e8re nord de l'Empire, entre Rheinbrohl (pr\u00e8s de Bonn) et Kelheim sur le Danube, consid\u00e9r\u00e9e comme particuli\u00e8rement vuln\u00e9rable. C'est pourquoi des fortifications furent construites \u00e0 partir de 85 ap. J.-C. pour prot\u00e9ger cette zone : le Limes. Les parties les plus anciennes du Limes \u00e9taient constitu\u00e9es d'une palissade avec un foss\u00e9 et des remparts. Ailleurs, un mur de pr\u00e8s de 3 m de haut et 1 m de large prot\u00e9geait la fronti\u00e8re.\n<br><br>\nLe long des 548 km du Limes germanique sup\u00e9rieur-rh\u00e9tique, de nombreuses tours de guet jalonnaient le paysage. Les anciennes tours en bois furent remplac\u00e9es par des tours en pierre au milieu du IIe si\u00e8cle apr. J.-C. Les vestiges de leurs fondations sont encore souvent visibles et peuvent \u00eatre visit\u00e9s. Ces fouilles et les reliefs de la colonne Trajane \u00e0 Rome offrent aujourd'hui une reconstitution assez fid\u00e8le de ces forteresses de pierre. Un exemple de tour de guet du Limes reconstitu\u00e9e est visible \u00e0 Saalburg, pr\u00e8s de Francfort. On acc\u00e9dait \u00e0 la plateforme de la tour par des \u00e9chelles situ\u00e9es \u00e0 l'int\u00e9rieur, qui pouvaient \u00eatre rapidement d\u00e9ploy\u00e9es en cas d'attaque.\n<br><br>\nAu fil du temps, des villages se d\u00e9velopp\u00e8rent pr\u00e8s des tours de guet. De nombreux toponymes t\u00e9moignent encore de leurs origines romaines. Une fronti\u00e8re fortifi\u00e9e similaire au Limes fut construite en Grande-Bretagne : le mur d'Hadrien, o\u00f9 l'empereur Hadrien (117-138 apr. J.-C.) isola le nord du pays.<\/p>\n<p>Attention ! Ne convient pas aux enfants de moins de 3 ans en raison des petites pi\u00e8ces ! Risque d'\u00e9touffement.<\/p>","protected":false},"excerpt":{"rendered":"<p>3D sestavljanka, model iz kartona Dimenzije 8 x 8 x 13 cm \u0160tevilo kartonov s kosi: 2 Ocena te\u017eavnosti: 1 Razmerje: 1:87 Primerno za \u017eeleznice: DA Rimski stolp OPOZORILO! Ni primerno za otroke pod tretjim letom starosti.<\/p>","protected":false},"featured_media":56042,"comment_status":"closed","ping_status":"closed","template":"","meta":{"_seopress_robots_primary_cat":"none","_seopress_titles_title":"","_seopress_titles_desc":"","_seopress_robots_index":""},"product_brand":[],"product_cat":[664,617],"product_tag":[],"class_list":{"0":"post-52915","1":"product","2":"type-product","3":"status-publish","4":"has-post-thumbnail","6":"product_cat-3d-kartonaste-sestavljanke","7":"product_cat-sestavljanke-puzzle","9":"entry","10":"has-media","12":"first","13":"instock","14":"taxable","15":"shipping-taxable","16":"purchasable","17":"product-type-simple","18":"has-product-nav","19":"col","20":"span_1_of_4","21":"owp-content-center","22":"item-entry","23":"owp-thumbs-layout-horizontal","24":"owp-btn-normal","25":"owp-tabs-layout-section","26":"has-no-thumbnails"},"wcpa_form_fields":null,"_links":{"self":[{"href":"https:\/\/chessgamesemporium.com\/fr\/wp-json\/wp\/v2\/product\/52915","targetHints":{"allow":["GET"]}}],"collection":[{"href":"https:\/\/chessgamesemporium.com\/fr\/wp-json\/wp\/v2\/product"}],"about":[{"href":"https:\/\/chessgamesemporium.com\/fr\/wp-json\/wp\/v2\/types\/product"}],"replies":[{"embeddable":true,"href":"https:\/\/chessgamesemporium.com\/fr\/wp-json\/wp\/v2\/comments?post=52915"}],"version-history":[{"count":0,"href":"https:\/\/chessgamesemporium.com\/fr\/wp-json\/wp\/v2\/product\/52915\/revisions"}],"wp:featuredmedia":[{"embeddable":true,"href":"https:\/\/chessgamesemporium.com\/fr\/wp-json\/wp\/v2\/media\/56042"}],"wp:attachment":[{"href":"https:\/\/chessgamesemporium.com\/fr\/wp-json\/wp\/v2\/media?parent=52915"}],"wp:term":[{"taxonomy":"product_brand","embeddable":true,"href":"https:\/\/chessgamesemporium.com\/fr\/wp-json\/wp\/v2\/product_brand?post=52915"},{"taxonomy":"product_cat","embeddable":true,"href":"https:\/\/chessgamesemporium.com\/fr\/wp-json\/wp\/v2\/product_cat?post=52915"},{"taxonomy":"product_tag","embeddable":true,"href":"https:\/\/chessgamesemporium.com\/fr\/wp-json\/wp\/v2\/product_tag?post=52915"}],"curies":[{"name":"wp","href":"https:\/\/api.w.org\/{rel}","templated":true}]}}