{"id":52939,"date":"2023-10-18T08:07:39","date_gmt":"2023-10-18T08:07:39","guid":{"rendered":"https:\/\/chessgamesemporium.com\/?post_type=product&#038;p=52939"},"modified":"2024-09-19T09:16:44","modified_gmt":"2024-09-19T09:16:44","slug":"3d-kartonska-sestavljanka-pravljicni-grad","status":"publish","type":"product","link":"https:\/\/chessgamesemporium.com\/fr\/shop\/sestavljanke-puzzle\/3d-kartonaste-sestavljanke\/3d-kartonska-sestavljanka-pravljicni-grad\/","title":{"rendered":"Puzzle 3D en carton : CH\u00c2TEAU DE CONTE DE F\u00c9ES"},"content":{"rendered":"<p>Puzzle 3D en carton, mod\u00e8le<\/p>\n<p>Dimensions: 16 x 13 x 18 cm<br \/>\nNombre de feuilles : 2,5<br \/>\nDifficult\u00e9 : 2<br \/>\n\u00c9chelle : 1\/120<br \/>\nConvient aux r\u00e9seaux de mod\u00e9lisme ferroviaire<\/p>\n<p>Attention ! Ne convient pas aux enfants de moins de 3 ans en raison des petites pi\u00e8ces ! Risque d'\u00e9touffement.<\/p>","protected":false},"excerpt":{"rendered":"<p>3D sestavljanka, model iz kartona Dimenzije 16 x 13 x 18 cm \u0160tevilo kartonov s kosi:: 2,5 Ocena te\u017eavnosti: 2 Razmerje: 1:120 Priemrno za \u017eeleznice: DA OPOZORILO! Ni primerno za otroke pod tretjim letom starosti.<\/p>","protected":false},"featured_media":56028,"comment_status":"closed","ping_status":"closed","template":"","meta":{"_seopress_robots_primary_cat":"none","_seopress_titles_title":"","_seopress_titles_desc":"","_seopress_robots_index":""},"product_brand":[],"product_cat":[664,617],"product_tag":[],"class_list":{"0":"post-52939","1":"product","2":"type-product","3":"status-publish","4":"has-post-thumbnail","6":"product_cat-3d-kartonaste-sestavljanke","7":"product_cat-sestavljanke-puzzle","9":"entry","10":"has-media","12":"first","13":"instock","14":"taxable","15":"shipping-taxable","16":"purchasable","17":"product-type-simple","18":"has-product-nav","19":"col","20":"span_1_of_4","21":"owp-content-center","22":"item-entry","23":"owp-thumbs-layout-horizontal","24":"owp-btn-normal","25":"owp-tabs-layout-section","26":"has-no-thumbnails"},"wcpa_form_fields":null,"_links":{"self":[{"href":"https:\/\/chessgamesemporium.com\/fr\/wp-json\/wp\/v2\/product\/52939","targetHints":{"allow":["GET"]}}],"collection":[{"href":"https:\/\/chessgamesemporium.com\/fr\/wp-json\/wp\/v2\/product"}],"about":[{"href":"https:\/\/chessgamesemporium.com\/fr\/wp-json\/wp\/v2\/types\/product"}],"replies":[{"embeddable":true,"href":"https:\/\/chessgamesemporium.com\/fr\/wp-json\/wp\/v2\/comments?post=52939"}],"version-history":[{"count":0,"href":"https:\/\/chessgamesemporium.com\/fr\/wp-json\/wp\/v2\/product\/52939\/revisions"}],"wp:featuredmedia":[{"embeddable":true,"href":"https:\/\/chessgamesemporium.com\/fr\/wp-json\/wp\/v2\/media\/56028"}],"wp:attachment":[{"href":"https:\/\/chessgamesemporium.com\/fr\/wp-json\/wp\/v2\/media?parent=52939"}],"wp:term":[{"taxonomy":"product_brand","embeddable":true,"href":"https:\/\/chessgamesemporium.com\/fr\/wp-json\/wp\/v2\/product_brand?post=52939"},{"taxonomy":"product_cat","embeddable":true,"href":"https:\/\/chessgamesemporium.com\/fr\/wp-json\/wp\/v2\/product_cat?post=52939"},{"taxonomy":"product_tag","embeddable":true,"href":"https:\/\/chessgamesemporium.com\/fr\/wp-json\/wp\/v2\/product_tag?post=52939"}],"curies":[{"name":"wp","href":"https:\/\/api.w.org\/{rel}","templated":true}]}}