{"id":52965,"date":"2023-10-18T11:01:14","date_gmt":"2023-10-18T11:01:14","guid":{"rendered":"https:\/\/chessgamesemporium.com\/?post_type=product&#038;p=52965"},"modified":"2024-11-17T18:46:04","modified_gmt":"2024-11-17T18:46:04","slug":"set-6-sestavljank-happy-cube","status":"publish","type":"product","link":"https:\/\/chessgamesemporium.com\/fr\/shop\/miselne-igre\/lesene-penaste-miselne\/set-6-sestavljank-happy-cube\/","title":{"rendered":"Ensemble de 6 puzzles HAPPY CUBE"},"content":{"rendered":"<p>Happy Cube - 5-99 ans<\/p>\n<p>\u00c9dition standard<\/p>\n<p>Les puzzles Happy Cube sont durables et fabriqu\u00e9s en toute s\u00e9curit\u00e9 en Belgique \u2013 conform\u00e9ment aux normes de s\u00e9curit\u00e9 et de qualit\u00e9 les plus strictes. Jouez, cr\u00e9ez et apprenez !<\/p>\n<p>*Coffret de 6<br \/>\n*Amusant pour toute la famille<br \/>\n*Peut \u00eatre assembl\u00e9 par un ou plusieurs joueurs<br \/>\n*Fabriqu\u00e9 en Europe<br \/>\n*Emballage \u00e9cologique<br \/>\n*Favorise la confiance en soi<br \/>\n*D\u00e9veloppe la perception spatiale<br \/>\n*Stimule la motricit\u00e9 fine<br \/>\n*Fabriqu\u00e9 en mousse 100 % s\u00fbre<br \/>\n*Doux et incassable<br \/>\n*Lavable \u00e0 30 \u00b0C<\/p>\n<p>OPOZORILO! Ni primerno za otroke do treh let<\/p>","protected":false},"excerpt":{"rendered":"<p>Happy Cube &#8211; 5-99 let Standardna vezija Sestavljanke Happy Cube so trajne, varno izdelane v Belgiji in &#8211; -Ustrezajo najstro\u017ejim predpisom glede kakovosti in varnosti. Ustvari, igraj se in se u\u010di! *V kompletu 6 kosov *Zabava za vso dru\u017eino *Ker jih lahko sestavlja eden ali ve\u010d igralcev *Izdelane v Evropi *Eko embala\u017ea *Pomagajo pri razvijanju [&hellip;]<\/p>","protected":false},"featured_media":52989,"comment_status":"closed","ping_status":"closed","template":"","meta":{"_seopress_robots_primary_cat":"none","_seopress_titles_title":"","_seopress_titles_desc":"","_seopress_robots_index":""},"product_brand":[],"product_cat":[663,616],"product_tag":[],"class_list":{"0":"post-52965","1":"product","2":"type-product","3":"status-publish","4":"has-post-thumbnail","6":"product_cat-lesene-penaste-miselne","7":"product_cat-miselne-igre","9":"entry","10":"has-media","12":"first","13":"instock","14":"taxable","15":"shipping-taxable","16":"purchasable","17":"product-type-simple","18":"has-product-nav","19":"col","20":"span_1_of_4","21":"owp-content-center","22":"item-entry","23":"owp-thumbs-layout-horizontal","24":"owp-btn-normal","25":"owp-tabs-layout-section","26":"has-no-thumbnails"},"wcpa_form_fields":null,"_links":{"self":[{"href":"https:\/\/chessgamesemporium.com\/fr\/wp-json\/wp\/v2\/product\/52965","targetHints":{"allow":["GET"]}}],"collection":[{"href":"https:\/\/chessgamesemporium.com\/fr\/wp-json\/wp\/v2\/product"}],"about":[{"href":"https:\/\/chessgamesemporium.com\/fr\/wp-json\/wp\/v2\/types\/product"}],"replies":[{"embeddable":true,"href":"https:\/\/chessgamesemporium.com\/fr\/wp-json\/wp\/v2\/comments?post=52965"}],"version-history":[{"count":0,"href":"https:\/\/chessgamesemporium.com\/fr\/wp-json\/wp\/v2\/product\/52965\/revisions"}],"wp:featuredmedia":[{"embeddable":true,"href":"https:\/\/chessgamesemporium.com\/fr\/wp-json\/wp\/v2\/media\/52989"}],"wp:attachment":[{"href":"https:\/\/chessgamesemporium.com\/fr\/wp-json\/wp\/v2\/media?parent=52965"}],"wp:term":[{"taxonomy":"product_brand","embeddable":true,"href":"https:\/\/chessgamesemporium.com\/fr\/wp-json\/wp\/v2\/product_brand?post=52965"},{"taxonomy":"product_cat","embeddable":true,"href":"https:\/\/chessgamesemporium.com\/fr\/wp-json\/wp\/v2\/product_cat?post=52965"},{"taxonomy":"product_tag","embeddable":true,"href":"https:\/\/chessgamesemporium.com\/fr\/wp-json\/wp\/v2\/product_tag?post=52965"}],"curies":[{"name":"wp","href":"https:\/\/api.w.org\/{rel}","templated":true}]}}