{"id":53006,"date":"2023-10-18T11:19:47","date_gmt":"2023-10-18T11:19:47","guid":{"rendered":"https:\/\/chessgamesemporium.com\/?post_type=product&#038;p=53006"},"modified":"2024-10-03T09:00:49","modified_gmt":"2024-10-03T09:00:49","slug":"sestavljanka-happy-cube-little-genius","status":"publish","type":"product","link":"https:\/\/chessgamesemporium.com\/fr\/shop\/miselne-igre\/lesene-penaste-miselne\/sestavljanka-happy-cube-little-genius\/","title":{"rendered":"Puzzle HAPPY CUBE - LITTLE GENIUS"},"content":{"rendered":"<p>Petit G\u00e9nie - 3-99 ans<\/p>\n<p>Version la plus facile<br \/>\nLa couleur du puzzle peut \u00eatre diff\u00e9rente de celle pr\u00e9sent\u00e9e sur la photo ; le produit comprend 1 pi\u00e8ce.<\/p>\n<p>Les puzzles Happy Cube sont durables et fabriqu\u00e9s en toute s\u00e9curit\u00e9 en Belgique \u2013 conform\u00e9ment aux normes de s\u00e9curit\u00e9 et de qualit\u00e9 les plus strictes. Jouez, cr\u00e9ez et apprenez !<\/p>\n<p>*Amusant pour toute la famille<br \/>\n*Peut \u00eatre assembl\u00e9 par un ou plusieurs joueurs<br \/>\n*Fabriqu\u00e9 en Europe<br \/>\n*Emballage \u00e9cologique<br \/>\n*Favorise la confiance en soi<br \/>\n*D\u00e9veloppe la perception spatiale<br \/>\n*Stimule la motricit\u00e9 fine<br \/>\n*Fabriqu\u00e9 en mousse 100 % s\u00fbre<br \/>\n*Doux et incassable<br \/>\n*Lavable \u00e0 30 \u00b0C<\/p>\n<p>Attention ! Ne convient pas aux enfants de moins de 3 ans en raison des petites pi\u00e8ces ! Risque d'\u00e9touffement.<\/p>","protected":false},"excerpt":{"rendered":"<p>Mali genij &#8211; 3-99 let Najla\u017eja od verzij. Barva sestavljanke je lahko druga\u010dna kot na fotografiji, gre za 1 kos. Sestavljanke Happy Cube so trajne, varno izdelane v Belgiji in &#8211; -Ustrezajo najstro\u017ejim predpisom glede kakovosti in varnosti. Ustvari, igraj se in se u\u010di! *Zabava za vso dru\u017eino *Ker jih lahko sestavlja eden ali ve\u010d [&hellip;]<\/p>","protected":false},"featured_media":53016,"comment_status":"closed","ping_status":"closed","template":"","meta":{"_seopress_robots_primary_cat":"none","_seopress_titles_title":"","_seopress_titles_desc":"","_seopress_robots_index":""},"product_brand":[],"product_cat":[663,616],"product_tag":[],"class_list":{"0":"post-53006","1":"product","2":"type-product","3":"status-publish","4":"has-post-thumbnail","6":"product_cat-lesene-penaste-miselne","7":"product_cat-miselne-igre","9":"entry","10":"has-media","12":"first","13":"instock","14":"taxable","15":"shipping-taxable","16":"purchasable","17":"product-type-simple","18":"has-product-nav","19":"col","20":"span_1_of_4","21":"owp-content-center","22":"item-entry","23":"owp-thumbs-layout-horizontal","24":"owp-btn-normal","25":"owp-tabs-layout-section","26":"has-no-thumbnails"},"wcpa_form_fields":null,"_links":{"self":[{"href":"https:\/\/chessgamesemporium.com\/fr\/wp-json\/wp\/v2\/product\/53006","targetHints":{"allow":["GET"]}}],"collection":[{"href":"https:\/\/chessgamesemporium.com\/fr\/wp-json\/wp\/v2\/product"}],"about":[{"href":"https:\/\/chessgamesemporium.com\/fr\/wp-json\/wp\/v2\/types\/product"}],"replies":[{"embeddable":true,"href":"https:\/\/chessgamesemporium.com\/fr\/wp-json\/wp\/v2\/comments?post=53006"}],"version-history":[{"count":0,"href":"https:\/\/chessgamesemporium.com\/fr\/wp-json\/wp\/v2\/product\/53006\/revisions"}],"wp:featuredmedia":[{"embeddable":true,"href":"https:\/\/chessgamesemporium.com\/fr\/wp-json\/wp\/v2\/media\/53016"}],"wp:attachment":[{"href":"https:\/\/chessgamesemporium.com\/fr\/wp-json\/wp\/v2\/media?parent=53006"}],"wp:term":[{"taxonomy":"product_brand","embeddable":true,"href":"https:\/\/chessgamesemporium.com\/fr\/wp-json\/wp\/v2\/product_brand?post=53006"},{"taxonomy":"product_cat","embeddable":true,"href":"https:\/\/chessgamesemporium.com\/fr\/wp-json\/wp\/v2\/product_cat?post=53006"},{"taxonomy":"product_tag","embeddable":true,"href":"https:\/\/chessgamesemporium.com\/fr\/wp-json\/wp\/v2\/product_tag?post=53006"}],"curies":[{"name":"wp","href":"https:\/\/api.w.org\/{rel}","templated":true}]}}