{"id":53322,"date":"2023-11-02T13:26:09","date_gmt":"2023-11-02T13:26:09","guid":{"rendered":"https:\/\/chessgamesemporium.com\/?post_type=product&#038;p=53322"},"modified":"2023-11-10T08:47:49","modified_gmt":"2023-11-10T08:47:49","slug":"carovniski-trik-carobni-obroci","status":"publish","type":"product","link":"https:\/\/chessgamesemporium.com\/fr\/shop\/druzabne-igre\/carovniski-trik-carobni-obroci\/","title":{"rendered":"Tour de magie : LES ANNEAUX MAGIQUES"},"content":{"rendered":"<p>Deux anneaux m\u00e9talliques sont enfil\u00e9s et attach\u00e9s \u00e0 deux ficelles. Lorsqu'on les touche avec une baguette magique, ils se lib\u00e8rent compl\u00e8tement et semblent flotter dans les mains du magicien. Ce tour d'\u00e9vasion surprend toujours, d'autant plus que tout le mat\u00e9riel peut \u00eatre examin\u00e9 minutieusement.<\/p>\n<p>Ne convient pas aux enfants de moins de 3 ans.<\/p>","protected":false},"excerpt":{"rendered":"<p>Dva kovinska obro\u010da sta bila pritrjena na dva kovinsko palico. Ko se ju dotaknemo s \u010darobno pali\u010dico, se obro\u010da sprostita. To je trik pobega, katera preseneti vsakogar, \u0161e posebej zato, ker lahko opazovalec vse skupaj preveri sam. Ni primerno za otroke do tretjega leta starosti<\/p>","protected":false},"featured_media":53345,"comment_status":"closed","ping_status":"closed","template":"","meta":{"_seopress_robots_primary_cat":"none","_seopress_titles_title":"","_seopress_titles_desc":"","_seopress_robots_index":""},"product_brand":[],"product_cat":[677],"product_tag":[],"class_list":{"0":"post-53322","1":"product","2":"type-product","3":"status-publish","4":"has-post-thumbnail","6":"product_cat-druzabne-igre","8":"entry","9":"has-media","11":"first","12":"instock","13":"taxable","14":"shipping-taxable","15":"purchasable","16":"product-type-simple","17":"has-product-nav","18":"col","19":"span_1_of_4","20":"owp-content-center","21":"item-entry","22":"owp-thumbs-layout-horizontal","23":"owp-btn-normal","24":"owp-tabs-layout-section","25":"has-no-thumbnails"},"wcpa_form_fields":null,"_links":{"self":[{"href":"https:\/\/chessgamesemporium.com\/fr\/wp-json\/wp\/v2\/product\/53322","targetHints":{"allow":["GET"]}}],"collection":[{"href":"https:\/\/chessgamesemporium.com\/fr\/wp-json\/wp\/v2\/product"}],"about":[{"href":"https:\/\/chessgamesemporium.com\/fr\/wp-json\/wp\/v2\/types\/product"}],"replies":[{"embeddable":true,"href":"https:\/\/chessgamesemporium.com\/fr\/wp-json\/wp\/v2\/comments?post=53322"}],"version-history":[{"count":0,"href":"https:\/\/chessgamesemporium.com\/fr\/wp-json\/wp\/v2\/product\/53322\/revisions"}],"wp:featuredmedia":[{"embeddable":true,"href":"https:\/\/chessgamesemporium.com\/fr\/wp-json\/wp\/v2\/media\/53345"}],"wp:attachment":[{"href":"https:\/\/chessgamesemporium.com\/fr\/wp-json\/wp\/v2\/media?parent=53322"}],"wp:term":[{"taxonomy":"product_brand","embeddable":true,"href":"https:\/\/chessgamesemporium.com\/fr\/wp-json\/wp\/v2\/product_brand?post=53322"},{"taxonomy":"product_cat","embeddable":true,"href":"https:\/\/chessgamesemporium.com\/fr\/wp-json\/wp\/v2\/product_cat?post=53322"},{"taxonomy":"product_tag","embeddable":true,"href":"https:\/\/chessgamesemporium.com\/fr\/wp-json\/wp\/v2\/product_tag?post=53322"}],"curies":[{"name":"wp","href":"https:\/\/api.w.org\/{rel}","templated":true}]}}