{"id":53609,"date":"2023-11-06T11:47:38","date_gmt":"2023-11-06T11:47:38","guid":{"rendered":"https:\/\/chessgamesemporium.com\/?post_type=product&#038;p=53609"},"modified":"2023-11-10T08:26:11","modified_gmt":"2023-11-10T08:26:11","slug":"namizna-igra-ruleta-plasticna-stevilcnica","status":"publish","type":"product","link":"https:\/\/chessgamesemporium.com\/fr\/shop\/druzabne-igre\/namizna-igra-ruleta-plasticna-stevilcnica\/","title":{"rendered":"Jeu de roulette avec roue num\u00e9rot\u00e9e en plastique"},"content":{"rendered":"<p>Contenu :<br \/>\nRoue num\u00e9rot\u00e9e en plastique, 300 mm de diam\u00e8tre.<br \/>\nFeuille de mise 700 x 400 mm, 2 billes m\u00e9talliques, 100 jetons de mise, 1 palette de roulette.<\/p>\n<p>La roulette est un jeu amusant et passionnant qui existe depuis plus de 300 ans.<br \/>\nSon nom vient du fran\u00e7ais \u00ab la roulette \u00bb.<\/p>\n<p>Attention ! Ne convient pas aux enfants de moins de 3 ans en raison des petites pi\u00e8ces ! Risque d'\u00e9touffement.<\/p>","protected":false},"excerpt":{"rendered":"<p>Vsebina: \u0160tevil\u010dnica in vrtavka sta narejana iz plastike, premer 300 mm. Dimenzije stavnega tepiha: ca. 700 x 400 mm, 2 kovinski kroglici, 100 plasti\u010dnih stavnih \u017eetovnov, Ruletni lopar\u010dek. Ruleta je zabavna in vznemirljiva igra \u017ee ve\u010d kot 300 let. Ime izhaja iz franco\u0161\u010dine in pomeni majhno kolo iz besede \u201cla rou\u00e9\u201d &#8211; kolo. OPOZORILO! Ni [&hellip;]<\/p>","protected":false},"featured_media":53621,"comment_status":"closed","ping_status":"closed","template":"","meta":{"_seopress_robots_primary_cat":"none","_seopress_titles_title":"","_seopress_titles_desc":"","_seopress_robots_index":""},"product_brand":[],"product_cat":[677],"product_tag":[],"class_list":{"0":"post-53609","1":"product","2":"type-product","3":"status-publish","4":"has-post-thumbnail","6":"product_cat-druzabne-igre","8":"entry","9":"has-media","11":"first","12":"instock","13":"taxable","14":"shipping-taxable","15":"purchasable","16":"product-type-simple","17":"has-product-nav","18":"col","19":"span_1_of_4","20":"owp-content-center","21":"item-entry","22":"owp-thumbs-layout-horizontal","23":"owp-btn-normal","24":"owp-tabs-layout-section","25":"has-no-thumbnails"},"wcpa_form_fields":null,"_links":{"self":[{"href":"https:\/\/chessgamesemporium.com\/fr\/wp-json\/wp\/v2\/product\/53609","targetHints":{"allow":["GET"]}}],"collection":[{"href":"https:\/\/chessgamesemporium.com\/fr\/wp-json\/wp\/v2\/product"}],"about":[{"href":"https:\/\/chessgamesemporium.com\/fr\/wp-json\/wp\/v2\/types\/product"}],"replies":[{"embeddable":true,"href":"https:\/\/chessgamesemporium.com\/fr\/wp-json\/wp\/v2\/comments?post=53609"}],"version-history":[{"count":0,"href":"https:\/\/chessgamesemporium.com\/fr\/wp-json\/wp\/v2\/product\/53609\/revisions"}],"wp:featuredmedia":[{"embeddable":true,"href":"https:\/\/chessgamesemporium.com\/fr\/wp-json\/wp\/v2\/media\/53621"}],"wp:attachment":[{"href":"https:\/\/chessgamesemporium.com\/fr\/wp-json\/wp\/v2\/media?parent=53609"}],"wp:term":[{"taxonomy":"product_brand","embeddable":true,"href":"https:\/\/chessgamesemporium.com\/fr\/wp-json\/wp\/v2\/product_brand?post=53609"},{"taxonomy":"product_cat","embeddable":true,"href":"https:\/\/chessgamesemporium.com\/fr\/wp-json\/wp\/v2\/product_cat?post=53609"},{"taxonomy":"product_tag","embeddable":true,"href":"https:\/\/chessgamesemporium.com\/fr\/wp-json\/wp\/v2\/product_tag?post=53609"}],"curies":[{"name":"wp","href":"https:\/\/api.w.org\/{rel}","templated":true}]}}