{"id":53611,"date":"2023-11-06T12:01:16","date_gmt":"2023-11-06T12:01:16","guid":{"rendered":"https:\/\/chessgamesemporium.com\/?post_type=product&#038;p=53611"},"modified":"2024-07-08T07:46:09","modified_gmt":"2024-07-08T07:46:09","slug":"namizna-igra-ruleta-imitacija-lesa","status":"publish","type":"product","link":"https:\/\/chessgamesemporium.com\/fr\/shop\/druzabne-igre\/namizna-igra-ruleta-imitacija-lesa\/","title":{"rendered":"Jeu de ROULETTE EN IMITATITON BOIS"},"content":{"rendered":"<p>Contenu :<br \/>\nBo\u00eete : MDF imitation bois<br \/>\nDimensions de la bo\u00eete : 435 x 330 x 112 mm<br \/>\nRoue num\u00e9rot\u00e9e en bois (250 mm de diam\u00e8tre), roulette m\u00e9tallique, tapis de jeu tricolore (environ 920 x 600 mm)<br \/>\n2 billes m\u00e9talliques, palette de roulette en bois, 100 jetons (11,5 centimes par jeton) de 4 couleurs diff\u00e9rentes.<\/p>\n<p>La roulette est un jeu amusant et passionnant qui existe depuis plus de 300 ans.<br \/>\nSon nom vient du fran\u00e7ais \u00ab la roulette \u00bb.<\/p>\n<p>Attention ! Ne convient pas aux enfants de moins de 3 ans en raison des petites pi\u00e8ces ! Risque d'\u00e9touffement.<\/p>","protected":false},"excerpt":{"rendered":"<p>Vsebina: Kaseta: MDF imitacija lesa, Dimenzije kasete: 435 x 330 x 112 mm Lesena \u0161tevil\u010dnica, premer 250 mm, kovinska vrtavka, tribarvni stavni tepih ca. 920 x 600 mm. 2 kovinski kroglici, lesen ruletni lopar\u010dek, 100 stavnih \u017eetonov (11,5 g &#8211; \u017eeton), 4 razli\u010dne barve. Ruleta je zabavna in vznemirljiva igra \u017ee ve\u010d kot 300 let. [&hellip;]<\/p>","protected":false},"featured_media":53631,"comment_status":"closed","ping_status":"closed","template":"","meta":{"_seopress_robots_primary_cat":"none","_seopress_titles_title":"","_seopress_titles_desc":"","_seopress_robots_index":""},"product_brand":[],"product_cat":[677],"product_tag":[],"class_list":{"0":"post-53611","1":"product","2":"type-product","3":"status-publish","4":"has-post-thumbnail","6":"product_cat-druzabne-igre","8":"entry","9":"has-media","11":"first","12":"instock","13":"taxable","14":"shipping-taxable","15":"purchasable","16":"product-type-simple","17":"has-product-nav","18":"col","19":"span_1_of_4","20":"owp-content-center","21":"item-entry","22":"owp-thumbs-layout-horizontal","23":"owp-btn-normal","24":"owp-tabs-layout-section"},"wcpa_form_fields":null,"_links":{"self":[{"href":"https:\/\/chessgamesemporium.com\/fr\/wp-json\/wp\/v2\/product\/53611","targetHints":{"allow":["GET"]}}],"collection":[{"href":"https:\/\/chessgamesemporium.com\/fr\/wp-json\/wp\/v2\/product"}],"about":[{"href":"https:\/\/chessgamesemporium.com\/fr\/wp-json\/wp\/v2\/types\/product"}],"replies":[{"embeddable":true,"href":"https:\/\/chessgamesemporium.com\/fr\/wp-json\/wp\/v2\/comments?post=53611"}],"version-history":[{"count":0,"href":"https:\/\/chessgamesemporium.com\/fr\/wp-json\/wp\/v2\/product\/53611\/revisions"}],"wp:featuredmedia":[{"embeddable":true,"href":"https:\/\/chessgamesemporium.com\/fr\/wp-json\/wp\/v2\/media\/53631"}],"wp:attachment":[{"href":"https:\/\/chessgamesemporium.com\/fr\/wp-json\/wp\/v2\/media?parent=53611"}],"wp:term":[{"taxonomy":"product_brand","embeddable":true,"href":"https:\/\/chessgamesemporium.com\/fr\/wp-json\/wp\/v2\/product_brand?post=53611"},{"taxonomy":"product_cat","embeddable":true,"href":"https:\/\/chessgamesemporium.com\/fr\/wp-json\/wp\/v2\/product_cat?post=53611"},{"taxonomy":"product_tag","embeddable":true,"href":"https:\/\/chessgamesemporium.com\/fr\/wp-json\/wp\/v2\/product_tag?post=53611"}],"curies":[{"name":"wp","href":"https:\/\/api.w.org\/{rel}","templated":true}]}}