{"id":53638,"date":"2023-11-06T12:16:16","date_gmt":"2023-11-06T12:16:16","guid":{"rendered":"https:\/\/chessgamesemporium.com\/?post_type=product&#038;p=53638"},"modified":"2026-03-11T08:51:03","modified_gmt":"2026-03-11T08:51:03","slug":"sah-za-otroke-1-ucbenik","status":"publish","type":"product","link":"https:\/\/chessgamesemporium.com\/fr\/shop\/livres-echecs\/strategie-et-tactique\/sah-za-otroke-1-ucbenik\/","title":{"rendered":"\u0160AH ZA OTROKE 1 U\u010cBENIK"},"content":{"rendered":"<p>Avtor: Simona Pol\u0161e Zupan<br \/>\nLeto izdaje: 2020<br \/>\nJezik: Slovenski<br \/>\n\u0160t. strani: 114<br \/>\nFormat: 21,0 x 29,7 cm<br \/>\nCouverture : souple<\/p>\n<p>\u0160ah za otroke 1 &#8211; U\u010dbenik<\/p>\n<p>\u0160ah za otroke 1 &#8211; U\u010dbenik je prvovrstno u\u010dno gradivo, namenjeno popolnim za\u010detnikom. U\u010dbenik je napisan z velikimi tiskanimi \u010drkami, tako da je primeren za samostojno delo najmlaj\u0161ih, kot tudi odli\u010den pripomo\u010dek u\u010diteljem, \u0161ahovkim mentorjem in star\u0161em katerih otroci se spoznavajo s to \u010dudovito igro.<\/p>\n<p>V u\u010dbeniku se avtorica loti osnov \u0161ahovske igre, pravil premikanja figur, napada, obrambe vse do osnovnih matov s te\u017ekimi figurami. Snov je podana zelo nazorno, poleg tega so v knjigi predstavljene tudi naloge za dva igralca, kar je lahko odli\u010den namig mentorjem, ki bi \u017eeleli popestriti dogajanje na svojem \u0161ahovskem kro\u017eku.<br \/>\nU\u010dbenik je natisnjen na zelo kvaliteten papir in je v barvah.<\/p>\n<p>Poleg u\u010dbenika je avtorica izdala tudi: \u0160ah za otroke 1 &#8211; Delovni zvezek, kateri \u010dudovoto dopolnjuje u\u010dbenik. Skupaj tvorita zaokro\u017eeno celoto in odli\u010den didakti\u010den pripomo\u010dek. U\u010dbeniku je dodan tudi u\u010dni na\u010drt za \u0161olsko leto oz. 33 sre\u010danj.<\/p>\n<p>Avtorica Simona Pol\u0161e Zupan vodi \u0161ahovske kro\u017eke na Osnovni \u0161oli Jakoba Alja\u017ea v Kranju. \u0160ola se lahko pohvali z zelo visokim \u0161tevilom tekmovalcev bli\u017enjih \u0161ahovskih osnovno\u0161olskih tekmovanj. Marsikateri od teh nadebudne\u017eev se je s \u0161ahom spoznal \u0161ele ob vpisu v \u0161ahovski kro\u017eek.<\/p>","protected":false},"excerpt":{"rendered":"<p>Avtor: Simona Pol\u0161e Zupan Leto izdaje: 2020 Jezik: Slovenski \u0160t. strani: 114 Format: 21,0 x 29,7 cm Platnice: mehke \u0160ah za otroke 1 &#8211; U\u010dbenik \u0160ah za otroke 1 &#8211; U\u010dbenik je prvovrstno u\u010dno gradivo, namenjeno popolnim za\u010detnikom. U\u010dbenik je napisan z velikimi tiskanimi \u010drkami, tako da je primeren za samostojno delo najmlaj\u0161ih, kot tudi [&hellip;]<\/p>","protected":false},"featured_media":53645,"comment_status":"closed","ping_status":"closed","template":"","meta":{"_seopress_robots_primary_cat":"none","_seopress_titles_title":"","_seopress_titles_desc":"","_seopress_robots_index":""},"product_brand":[],"product_cat":[512,608],"product_tag":[],"class_list":{"0":"post-53638","1":"product","2":"type-product","3":"status-publish","4":"has-post-thumbnail","6":"product_cat-sahovske-knjige","7":"product_cat-strategija-in-taktika","8":"pa_avtor-simona-polse-zupan","9":"pa_leto-izdaje-750","10":"pa_nivo-knjige-zacetni","11":"pa_stran-oboje-nevtralno","12":"pa_tip-knjige-osnove","14":"entry","15":"has-media","17":"first","18":"instock","19":"taxable","20":"shipping-taxable","21":"purchasable","22":"product-type-simple","23":"has-product-nav","24":"col","25":"span_1_of_4","26":"owp-content-center","27":"item-entry","28":"owp-thumbs-layout-horizontal","29":"owp-btn-normal","30":"owp-tabs-layout-section","31":"has-no-thumbnails"},"wcpa_form_fields":null,"_links":{"self":[{"href":"https:\/\/chessgamesemporium.com\/fr\/wp-json\/wp\/v2\/product\/53638","targetHints":{"allow":["GET"]}}],"collection":[{"href":"https:\/\/chessgamesemporium.com\/fr\/wp-json\/wp\/v2\/product"}],"about":[{"href":"https:\/\/chessgamesemporium.com\/fr\/wp-json\/wp\/v2\/types\/product"}],"replies":[{"embeddable":true,"href":"https:\/\/chessgamesemporium.com\/fr\/wp-json\/wp\/v2\/comments?post=53638"}],"version-history":[{"count":0,"href":"https:\/\/chessgamesemporium.com\/fr\/wp-json\/wp\/v2\/product\/53638\/revisions"}],"wp:featuredmedia":[{"embeddable":true,"href":"https:\/\/chessgamesemporium.com\/fr\/wp-json\/wp\/v2\/media\/53645"}],"wp:attachment":[{"href":"https:\/\/chessgamesemporium.com\/fr\/wp-json\/wp\/v2\/media?parent=53638"}],"wp:term":[{"taxonomy":"product_brand","embeddable":true,"href":"https:\/\/chessgamesemporium.com\/fr\/wp-json\/wp\/v2\/product_brand?post=53638"},{"taxonomy":"product_cat","embeddable":true,"href":"https:\/\/chessgamesemporium.com\/fr\/wp-json\/wp\/v2\/product_cat?post=53638"},{"taxonomy":"product_tag","embeddable":true,"href":"https:\/\/chessgamesemporium.com\/fr\/wp-json\/wp\/v2\/product_tag?post=53638"}],"curies":[{"name":"wp","href":"https:\/\/api.w.org\/{rel}","templated":true}]}}