{"id":53639,"date":"2023-11-06T12:21:14","date_gmt":"2023-11-06T12:21:14","guid":{"rendered":"https:\/\/chessgamesemporium.com\/?post_type=product&#038;p=53639"},"modified":"2026-03-11T07:39:18","modified_gmt":"2026-03-11T07:39:18","slug":"sah-za-otroke-1-delovni-zvezek","status":"publish","type":"product","link":"https:\/\/chessgamesemporium.com\/fr\/shop\/sahovske-knjige\/strategija-in-taktika\/sah-za-otroke-1-delovni-zvezek\/","title":{"rendered":"\u0160AH ZA OTROKE 1 DELOVNI ZVEZEK"},"content":{"rendered":"<p>Avtor: Simona Pol\u0161e Zupan<br \/>\nLeto izdaje: 2020<br \/>\nJezik: Slovenski<br \/>\n\u0160t. strani: 80<br \/>\nFormat: 21,0 x 29,7 cm<br \/>\nPlatnice: mehke<\/p>\n<p>\u0160ah za otroke 1 &#8211; Delovni zezek<\/p>\n<p>\u0160ah za otroke 1 &#8211; Delovni zezek je dopolnilo k u\u010dbeniku (lahko ga uporabljate tudi samostojno) v katerem so naloge k pripadajo\u010dim lekcijam iz u\u010dbenika.<\/p>\n<p>Delovni zvezek je odli\u010dno gradivo za za\u010detnike, mentorje \u0161ahovskih kro\u017ekov in star\u0161e nadebudnih otrok, kateri se sami spopadejo s pou\u010devanjem.<\/p>\n<p>Avtorica Simona Pol\u0161e Zupan vodi \u0161ahovske kro\u017eke na Osnovni \u0161oli Jakoba Alja\u017ea v Kranju. \u0160ola se lahko pohvali z zelo visokim \u0161tevilom tekmovalcev bli\u017enjih \u0161ahovskih osnovno\u0161olskih tekmovanj. Marsikateri od teh nadebudne\u017eev se je s \u0161ahom spoznal \u0161ele ob vpisu v \u0161ahovski kro\u017eek.<\/p>","protected":false},"excerpt":{"rendered":"<p>Avtor: Simona Pol\u0161e Zupan Leto izdaje: 2020 Jezik: Slovenski \u0160t. strani: 80 Format: 21,0 x 29,7 cm Platnice: mehke \u0160ah za otroke 1 &#8211; Delovni zezek \u0160ah za otroke 1 &#8211; Delovni zezek je dopolnilo k u\u010dbeniku (lahko ga uporabljate tudi samostojno) v katerem so naloge k pripadajo\u010dim lekcijam iz u\u010dbenika. Delovni zvezek je odli\u010dno [&hellip;]<\/p>","protected":false},"featured_media":53649,"comment_status":"closed","ping_status":"closed","template":"","meta":{"_seopress_robots_primary_cat":"none","_seopress_titles_title":"","_seopress_titles_desc":"","_seopress_robots_index":""},"product_brand":[],"product_cat":[608,512],"product_tag":[],"class_list":{"0":"post-53639","1":"product","2":"type-product","3":"status-publish","4":"has-post-thumbnail","6":"product_cat-strategija-in-taktika","7":"product_cat-sahovske-knjige","8":"pa_avtor-simona-polse-zupan","9":"pa_leto-izdaje-750","10":"pa_nivo-knjige-zacetni","11":"pa_stran-oboje-nevtralno","12":"pa_tip-knjige-osnove","14":"entry","15":"has-media","17":"first","18":"instock","19":"taxable","20":"shipping-taxable","21":"purchasable","22":"product-type-simple","23":"has-product-nav","24":"col","25":"span_1_of_4","26":"owp-content-center","27":"item-entry","28":"owp-thumbs-layout-horizontal","29":"owp-btn-normal","30":"owp-tabs-layout-section","31":"has-no-thumbnails"},"wcpa_form_fields":null,"_links":{"self":[{"href":"https:\/\/chessgamesemporium.com\/fr\/wp-json\/wp\/v2\/product\/53639","targetHints":{"allow":["GET"]}}],"collection":[{"href":"https:\/\/chessgamesemporium.com\/fr\/wp-json\/wp\/v2\/product"}],"about":[{"href":"https:\/\/chessgamesemporium.com\/fr\/wp-json\/wp\/v2\/types\/product"}],"replies":[{"embeddable":true,"href":"https:\/\/chessgamesemporium.com\/fr\/wp-json\/wp\/v2\/comments?post=53639"}],"version-history":[{"count":0,"href":"https:\/\/chessgamesemporium.com\/fr\/wp-json\/wp\/v2\/product\/53639\/revisions"}],"wp:featuredmedia":[{"embeddable":true,"href":"https:\/\/chessgamesemporium.com\/fr\/wp-json\/wp\/v2\/media\/53649"}],"wp:attachment":[{"href":"https:\/\/chessgamesemporium.com\/fr\/wp-json\/wp\/v2\/media?parent=53639"}],"wp:term":[{"taxonomy":"product_brand","embeddable":true,"href":"https:\/\/chessgamesemporium.com\/fr\/wp-json\/wp\/v2\/product_brand?post=53639"},{"taxonomy":"product_cat","embeddable":true,"href":"https:\/\/chessgamesemporium.com\/fr\/wp-json\/wp\/v2\/product_cat?post=53639"},{"taxonomy":"product_tag","embeddable":true,"href":"https:\/\/chessgamesemporium.com\/fr\/wp-json\/wp\/v2\/product_tag?post=53639"}],"curies":[{"name":"wp","href":"https:\/\/api.w.org\/{rel}","templated":true}]}}