{"id":53755,"date":"2023-11-07T13:46:51","date_gmt":"2023-11-07T13:46:51","guid":{"rendered":"https:\/\/chessgamesemporium.com\/?post_type=product&#038;p=53755"},"modified":"2026-01-26T08:08:16","modified_gmt":"2026-01-26T08:08:16","slug":"dgt-smart-board-with-indices-classic-chess-pieces","status":"publish","type":"product","link":"https:\/\/chessgamesemporium.com\/fr\/shop\/sahovski-kompleti\/elektronski-sahi\/dgt-smart-board-with-indices-classic-chess-pieces\/","title":{"rendered":"\u00c9chiquier DGT SmartBoard avec index + pi\u00e8ces d'\u00e9checs CLASSIC"},"content":{"rendered":"<p>\u00c9chiquier en plastique avec index alphanum\u00e9riques<br \/>\nPi\u00e8ces d'\u00e9checs \u00e9lectroniques en bois DGT Classic<\/p>\n<p>Dimensions de l'\u00e9chiquier : 52 x 52 x 1,2 cm<br \/>\nDimensions des cases : 5,5 x 5,5 cm<\/p>\n<p>Dimensions : (hauteur | largeur de la base)<br \/>\nRoi : 9,6 cm | 4,1 cm<br \/>\nReine : 8,0 cm | 3,8 cm<br \/>\nTour : 5,2 cm | 3,4 cm<br \/>\nFou : 6,9 cm | 3,5 cm<br \/>\nCavalier : 6,6 cm | 3,5 cm<br \/>\nPion : 4,8 cm | 2,9 cm<\/p>\n<p>L'\u00e9chiquier \u00e9lectronique DGT, pr\u00eat \u00e0 l'emploi, vous offre le meilleur des deux mondes : la rencontre entre le jeu d'\u00e9checs classique et les technologies informatiques et internet du XXIe si\u00e8cle.<\/p>\n<p>L'\u00e9chiquier DGT SmartBoard en plastique se connecte facilement au port USB de votre ordinateur. Avec le DGT SmartBoard, vous pouvez jouer en ligne sur des sites d'\u00e9checs comme PlayChess, Chess21 et ICC. Cet ing\u00e9nieux \u00e9chiquier \u00e9lectronique sert de p\u00e9riph\u00e9rique d'entr\u00e9e pour tous les principaux logiciels d'\u00e9checs.<\/p>\n<p>Le DGT SmartBoard est l'interface id\u00e9ale pour jouer aux \u00e9checs sur PC. Il enrichit votre exp\u00e9rience de jeu. Un produit DGT typique : innovant, con\u00e7u pour les passionn\u00e9s d'\u00e9checs. Un excellent rapport qualit\u00e9-prix.<\/p>\n<p>Le coffret cadeau contient une \u00e9dition sp\u00e9ciale du c\u00e9l\u00e8bre programme Fritz et 100 jours d'acc\u00e8s gratuit sur PlayChess.com.<\/p>\n<p>\u2022 Diffusez vos parties d'\u00e9checs en direct sur Internet. Id\u00e9al pour la pr\u00e9sentation de tournois.<br \/>\n\u2022 Laissez l'ordinateur analyser vos parties pendant que vous jouez contre un adversaire humain.<br \/>\n\u2022 Enregistrez automatiquement vos parties dans la m\u00e9moire de l'\u00e9chiquier et r\u00e9cup\u00e9rez-les ult\u00e9rieurement au format PGN.<br \/>\n\u2022 L'\u00e9chiquier \u00e9lectronique DGT enrichit votre exp\u00e9rience des \u00e9checs.<br \/>\n\u2022 Le DGT Smartboard connecte un \u00e9chiquier classique \u00e0 votre PC en toute simplicit\u00e9, vous permettant ainsi de jouer directement contre les meilleurs programmes d'\u00e9checs au monde.<br \/>\n\u2022 Fini les TMS et la fatigue oculaire.<br \/>\n\u2022 Jouer en ligne via Internet est \u00e9galement tr\u00e8s facile.<br \/>\n\u2022 Pour les clubs et les organisateurs de tournois, le DGT Smartboard est la solution id\u00e9ale pour diffuser vos parties en direct sur Internet aupr\u00e8s d'un large public.<br \/>\n\u2022 Le DGT Smartboard se connecte aux pendules d'\u00e9checs DGT 2500, DGT 3000 et DGT PI via un port USB.<\/p>\n<p>Ne convient pas aux enfants de moins de 3 ans.<\/p>","protected":false},"excerpt":{"rendered":"<p>Plasti\u010dna \u0161ahovnica z notacijo Lesene \u0161ahovske e-figure DGT Classic Dimenzije \u0161ahovnice: 52 x 52 x 1,2 cm Dimenzije polja: 5,5 x 5,5 cm Dimenzije figur: (vi\u0161ina | premer podlage) Kralj: 9,6 cm | 4,1 cm Dama: 8,0 cm | 3,8 cm Top: 5,2 cm | 3,4 cm Lovec: 6,9 cm | 3,5 cm Skaka\u010d: 6,6 [&hellip;]<\/p>","protected":false},"featured_media":53761,"comment_status":"closed","ping_status":"closed","template":"","meta":{"_seopress_robots_primary_cat":"none","_seopress_titles_title":"","_seopress_titles_desc":"","_seopress_robots_index":""},"product_brand":[],"product_cat":[619,510],"product_tag":[],"class_list":{"0":"post-53755","1":"product","2":"type-product","3":"status-publish","4":"has-post-thumbnail","6":"product_cat-elektronski-sahi","7":"product_cat-sahovski-kompleti","9":"entry","10":"has-media","12":"first","13":"instock","14":"taxable","15":"shipping-taxable","16":"purchasable","17":"product-type-simple","18":"has-product-nav","19":"col","20":"span_1_of_4","21":"owp-content-center","22":"item-entry","23":"owp-thumbs-layout-horizontal","24":"owp-btn-normal","25":"owp-tabs-layout-section"},"wcpa_form_fields":null,"_links":{"self":[{"href":"https:\/\/chessgamesemporium.com\/fr\/wp-json\/wp\/v2\/product\/53755","targetHints":{"allow":["GET"]}}],"collection":[{"href":"https:\/\/chessgamesemporium.com\/fr\/wp-json\/wp\/v2\/product"}],"about":[{"href":"https:\/\/chessgamesemporium.com\/fr\/wp-json\/wp\/v2\/types\/product"}],"replies":[{"embeddable":true,"href":"https:\/\/chessgamesemporium.com\/fr\/wp-json\/wp\/v2\/comments?post=53755"}],"version-history":[{"count":0,"href":"https:\/\/chessgamesemporium.com\/fr\/wp-json\/wp\/v2\/product\/53755\/revisions"}],"wp:featuredmedia":[{"embeddable":true,"href":"https:\/\/chessgamesemporium.com\/fr\/wp-json\/wp\/v2\/media\/53761"}],"wp:attachment":[{"href":"https:\/\/chessgamesemporium.com\/fr\/wp-json\/wp\/v2\/media?parent=53755"}],"wp:term":[{"taxonomy":"product_brand","embeddable":true,"href":"https:\/\/chessgamesemporium.com\/fr\/wp-json\/wp\/v2\/product_brand?post=53755"},{"taxonomy":"product_cat","embeddable":true,"href":"https:\/\/chessgamesemporium.com\/fr\/wp-json\/wp\/v2\/product_cat?post=53755"},{"taxonomy":"product_tag","embeddable":true,"href":"https:\/\/chessgamesemporium.com\/fr\/wp-json\/wp\/v2\/product_tag?post=53755"}],"curies":[{"name":"wp","href":"https:\/\/api.w.org\/{rel}","templated":true}]}}