{"id":53863,"date":"2023-11-09T13:27:17","date_gmt":"2023-11-09T13:27:17","guid":{"rendered":"https:\/\/chessgamesemporium.com\/?post_type=product&#038;p=53863"},"modified":"2025-07-07T10:11:52","modified_gmt":"2025-07-07T10:11:52","slug":"sestavljanka-sahovska-figura","status":"publish","type":"product","link":"https:\/\/chessgamesemporium.com\/fr\/shop\/miselne-igre\/kovinske-miselne\/sestavljanka-sahovska-figura\/","title":{"rendered":"Pi\u00e8ce d'\u00e9checs puzzle moul\u00e9e"},"content":{"rendered":"<p>Trouvez la pi\u00e8ce cach\u00e9e !<\/p>\n<p>Chaque pi\u00e8ce d'\u00e9checs renferme une pi\u00e8ce !<br \/>\nChaque pi\u00e8ce poss\u00e8de un m\u00e9canisme de s\u00e9curit\u00e9 diff\u00e9rent.<\/p>\n<p>\u00c2ge : 8-99 ans<br \/>\nDimensions de la bo\u00eete : 140 x 50 x 175 mm<br \/>\nMat\u00e9riau : m\u00e9tal<\/p>","protected":false},"excerpt":{"rendered":"<p>Poi\u0161\u010dite skriti kovanec! V vsaki \u0161ahovski figuri se skriva kovanec. Preizkusite svojo sre\u010do in . Unikatni varnostni sistem je v vsaki figuri druga\u010den. Starost : +8 &#8211; 99 let Velikost \u0161katle : 140 x 50 x 175 mm Material : kovina<\/p>","protected":false},"featured_media":53898,"comment_status":"closed","ping_status":"closed","template":"","meta":{"_seopress_robots_primary_cat":"none","_seopress_titles_title":"","_seopress_titles_desc":"","_seopress_robots_index":""},"product_brand":[],"product_cat":[665,616],"product_tag":[],"class_list":{"0":"post-53863","1":"product","2":"type-product","3":"status-publish","4":"has-post-thumbnail","6":"product_cat-kovinske-miselne","7":"product_cat-miselne-igre","9":"entry","10":"has-media","12":"first","13":"instock","14":"taxable","15":"shipping-taxable","16":"purchasable","17":"product-type-variable","18":"has-product-nav","19":"col","20":"span_1_of_4","21":"owp-content-center","22":"item-entry","23":"owp-thumbs-layout-horizontal","24":"owp-btn-normal","25":"owp-tabs-layout-section","26":"has-no-thumbnails"},"wcpa_form_fields":null,"_links":{"self":[{"href":"https:\/\/chessgamesemporium.com\/fr\/wp-json\/wp\/v2\/product\/53863","targetHints":{"allow":["GET"]}}],"collection":[{"href":"https:\/\/chessgamesemporium.com\/fr\/wp-json\/wp\/v2\/product"}],"about":[{"href":"https:\/\/chessgamesemporium.com\/fr\/wp-json\/wp\/v2\/types\/product"}],"replies":[{"embeddable":true,"href":"https:\/\/chessgamesemporium.com\/fr\/wp-json\/wp\/v2\/comments?post=53863"}],"version-history":[{"count":0,"href":"https:\/\/chessgamesemporium.com\/fr\/wp-json\/wp\/v2\/product\/53863\/revisions"}],"wp:featuredmedia":[{"embeddable":true,"href":"https:\/\/chessgamesemporium.com\/fr\/wp-json\/wp\/v2\/media\/53898"}],"wp:attachment":[{"href":"https:\/\/chessgamesemporium.com\/fr\/wp-json\/wp\/v2\/media?parent=53863"}],"wp:term":[{"taxonomy":"product_brand","embeddable":true,"href":"https:\/\/chessgamesemporium.com\/fr\/wp-json\/wp\/v2\/product_brand?post=53863"},{"taxonomy":"product_cat","embeddable":true,"href":"https:\/\/chessgamesemporium.com\/fr\/wp-json\/wp\/v2\/product_cat?post=53863"},{"taxonomy":"product_tag","embeddable":true,"href":"https:\/\/chessgamesemporium.com\/fr\/wp-json\/wp\/v2\/product_tag?post=53863"}],"curies":[{"name":"wp","href":"https:\/\/api.w.org\/{rel}","templated":true}]}}