{"id":54169,"date":"2023-11-14T12:19:41","date_gmt":"2023-11-14T12:19:41","guid":{"rendered":"https:\/\/chessgamesemporium.com\/?post_type=product&#038;p=54169"},"modified":"2026-01-29T10:46:43","modified_gmt":"2026-01-29T10:46:43","slug":"dgt-usb-e-board-oreh","status":"publish","type":"product","link":"https:\/\/chessgamesemporium.com\/fr\/shop\/sahovski-kompleti\/elektronski-sahi\/dgt-usb-e-board-oreh\/","title":{"rendered":"\u00c9chiquier \u00e9lectronique DGT USB Noyer"},"content":{"rendered":"<p>DESCRIPTION<br \/>\nL'\u00e9chiquier \u00e9lectronique DGT, pr\u00eat \u00e0 l'emploi, vous offre le meilleur des deux mondes : la rencontre entre le jeu d'\u00e9checs classique et les technologies informatiques et internet du XXIe si\u00e8cle.<\/p>\n<p>L'\u00e9chiquier DGT e-Board en plastique se connecte facilement au port USB de votre ordinateur. Avec le DGT e-Board, vous pouvez jouer en ligne sur des sites d'\u00e9checs comme PlayChess, Chess21 et ICC. Cet ing\u00e9nieux \u00e9chiquier \u00e9lectronique sert de p\u00e9riph\u00e9rique d'entr\u00e9e pour tous les principaux logiciels d'\u00e9checs.<\/p>\n<p>Le DGT e-Board est l'interface id\u00e9ale pour jouer aux \u00e9checs sur PC. Il enrichit votre exp\u00e9rience de jeu. Un produit DGT typique : innovant, con\u00e7u pour les passionn\u00e9s d'\u00e9checs. Un excellent rapport qualit\u00e9-prix.<\/p>\n<p>Dimensions de l'\u00e9chiquier : 54 x 54 x 2,3 cm<br \/>\nTaille des cases : 5,5 cm<\/p>\n<p>Le coffret cadeau contient une \u00e9dition sp\u00e9ciale du c\u00e9l\u00e8bre programme Fritz et 100 jours d'acc\u00e8s gratuit sur PlayChess.com.<\/p>\n<p>\u2022 Diffusez vos parties d'\u00e9checs en direct sur Internet. Id\u00e9al pour la pr\u00e9sentation de tournois.<br \/>\n\u2022 Laissez l'ordinateur analyser vos parties pendant que vous jouez contre un adversaire humain.<br \/>\n\u2022 Enregistrez automatiquement vos parties dans la m\u00e9moire de l'\u00e9chiquier et r\u00e9cup\u00e9rez-les ult\u00e9rieurement au format PGN.<br \/>\n\u2022 L'\u00e9chiquier \u00e9lectronique DGT enrichit votre exp\u00e9rience des \u00e9checs.<br \/>\n\u2022 Le DGT e-board connecte un \u00e9chiquier classique \u00e0 votre PC en toute simplicit\u00e9, vous permettant ainsi de jouer directement contre les meilleurs programmes d'\u00e9checs au monde.<br \/>\n\u2022 Fini les TMS et la fatigue oculaire.<br \/>\n\u2022 Jouer en ligne via Internet est \u00e9galement tr\u00e8s facile.<br \/>\n\u2022 Pour les clubs et les organisateurs de tournois, le DGT e-board est la solution id\u00e9ale pour diffuser vos parties en direct sur Internet aupr\u00e8s d'un large public.<br \/>\n\u2022 Le DGT e-board se connecte aux pendules d'\u00e9checs DGT 2500, DGT 3000 et DGT PI via un port USB.<\/p>\n<p>Ne convient pas aux enfants de moins de 3 ans.<\/p>","protected":false},"excerpt":{"rendered":"<p>OPIS Plug &amp; play DGT elektronska \u0161ahovnica vas popelje v dva nova svetova. Va\u0161a partija se prena\u0161a prena\u0161a direktno na ra\u010dunalnik in\/ali internet. Prelep klasi\u010den DGT-jev e-Board se zlahka pove\u017ee z va\u0161im osebnim ra\u010dunalnikom preko USB povezave. Z DGT e-Boardom lahko igrate na spletnih straneh kot so PlayChess, Chess21 in ICC. Pametni e-Board deluje kot [&hellip;]<\/p>","protected":false},"featured_media":54172,"comment_status":"open","ping_status":"closed","template":"","meta":{"_seopress_robots_primary_cat":"none","_seopress_titles_title":"","_seopress_titles_desc":"","_seopress_robots_index":""},"product_brand":[],"product_cat":[619,510],"product_tag":[],"class_list":{"0":"post-54169","1":"product","2":"type-product","3":"status-publish","4":"has-post-thumbnail","6":"product_cat-elektronski-sahi","7":"product_cat-sahovski-kompleti","9":"entry","10":"has-media","12":"first","13":"instock","14":"taxable","15":"shipping-taxable","16":"purchasable","17":"product-type-simple","18":"has-product-nav","19":"col","20":"span_1_of_4","21":"owp-content-center","22":"item-entry","23":"owp-thumbs-layout-horizontal","24":"owp-btn-normal","25":"owp-tabs-layout-section"},"wcpa_form_fields":null,"_links":{"self":[{"href":"https:\/\/chessgamesemporium.com\/fr\/wp-json\/wp\/v2\/product\/54169","targetHints":{"allow":["GET"]}}],"collection":[{"href":"https:\/\/chessgamesemporium.com\/fr\/wp-json\/wp\/v2\/product"}],"about":[{"href":"https:\/\/chessgamesemporium.com\/fr\/wp-json\/wp\/v2\/types\/product"}],"replies":[{"embeddable":true,"href":"https:\/\/chessgamesemporium.com\/fr\/wp-json\/wp\/v2\/comments?post=54169"}],"version-history":[{"count":0,"href":"https:\/\/chessgamesemporium.com\/fr\/wp-json\/wp\/v2\/product\/54169\/revisions"}],"wp:featuredmedia":[{"embeddable":true,"href":"https:\/\/chessgamesemporium.com\/fr\/wp-json\/wp\/v2\/media\/54172"}],"wp:attachment":[{"href":"https:\/\/chessgamesemporium.com\/fr\/wp-json\/wp\/v2\/media?parent=54169"}],"wp:term":[{"taxonomy":"product_brand","embeddable":true,"href":"https:\/\/chessgamesemporium.com\/fr\/wp-json\/wp\/v2\/product_brand?post=54169"},{"taxonomy":"product_cat","embeddable":true,"href":"https:\/\/chessgamesemporium.com\/fr\/wp-json\/wp\/v2\/product_cat?post=54169"},{"taxonomy":"product_tag","embeddable":true,"href":"https:\/\/chessgamesemporium.com\/fr\/wp-json\/wp\/v2\/product_tag?post=54169"}],"curies":[{"name":"wp","href":"https:\/\/api.w.org\/{rel}","templated":true}]}}