{"id":54334,"date":"2023-11-16T09:30:49","date_gmt":"2023-11-16T09:30:49","guid":{"rendered":"https:\/\/chessgamesemporium.com\/?post_type=product&#038;p=54334"},"modified":"2023-11-20T13:39:24","modified_gmt":"2023-11-20T13:39:24","slug":"darilni-komplet-kock-kaca","status":"publish","type":"product","link":"https:\/\/chessgamesemporium.com\/fr\/shop\/miselne-igre\/lesene-penaste-miselne\/darilni-komplet-kock-kaca\/","title":{"rendered":"Coffret cadeau de cubes casse-t\u00eate serpent"},"content":{"rendered":"<p>Chaque cube est divis\u00e9 en 27 petits cubes reli\u00e9s par une ficelle. Une fois d\u00e9compos\u00e9s en serpent, il faut beaucoup d'adresse et de patience pour le reconstituer. Ce coffret comprend 6 cubes de difficult\u00e9 variable.<\/p>\n<p>Dimensions d'un cube : 45 x 45 x 45 mm<br \/>\nDimensions de la bo\u00eete : 190 x 133 x 72 mm<\/p>\n<p>Mat\u00e9riaux : ficelle, bois (havea, samena)<\/p>\n<p>Attention ! Ne convient pas aux enfants de moins de 3 ans en raison des petites pi\u00e8ces ! Risque d'\u00e9touffement.<\/p>","protected":false},"excerpt":{"rendered":"<p>Vse kocke so povezane z vrvico. Ko je kocka enkrat razstavljena (ka\u010da), je potrebno veliko spretnosti in potrpe\u017eljivosti pri spreminjanju ka\u010de nazaj v prvotno kocko. V tem kompletu dobite 6 kock v razli\u010dnih te\u017eavnostnih stopnjah. Dimenzije posamezne kocke: 45 x 45 x 45 mm Dimenzije \u0161katle: 190 x 133 x 72 mm Material: vrv, les [&hellip;]<\/p>","protected":false},"featured_media":54338,"comment_status":"open","ping_status":"closed","template":"","meta":{"_seopress_robots_primary_cat":"none","_seopress_titles_title":"","_seopress_titles_desc":"","_seopress_robots_index":""},"product_brand":[],"product_cat":[663,616],"product_tag":[],"class_list":{"0":"post-54334","1":"product","2":"type-product","3":"status-publish","4":"has-post-thumbnail","6":"product_cat-lesene-penaste-miselne","7":"product_cat-miselne-igre","8":"wcpa_has_options","10":"entry","11":"has-media","13":"first","14":"instock","15":"taxable","16":"shipping-taxable","17":"purchasable","18":"product-type-simple","19":"has-product-nav","20":"col","21":"span_1_of_4","22":"owp-content-center","23":"item-entry","24":"owp-thumbs-layout-horizontal","25":"owp-btn-normal","26":"owp-tabs-layout-section"},"wcpa_form_fields":{"rules":{"pric_overide_base_price":false,"pric_overide_base_price_if_gt_zero":false,"pric_overide_base_price_fully":false,"pric_cal_option_once":false,"pric_use_as_fee":false,"bind_quantity":false,"quantity_bind_formula":false},"fields":[{"type":"text","elementId":"wcpa-text-1666713333654","label":"Gravura ( opcijsko )","description":"Vpi\u0161ite \u017eeljeni tekst za graviranje (npr. Vse najbolj\u0161e, IME, datum ipd.)","desc_type":true,"enablePrice":true,"pricingType":"fixed","price":"7","name":"text-1666713333654","fee_label":"Za naro\u010dnike izven eu, bo davek od\u0161tet na blagajni.","subtype":"text","maxlength":"16","cl_rule":"show","col":6,"relations":false,"form_id":46231,"form_rules":{"pric_cal_option_once":false,"exclude_from_discount":false,"pric_use_as_fee":false,"fee_label":"Fee","render_after_acb":false,"disp_hide_options_price":false}}]},"_links":{"self":[{"href":"https:\/\/chessgamesemporium.com\/fr\/wp-json\/wp\/v2\/product\/54334","targetHints":{"allow":["GET"]}}],"collection":[{"href":"https:\/\/chessgamesemporium.com\/fr\/wp-json\/wp\/v2\/product"}],"about":[{"href":"https:\/\/chessgamesemporium.com\/fr\/wp-json\/wp\/v2\/types\/product"}],"replies":[{"embeddable":true,"href":"https:\/\/chessgamesemporium.com\/fr\/wp-json\/wp\/v2\/comments?post=54334"}],"version-history":[{"count":0,"href":"https:\/\/chessgamesemporium.com\/fr\/wp-json\/wp\/v2\/product\/54334\/revisions"}],"wp:featuredmedia":[{"embeddable":true,"href":"https:\/\/chessgamesemporium.com\/fr\/wp-json\/wp\/v2\/media\/54338"}],"wp:attachment":[{"href":"https:\/\/chessgamesemporium.com\/fr\/wp-json\/wp\/v2\/media?parent=54334"}],"wp:term":[{"taxonomy":"product_brand","embeddable":true,"href":"https:\/\/chessgamesemporium.com\/fr\/wp-json\/wp\/v2\/product_brand?post=54334"},{"taxonomy":"product_cat","embeddable":true,"href":"https:\/\/chessgamesemporium.com\/fr\/wp-json\/wp\/v2\/product_cat?post=54334"},{"taxonomy":"product_tag","embeddable":true,"href":"https:\/\/chessgamesemporium.com\/fr\/wp-json\/wp\/v2\/product_tag?post=54334"}],"curies":[{"name":"wp","href":"https:\/\/api.w.org\/{rel}","templated":true}]}}