{"id":54410,"date":"2023-11-16T12:20:31","date_gmt":"2023-11-16T12:20:31","guid":{"rendered":"https:\/\/chessgamesemporium.com\/?post_type=product&#038;p=54410"},"modified":"2025-02-25T11:10:36","modified_gmt":"2025-02-25T11:10:36","slug":"preklopna-sahovska-garnitura-za-slepe","status":"publish","type":"product","link":"https:\/\/chessgamesemporium.com\/fr\/shop\/sahovski-kompleti\/posebni-sahi\/preklopna-sahovska-garnitura-za-slepe\/","title":{"rendered":"Jeu d'\u00e9checs pliable pour les aveugles et les malvoyants"},"content":{"rendered":"<p>Jeu d'\u00e9checs sp\u00e9cialement con\u00e7u pour les personnes aveugles et malvoyantes<\/p>\n<p>Jeu d'\u00e9checs pliable con\u00e7u pour les joueurs aveugles et malvoyants : les cases sombres du plateau sont en relief et les pi\u00e8ces noires sont signal\u00e9es par une \u00e9pingle. Chaque case est \u00e9galement dot\u00e9e d'un trou pour emp\u00eacher les pi\u00e8ces de basculer.<\/p>\n<p>Dimensions du jeu (pli\u00e9) : 30 x 15 x 3 cm<br \/>\nDimensions des cases : 33 x 33 mm<\/p>\n<p>Mat\u00e9riau :<br \/>\nPi\u00e8ces : bois d'aulne<br \/>\nIncrustation du plateau : bois d'\u00e9rable et de noyer<\/p>","protected":false},"excerpt":{"rendered":"<p>\u0160ah za slepe Preklopna \u0161ahovska garnitura za slepe in slabovidne igralce. privzdignjena \u010drna polja, \u010drne figure ozna\u010dene z \u017eeblji\u010dkom. Dimenzije garniture (zlo\u017eljive) v cm: 30 x 15 x 3 Dimenzije polja: 33 mm Material: Figure: les jel\u0161e Intarzija: javor in oreh<\/p>","protected":false},"featured_media":54413,"comment_status":"open","ping_status":"closed","template":"","meta":{"_seopress_robots_primary_cat":"none","_seopress_titles_title":"","_seopress_titles_desc":"","_seopress_robots_index":""},"product_brand":[],"product_cat":[537,510],"product_tag":[],"class_list":{"0":"post-54410","1":"product","2":"type-product","3":"status-publish","4":"has-post-thumbnail","6":"product_cat-posebni-sahi","7":"product_cat-sahovski-kompleti","8":"wcpa_has_options","10":"entry","11":"has-media","13":"first","14":"instock","15":"taxable","16":"shipping-taxable","17":"purchasable","18":"product-type-simple","19":"has-product-nav","20":"col","21":"span_1_of_4","22":"owp-content-center","23":"item-entry","24":"owp-thumbs-layout-horizontal","25":"owp-btn-normal","26":"owp-tabs-layout-section"},"wcpa_form_fields":{"rules":{"pric_overide_base_price":false,"pric_overide_base_price_if_gt_zero":false,"pric_overide_base_price_fully":false,"pric_cal_option_once":false,"pric_use_as_fee":false,"bind_quantity":false,"quantity_bind_formula":false},"fields":[{"type":"text","elementId":"wcpa-text-1666713333654","label":"Gravura ( opcijsko )","description":"Vpi\u0161ite \u017eeljeni tekst za graviranje (npr. Vse najbolj\u0161e, IME, datum ipd.)","desc_type":true,"enablePrice":true,"pricingType":"fixed","price":"7","name":"text-1666713333654","fee_label":"Za naro\u010dnike izven eu, bo davek od\u0161tet na blagajni.","subtype":"text","maxlength":"16","cl_rule":"show","col":6,"relations":false,"form_id":46231,"form_rules":{"pric_cal_option_once":false,"exclude_from_discount":false,"pric_use_as_fee":false,"fee_label":"Fee","render_after_acb":false,"disp_hide_options_price":false}}]},"_links":{"self":[{"href":"https:\/\/chessgamesemporium.com\/fr\/wp-json\/wp\/v2\/product\/54410","targetHints":{"allow":["GET"]}}],"collection":[{"href":"https:\/\/chessgamesemporium.com\/fr\/wp-json\/wp\/v2\/product"}],"about":[{"href":"https:\/\/chessgamesemporium.com\/fr\/wp-json\/wp\/v2\/types\/product"}],"replies":[{"embeddable":true,"href":"https:\/\/chessgamesemporium.com\/fr\/wp-json\/wp\/v2\/comments?post=54410"}],"version-history":[{"count":0,"href":"https:\/\/chessgamesemporium.com\/fr\/wp-json\/wp\/v2\/product\/54410\/revisions"}],"wp:featuredmedia":[{"embeddable":true,"href":"https:\/\/chessgamesemporium.com\/fr\/wp-json\/wp\/v2\/media\/54413"}],"wp:attachment":[{"href":"https:\/\/chessgamesemporium.com\/fr\/wp-json\/wp\/v2\/media?parent=54410"}],"wp:term":[{"taxonomy":"product_brand","embeddable":true,"href":"https:\/\/chessgamesemporium.com\/fr\/wp-json\/wp\/v2\/product_brand?post=54410"},{"taxonomy":"product_cat","embeddable":true,"href":"https:\/\/chessgamesemporium.com\/fr\/wp-json\/wp\/v2\/product_cat?post=54410"},{"taxonomy":"product_tag","embeddable":true,"href":"https:\/\/chessgamesemporium.com\/fr\/wp-json\/wp\/v2\/product_tag?post=54410"}],"curies":[{"name":"wp","href":"https:\/\/api.w.org\/{rel}","templated":true}]}}