{"id":55150,"date":"2023-12-07T12:54:00","date_gmt":"2023-12-07T12:54:00","guid":{"rendered":"https:\/\/chessgamesemporium.com\/?post_type=product&#038;p=55150"},"modified":"2023-12-07T12:54:02","modified_gmt":"2023-12-07T12:54:02","slug":"mikado","status":"publish","type":"product","link":"https:\/\/chessgamesemporium.com\/fr\/shop\/druzabne-igre\/mikado\/","title":{"rendered":"Mikado"},"content":{"rendered":"<p>Mikado est un jeu mondialement connu. Les r\u00e8gles sont tr\u00e8s simples, vous pouvez donc commencer \u00e0 jouer imm\u00e9diatement !<\/p>\n<p>R\u00e8gles du Mikado :<\/p>\n<p>Ce jeu requiert patience, concentration et, bien s\u00fbr, dext\u00e9rit\u00e9.<\/p>\n<p>Un joueur ramasse tous les b\u00e2tonnets dans une main, de fa\u00e7on \u00e0 ce qu'ils soient dress\u00e9s, une extr\u00e9mit\u00e9 touchant le plateau de jeu. Ce joueur ouvre rapidement sa main, laissant tomber les b\u00e2tonnets en une pile. Les joueurs retirent ensuite les b\u00e2tonnets de la pile, un \u00e0 un, sans toucher aux autres. Si un joueur d\u00e9place un b\u00e2tonnet autre que celui qu'il retire, son tour se termine imm\u00e9diatement et c'est au tour du joueur suivant. Le joueur qui ramasse le b\u00e2tonnet Mikado (celui avec une spirale bleue) peut l'utiliser pour ramasser les autres b\u00e2tonnets. Les diff\u00e9rents b\u00e2tonnets ont des valeurs en points diff\u00e9rentes :<\/p>\n<table>\n<tbody>\n<tr>\n<td width=\"76\">Quantit\u00e9<\/td>\n<td width=\"335\">B\u00e2tonnets<\/td>\n<td width=\"194\">Valeur en points<\/td>\n<\/tr>\n<tr>\n<td width=\"76\">1<\/td>\n<td width=\"335\">Mikado : Spirale bleue<\/td>\n<td width=\"194\">20<\/td>\n<\/tr>\n<tr>\n<td width=\"76\">5<\/td>\n<td width=\"335\">Bleu\/rouge\/bleu<\/td>\n<td width=\"194\">10<\/td>\n<\/tr>\n<tr>\n<td width=\"76\">5<\/td>\n<td width=\"335\">Rouge\/bleu\/rouge\/bleu\/rouge<\/td>\n<td width=\"194\">5<\/td>\n<\/tr>\n<tr>\n<td width=\"76\">15<\/td>\n<td width=\"335\">Rouge\/jaune\/bleu<\/td>\n<td width=\"194\">3<\/td>\n<\/tr>\n<tr>\n<td width=\"76\">15<\/td>\n<td width=\"335\">Rouge\/bleu<\/td>\n<td width=\"194\">2<\/td>\n<\/tr>\n<tr>\n<td width=\"76\">&nbsp;<\/td>\n<td width=\"335\"><strong>Total des points<\/strong><\/td>\n<td width=\"194\"><strong>170<\/strong><\/td>\n<\/tr>\n<\/tbody>\n<\/table>","protected":false},"excerpt":{"rendered":"<p>Mikado je svetovno znana igra. Pravila so preprosta, z igro lahko za\u010dnete takoj. Pravila igre Mikado (pobiranje pali\u010dk): Ta igra zahteva, mirnost, koncentracijo in seveda ro\u010dne spretnosti. Eden od igralcev vzame vse pali\u010dke v dlan, tako da pali\u010dke stojijo pokonci, spodnji del pa se dotika mize. Nato igralec hitro razpre dlan, tako da pal\u010dke popadajo [&hellip;]<\/p>","protected":false},"featured_media":55156,"comment_status":"open","ping_status":"closed","template":"","meta":{"_seopress_robots_primary_cat":"","_seopress_titles_title":"","_seopress_titles_desc":"","_seopress_robots_index":""},"product_brand":[],"product_cat":[677],"product_tag":[],"class_list":{"0":"post-55150","1":"product","2":"type-product","3":"status-publish","4":"has-post-thumbnail","6":"product_cat-druzabne-igre","8":"entry","9":"has-media","11":"first","12":"instock","13":"taxable","14":"shipping-taxable","15":"purchasable","16":"product-type-variable","17":"has-product-nav","18":"col","19":"span_1_of_4","20":"owp-content-center","21":"item-entry","22":"owp-thumbs-layout-horizontal","23":"owp-btn-normal","24":"owp-tabs-layout-section","25":"has-no-thumbnails"},"wcpa_form_fields":null,"_links":{"self":[{"href":"https:\/\/chessgamesemporium.com\/fr\/wp-json\/wp\/v2\/product\/55150","targetHints":{"allow":["GET"]}}],"collection":[{"href":"https:\/\/chessgamesemporium.com\/fr\/wp-json\/wp\/v2\/product"}],"about":[{"href":"https:\/\/chessgamesemporium.com\/fr\/wp-json\/wp\/v2\/types\/product"}],"replies":[{"embeddable":true,"href":"https:\/\/chessgamesemporium.com\/fr\/wp-json\/wp\/v2\/comments?post=55150"}],"version-history":[{"count":0,"href":"https:\/\/chessgamesemporium.com\/fr\/wp-json\/wp\/v2\/product\/55150\/revisions"}],"wp:featuredmedia":[{"embeddable":true,"href":"https:\/\/chessgamesemporium.com\/fr\/wp-json\/wp\/v2\/media\/55156"}],"wp:attachment":[{"href":"https:\/\/chessgamesemporium.com\/fr\/wp-json\/wp\/v2\/media?parent=55150"}],"wp:term":[{"taxonomy":"product_brand","embeddable":true,"href":"https:\/\/chessgamesemporium.com\/fr\/wp-json\/wp\/v2\/product_brand?post=55150"},{"taxonomy":"product_cat","embeddable":true,"href":"https:\/\/chessgamesemporium.com\/fr\/wp-json\/wp\/v2\/product_cat?post=55150"},{"taxonomy":"product_tag","embeddable":true,"href":"https:\/\/chessgamesemporium.com\/fr\/wp-json\/wp\/v2\/product_tag?post=55150"}],"curies":[{"name":"wp","href":"https:\/\/api.w.org\/{rel}","templated":true}]}}