{"id":55159,"date":"2023-12-07T13:07:58","date_gmt":"2023-12-07T13:07:58","guid":{"rendered":"https:\/\/chessgamesemporium.com\/?post_type=product&#038;p=55159"},"modified":"2023-12-07T13:07:59","modified_gmt":"2023-12-07T13:07:59","slug":"sahovska-ura-za-slepe-dgt-echo","status":"publish","type":"product","link":"https:\/\/chessgamesemporium.com\/fr\/shop\/sahovske-ure\/digitalne-ure\/sahovska-ura-za-slepe-dgt-echo\/","title":{"rendered":"Horloge d'\u00e9checs pour les aveugles et les malvoyants DGT ECHO"},"content":{"rendered":"<p>La DGT ECHO est une version parlante de l'horloge d'\u00e9checs DGT 3000, tr\u00e8s r\u00e9pandue, et propose les fonctionnalit\u00e9s suppl\u00e9mentaires suivantes :<\/p>\n<p>Tous les r\u00e9glages et les temps sont \u00e9nonc\u00e9s \u00e0 voix haute en anglais.<br \/>\nUne combinaison de couleurs attrayante est con\u00e7ue pour faciliter l'utilisation par les joueurs malvoyants.<br \/>\nLes boutons sont en braille et un guide audio d'utilisation rapide est disponible.<br \/>\nDeux casques audio sont inclus ; le volume est r\u00e9glable pour chaque joueur.<\/p>","protected":false},"excerpt":{"rendered":"<p>DGT Echo je zvo\u010dna razli\u010dica \u0161iroko uporabljene \u0161ahovske ure DGT3000 in ima te dodatne prednosti: Vse nastavitve in \u010das so izgovorjene v angle\u0161kem jeziku. Osupljiva barvna kombinacija, zasnovana tako, da ustreza slabovidnim igralcem. Gumbi opremljeni z Braillovo pisavo in hitri zvo\u010dni vodnik za enostavno uporabo. Prilo\u017eena dve slu\u0161alki; stopnje zvoka ure, nastavljive za vsakega igralca.<\/p>","protected":false},"featured_media":55162,"comment_status":"open","ping_status":"closed","template":"","meta":{"_seopress_robots_primary_cat":"","_seopress_titles_title":"","_seopress_titles_desc":"","_seopress_robots_index":""},"product_brand":[],"product_cat":[513,520],"product_tag":[],"class_list":{"0":"post-55159","1":"product","2":"type-product","3":"status-publish","4":"has-post-thumbnail","6":"product_cat-sahovske-ure","7":"product_cat-digitalne-ure","9":"entry","10":"has-media","12":"first","13":"onbackorder","14":"taxable","15":"shipping-taxable","16":"purchasable","17":"product-type-simple","18":"has-product-nav","19":"col","20":"span_1_of_4","21":"owp-content-center","22":"item-entry","23":"owp-thumbs-layout-horizontal","24":"owp-btn-normal","25":"owp-tabs-layout-section"},"wcpa_form_fields":null,"_links":{"self":[{"href":"https:\/\/chessgamesemporium.com\/fr\/wp-json\/wp\/v2\/product\/55159","targetHints":{"allow":["GET"]}}],"collection":[{"href":"https:\/\/chessgamesemporium.com\/fr\/wp-json\/wp\/v2\/product"}],"about":[{"href":"https:\/\/chessgamesemporium.com\/fr\/wp-json\/wp\/v2\/types\/product"}],"replies":[{"embeddable":true,"href":"https:\/\/chessgamesemporium.com\/fr\/wp-json\/wp\/v2\/comments?post=55159"}],"version-history":[{"count":0,"href":"https:\/\/chessgamesemporium.com\/fr\/wp-json\/wp\/v2\/product\/55159\/revisions"}],"wp:featuredmedia":[{"embeddable":true,"href":"https:\/\/chessgamesemporium.com\/fr\/wp-json\/wp\/v2\/media\/55162"}],"wp:attachment":[{"href":"https:\/\/chessgamesemporium.com\/fr\/wp-json\/wp\/v2\/media?parent=55159"}],"wp:term":[{"taxonomy":"product_brand","embeddable":true,"href":"https:\/\/chessgamesemporium.com\/fr\/wp-json\/wp\/v2\/product_brand?post=55159"},{"taxonomy":"product_cat","embeddable":true,"href":"https:\/\/chessgamesemporium.com\/fr\/wp-json\/wp\/v2\/product_cat?post=55159"},{"taxonomy":"product_tag","embeddable":true,"href":"https:\/\/chessgamesemporium.com\/fr\/wp-json\/wp\/v2\/product_tag?post=55159"}],"curies":[{"name":"wp","href":"https:\/\/api.w.org\/{rel}","templated":true}]}}