{"id":55231,"date":"2023-12-11T09:40:40","date_gmt":"2023-12-11T09:40:40","guid":{"rendered":"https:\/\/chessgamesemporium.com\/shop\/nekategorizirano\/54367-copy-2\/"},"modified":"2023-12-11T09:43:02","modified_gmt":"2023-12-11T09:43:02","slug":"54367-copy-2","status":"publish","type":"product","link":"https:\/\/chessgamesemporium.com\/fr\/shop\/miselne-igre\/lesene-penaste-miselne\/54367-copy-2\/","title":{"rendered":"Coffret de jeux amusants"},"content":{"rendered":"<p>Ce coffret comprend 5 jeux diff\u00e9rents :<\/p>\n<p>Labyrinthe : Ce jeu captivant mettra votre adresse et votre patience \u00e0 l'\u00e9preuve. Une petite bille m\u00e9tallique doit \u00eatre guid\u00e9e le long d'un parcours donn\u00e9, en \u00e9vitant les nombreux trous. \u00c0 vous d'incliner le plateau pour que la bille passe au-del\u00e0 des zones dangereuses.<\/p>\n<p>Solitaire : Le solitaire est un jeu solo. Il se joue sur un plateau de 33 trous. Au d\u00e9but de la partie, tous les trous, sauf le central, sont occup\u00e9s par un pion. Le but du jeu est de se d\u00e9barrasser de tous les pions sauf un. Les pions peuvent \u00eatre d\u00e9plac\u00e9s horizontalement ou verticalement, en sautant par-dessus un autre pion pour le retirer.<\/p>\n<p>Casse-t\u00eate en bois : D\u00e9monter et remonter ce puzzle demandera r\u00e9flexion et pr\u00e9cision.<\/p>\n<p>Jenga : Toutes les pi\u00e8ces en bois sont empil\u00e9es en une tour au d\u00e9but de la partie. \u00c0 tour de r\u00f4le, les joueurs retirent une pi\u00e8ce de la tour et la placent au sommet. Les joueurs doivent faire preuve de sang-froid et d'adresse \u00e0 mesure que la tour devient de plus en plus instable. La partie se termine lorsque la tour s'\u00e9croule.<\/p>\n<p>Casse-t\u00eate m\u00e9tallique : Le but est de d\u00e9monter puis de remonter le n\u0153ud m\u00e9tallique.<\/p>\n<p>Contenu :<br \/>\n5 jeux<\/p>\n<p>Mat\u00e9riau :<br \/>\nLabyrinthe, Solitaire, Casse-t\u00eate en bois, Jenga : Bois<br \/>\nN\u0153ud m\u00e9tallique : M\u00e9tal<\/p>\n<p>Dimensions : 320 x 265 x 75 mm<\/p>\n<p>Attention ! Ne convient pas aux enfants de moins de 3 ans en raison des petites pi\u00e8ces ! Risque d'\u00e9touffement.<\/p>","protected":false},"excerpt":{"rendered":"<p>Ta zbirka iger vklju\u010duje 5 razli\u010dnih zabavnih iger: Labirint: Ta fascinantna igra je zelo odvisna od va\u0161e lastne spretnosti, potrpe\u017eljivosti in sposobnosti. Majhna \u017eelezna krogla mora iti skozi dano pot, ki vsebuje veliko lukenj. Od va\u0161e spretnosti je odvisno, kdaj premakniti tablo, da se bo krogla kotalila skozi nevarna obmo\u010dja. Solitaire: Solitaire je igra za [&hellip;]<\/p>","protected":false},"featured_media":54374,"comment_status":"open","ping_status":"closed","template":"","meta":{"_seopress_robots_primary_cat":"none","_seopress_titles_title":"","_seopress_titles_desc":"","_seopress_robots_index":""},"product_brand":[],"product_cat":[663,616],"product_tag":[],"class_list":{"0":"post-55231","1":"product","2":"type-product","3":"status-publish","4":"has-post-thumbnail","6":"product_cat-lesene-penaste-miselne","7":"product_cat-miselne-igre","9":"entry","10":"has-media","12":"first","13":"instock","14":"taxable","15":"shipping-taxable","16":"purchasable","17":"product-type-simple","18":"has-product-nav","19":"col","20":"span_1_of_4","21":"owp-content-center","22":"item-entry","23":"owp-thumbs-layout-horizontal","24":"owp-btn-normal","25":"owp-tabs-layout-section"},"wcpa_form_fields":null,"_links":{"self":[{"href":"https:\/\/chessgamesemporium.com\/fr\/wp-json\/wp\/v2\/product\/55231","targetHints":{"allow":["GET"]}}],"collection":[{"href":"https:\/\/chessgamesemporium.com\/fr\/wp-json\/wp\/v2\/product"}],"about":[{"href":"https:\/\/chessgamesemporium.com\/fr\/wp-json\/wp\/v2\/types\/product"}],"replies":[{"embeddable":true,"href":"https:\/\/chessgamesemporium.com\/fr\/wp-json\/wp\/v2\/comments?post=55231"}],"version-history":[{"count":0,"href":"https:\/\/chessgamesemporium.com\/fr\/wp-json\/wp\/v2\/product\/55231\/revisions"}],"wp:featuredmedia":[{"embeddable":true,"href":"https:\/\/chessgamesemporium.com\/fr\/wp-json\/wp\/v2\/media\/54374"}],"wp:attachment":[{"href":"https:\/\/chessgamesemporium.com\/fr\/wp-json\/wp\/v2\/media?parent=55231"}],"wp:term":[{"taxonomy":"product_brand","embeddable":true,"href":"https:\/\/chessgamesemporium.com\/fr\/wp-json\/wp\/v2\/product_brand?post=55231"},{"taxonomy":"product_cat","embeddable":true,"href":"https:\/\/chessgamesemporium.com\/fr\/wp-json\/wp\/v2\/product_cat?post=55231"},{"taxonomy":"product_tag","embeddable":true,"href":"https:\/\/chessgamesemporium.com\/fr\/wp-json\/wp\/v2\/product_tag?post=55231"}],"curies":[{"name":"wp","href":"https:\/\/api.w.org\/{rel}","templated":true}]}}