{"id":55269,"date":"2023-12-14T10:54:23","date_gmt":"2023-12-14T10:54:23","guid":{"rendered":"https:\/\/chessgamesemporium.com\/?post_type=product&#038;p=55269"},"modified":"2026-02-06T08:59:02","modified_gmt":"2026-02-06T08:59:02","slug":"sahovski-komplet-dgt-plastika","status":"publish","type":"product","link":"https:\/\/chessgamesemporium.com\/fr\/shop\/sahovski-kompleti\/sestavljeni-kompleti\/sahovski-komplet-dgt-plastika\/","title":{"rendered":"Jeu d'\u00e9checs DGT en plastique"},"content":{"rendered":"<p>Pi\u00e8ces d'\u00e9checs en plastique DGT TOURNAMENT<br \/>\nLest\u00e9es, recouvertes de feutre<\/p>\n<p>Dimensions : (hauteur | largeur de la base)<br \/>\nRoi : 9,4 cm | 4,2 cm<br \/>\nReine : 8,1 cm | 3,9 cm<br \/>\nTour : 5,7 cm | 3,6 cm<br \/>\nFou : 7,4 cm | 3,6 cm<br \/>\nCavalier : 6,4 cm | 3,6 cm<br \/>\nPion : 5,0 cm | 2,8 cm<\/p>\n<p>\u00c9chiquier enroulable 57 mm<\/p>\n<p>Mat\u00e9riau : PVC, toile<br \/>\nDimensions des cases : 57 x 57 mm<br \/>\nDimensions de l'\u00e9chiquier : 50 x 50 cm<br \/>\nLavable<\/p>\n<p>Les cases de 57 x 57 mm de cet \u00e9chiquier sont id\u00e9ales pour les pi\u00e8ces d'\u00e9checs dont la hauteur du roi est comprise entre 95 et 98 mm.<\/p>\n<p>Attention ! Ne convient pas aux enfants de moins de 3 ans en raison des petites pi\u00e8ces ! Risque d'\u00e9touffement.<\/p>\n<p>Vous ne savez pas si cet \u00e9chiquier est le bon choix ?<br \/>\nLisez notre guide <a href=\"https:\/\/chessgamesemporium.com\/fr\/kako-izbrati-pravi-sahovski-komplet-les-velikost-figure-darilo\/\">pour choisir l'\u00e9chiquier adapt\u00e9<\/a> en fonction de l'usage, de la taille et des pi\u00e8ces.<\/p>","protected":false},"excerpt":{"rendered":"<p>Plasti\u010dne \u0160ahovske Figure DGT TOURNAMENT Obte\u017eene, podlo\u017eene Dimenzije: (vi\u0161ina figure| premer podlage) Kralj: 9,4 cm | 4,2 cm Dama: 8,1 cm | 3,9 cm Top: 5,7 cm | 3,6 cm Lovec: 7,4 cm | 3,6 cm Skaka\u010d: 6,4 cm | 3,6 cm Kmet: 5,0 cm | 2,8 cm \u0160ahovnica za ZVIJANJE 57 mm Material: PVC, [&hellip;]<\/p>","protected":false},"featured_media":55273,"comment_status":"open","ping_status":"closed","template":"","meta":{"_seopress_robots_primary_cat":"none","_seopress_titles_title":"","_seopress_titles_desc":"","_seopress_robots_index":""},"product_brand":[],"product_cat":[581,510],"product_tag":[],"class_list":{"0":"post-55269","1":"product","2":"type-product","3":"status-publish","4":"has-post-thumbnail","6":"product_cat-sestavljeni-kompleti","7":"product_cat-sahovski-kompleti","9":"entry","10":"has-media","12":"first","13":"instock","14":"taxable","15":"shipping-taxable","16":"purchasable","17":"product-type-simple","18":"has-product-nav","19":"col","20":"span_1_of_4","21":"owp-content-center","22":"item-entry","23":"owp-thumbs-layout-horizontal","24":"owp-btn-normal","25":"owp-tabs-layout-section"},"wcpa_form_fields":null,"_links":{"self":[{"href":"https:\/\/chessgamesemporium.com\/fr\/wp-json\/wp\/v2\/product\/55269","targetHints":{"allow":["GET"]}}],"collection":[{"href":"https:\/\/chessgamesemporium.com\/fr\/wp-json\/wp\/v2\/product"}],"about":[{"href":"https:\/\/chessgamesemporium.com\/fr\/wp-json\/wp\/v2\/types\/product"}],"replies":[{"embeddable":true,"href":"https:\/\/chessgamesemporium.com\/fr\/wp-json\/wp\/v2\/comments?post=55269"}],"version-history":[{"count":0,"href":"https:\/\/chessgamesemporium.com\/fr\/wp-json\/wp\/v2\/product\/55269\/revisions"}],"wp:featuredmedia":[{"embeddable":true,"href":"https:\/\/chessgamesemporium.com\/fr\/wp-json\/wp\/v2\/media\/55273"}],"wp:attachment":[{"href":"https:\/\/chessgamesemporium.com\/fr\/wp-json\/wp\/v2\/media?parent=55269"}],"wp:term":[{"taxonomy":"product_brand","embeddable":true,"href":"https:\/\/chessgamesemporium.com\/fr\/wp-json\/wp\/v2\/product_brand?post=55269"},{"taxonomy":"product_cat","embeddable":true,"href":"https:\/\/chessgamesemporium.com\/fr\/wp-json\/wp\/v2\/product_cat?post=55269"},{"taxonomy":"product_tag","embeddable":true,"href":"https:\/\/chessgamesemporium.com\/fr\/wp-json\/wp\/v2\/product_tag?post=55269"}],"curies":[{"name":"wp","href":"https:\/\/api.w.org\/{rel}","templated":true}]}}